{"id":10527,"date":"2024-09-13T18:38:50","date_gmt":"2024-09-13T18:38:50","guid":{"rendered":"https:\/\/tarn.lpo.fr\/?page_id=10527"},"modified":"2024-09-23T14:53:22","modified_gmt":"2024-09-23T14:53:22","slug":"carte-interactive-des-benevoles","status":"publish","type":"page","link":"https:\/\/tarn.lpo.fr\/?page_id=10527","title":{"rendered":"Carte interactive des b\u00e9n\u00e9voles"},"content":{"rendered":"<p style=\"text-align: justify;\">Cette carte interactive pr\u00e9sente les personnes r\u00e9f\u00e9rentes sur le d\u00e9partement. En fonction de votre zone g\u00e9ographique, vous pouvez contacter la personne r\u00e9f\u00e9rente.<\/p>\n<p><a href=\"http:\/\/u.osmfr.org\/m\/832195\/\" target=\"_blank\" rel=\"noopener\"><img loading=\"lazy\" decoding=\"async\" class=\"wp-image-7789 size-medium\" src=\"https:\/\/tarn.lpo.fr\/wp-content\/uploads\/2023\/11\/Carte_Interactive-300x175.jpg\" alt=\"\" width=\"300\" height=\"175\" srcset=\"https:\/\/tarn.lpo.fr\/wp-content\/uploads\/2023\/11\/Carte_Interactive-300x175.jpg 300w, https:\/\/tarn.lpo.fr\/wp-content\/uploads\/2023\/11\/Carte_Interactive-1024x596.jpg 1024w, https:\/\/tarn.lpo.fr\/wp-content\/uploads\/2023\/11\/Carte_Interactive-768x447.jpg 768w, https:\/\/tarn.lpo.fr\/wp-content\/uploads\/2023\/11\/Carte_Interactive-652x380.jpg 652w, https:\/\/tarn.lpo.fr\/wp-content\/uploads\/2023\/11\/Carte_Interactive.jpg 1523w\" sizes=\"auto, (max-width: 300px) 100vw, 300px\" \/><\/a><br \/>\n<a href=\"http:\/\/u.osmfr.org\/m\/832195\/\" target=\"_blank\" rel=\"noopener\">Acc\u00e9der \u00e0 la carte interactive<\/a><\/p>\n<p><a href=\"https:\/\/www.youtube.com\/watch?v=bGZsOjwhKBU&amp;t=13s\" target=\"_blank\" rel=\"noopener\">Lien vers une vid\u00e9o expliquant le fonctionnement de cette carte<\/a><br \/>\n<a href=\"https:\/\/tarn.lpo.fr\/wp-content\/uploads\/2023\/12\/Carte-interactive.pdf\" target=\"_blank\" rel=\"noopener\">Lien vers un document expliquant le fonctionnement de cette carte<\/a><\/p>\n<p style=\"text-align: justify;\"><strong>Mise en relation : <\/strong><a class=\"mailto-link\" tabindex=\"9999\" href=\"mailto:referentLPO81@proton.me\" target=\"_blank\" rel=\"noopener\">referentLPO81@proton.me<\/a><br \/>\nVous pourrez faire votre demande de mise en relation par l\u2019interm\u00e9diaire de cette adresse mail. Vos demandes seront transf\u00e9r\u00e9es \u00e0 la bonne personne. Il faudra pr\u00e9ciser vos coordonn\u00e9es, vos souhaits et votre zone g\u00e9ographique.<\/p>\n","protected":false},"excerpt":{"rendered":"<p>Cette carte interactive pr\u00e9sente les personnes r\u00e9f\u00e9rentes sur le d\u00e9partement. En fonction de votre zone g\u00e9ographique, vous pouvez contacter la personne r\u00e9f\u00e9rente. Acc\u00e9der \u00e0 la carte interactive Lien vers une vid\u00e9o expliquant le fonctionnement de cette carte Lien vers un document expliquant le fonctionnement de cette carte Mise en relation : referentLPO81@proton.me Vous pourrez faire &hellip; <\/p>\n<p><a class=\"more-link btn\" href=\"https:\/\/tarn.lpo.fr\/?page_id=10527\">Lire la suite<\/a><\/p>\n","protected":false},"author":2,"featured_media":7789,"parent":164,"menu_order":9,"comment_status":"closed","ping_status":"closed","template":"","meta":{"ngg_post_thumbnail":0,"footnotes":""},"class_list":["post-10527","page","type-page","status-publish","has-post-thumbnail","hentry","nodate","item-wrap"],"_links":{"self":[{"href":"https:\/\/tarn.lpo.fr\/index.php?rest_route=\/wp\/v2\/pages\/10527","targetHints":{"allow":["GET"]}}],"collection":[{"href":"https:\/\/tarn.lpo.fr\/index.php?rest_route=\/wp\/v2\/pages"}],"about":[{"href":"https:\/\/tarn.lpo.fr\/index.php?rest_route=\/wp\/v2\/types\/page"}],"author":[{"embeddable":true,"href":"https:\/\/tarn.lpo.fr\/index.php?rest_route=\/wp\/v2\/users\/2"}],"replies":[{"embeddable":true,"href":"https:\/\/tarn.lpo.fr\/index.php?rest_route=%2Fwp%2Fv2%2Fcomments&post=10527"}],"version-history":[{"count":0,"href":"https:\/\/tarn.lpo.fr\/index.php?rest_route=\/wp\/v2\/pages\/10527\/revisions"}],"up":[{"embeddable":true,"href":"https:\/\/tarn.lpo.fr\/index.php?rest_route=\/wp\/v2\/pages\/164"}],"wp:featuredmedia":[{"embeddable":true,"href":"https:\/\/tarn.lpo.fr\/index.php?rest_route=\/wp\/v2\/media\/7789"}],"wp:attachment":[{"href":"https:\/\/tarn.lpo.fr\/index.php?rest_route=%2Fwp%2Fv2%2Fmedia&parent=10527"}],"curies":[{"name":"wp","href":"https:\/\/api.w.org\/{rel}","templated":true}]}}