{"id":11096,"date":"2025-01-06T09:43:16","date_gmt":"2025-01-06T09:43:16","guid":{"rendered":"https:\/\/tarn.lpo.fr\/?page_id=11096"},"modified":"2025-12-10T08:36:27","modified_gmt":"2025-12-10T08:36:27","slug":"atlas-reptiles-et-amphibiens-du-tarn","status":"publish","type":"page","link":"https:\/\/tarn.lpo.fr\/?page_id=11096","title":{"rendered":"Atlas Reptiles et Amphibiens du Tarn"},"content":{"rendered":"<p style=\"text-align: justify;\"><span style=\"font-size: 18px;\"><strong>Atlas reptiles et amphibiens du Tarn &#8211; 2025<\/strong><\/span><br \/>\nLa r\u00e9daction d\u2019un atlas d\u00e9partemental des reptiles, mais aussi des amphibiens, a d\u00e9but\u00e9 en 2024, avec un projet d\u2019\u00e9dition de l\u2019ouvrage au premier semestre 2026. Pourquoi r\u00e9diger un tel ouvrage ?<\/p>\n<div id=\"attachment_11822\" style=\"width: 300px\" class=\"wp-caption alignleft\"><a href=\"https:\/\/tarn.lpo.fr\/?attachment_id=11822\" rel=\"attachment wp-att-11822\"><img loading=\"lazy\" decoding=\"async\" aria-describedby=\"caption-attachment-11822\" class=\"size-medium wp-image-11822\" src=\"https:\/\/tarn.lpo.fr\/wp-content\/uploads\/2025\/05\/Image_lezard_ocele_SA-300x225.jpg\" alt=\"\" width=\"300\" height=\"225\" srcset=\"https:\/\/tarn.lpo.fr\/wp-content\/uploads\/2025\/05\/Image_lezard_ocele_SA-300x225.jpg 300w, https:\/\/tarn.lpo.fr\/wp-content\/uploads\/2025\/05\/Image_lezard_ocele_SA-1024x768.jpg 1024w, https:\/\/tarn.lpo.fr\/wp-content\/uploads\/2025\/05\/Image_lezard_ocele_SA-768x576.jpg 768w, https:\/\/tarn.lpo.fr\/wp-content\/uploads\/2025\/05\/Image_lezard_ocele_SA-1536x1152.jpg 1536w, https:\/\/tarn.lpo.fr\/wp-content\/uploads\/2025\/05\/Image_lezard_ocele_SA-2048x1536.jpg 2048w, https:\/\/tarn.lpo.fr\/wp-content\/uploads\/2025\/05\/Image_lezard_ocele_SA-652x489.jpg 652w\" sizes=\"auto, (max-width: 300px) 100vw, 300px\" \/><\/a><p id=\"caption-attachment-11822\" class=\"wp-caption-text\">\u00ab\u00a0M\u00e2le adulte de L\u00e9zard ocell\u00e9 en insolation, commune de Penne\u00a9S\u00e9bastien Albinet<\/p><\/div>\n<p style=\"text-align: justify;\">Tout d\u2019abord, parce qu\u2019il n\u2019y a jamais eu d\u2019ouvrage de ce type r\u00e9dig\u00e9 sp\u00e9cifiquement pour le d\u00e9partement du Tarn. Un atlas pour la r\u00e9gion Midi-Pyr\u00e9n\u00e9es a \u00e9t\u00e9 r\u00e9alis\u00e9 en 2008 (Pottier et coll. 2018), et un atlas pour la r\u00e9gion Languedoc-Roussillon, couvrant en partie certains d\u00e9partements frontaliers dont le Tarn, a ensuite \u00e9t\u00e9 publi\u00e9 quatre ans plus tard (Geniez &amp; Cheylan 2012). Ces ouvrages de remarquable facture ont permis de r\u00e9aliser un premier \u00e9tat des lieux \u00e0 une \u00e9chelle supra-d\u00e9partementale, de susciter des vocations, de mettre l\u2019accent sur les secteurs pr\u00e9sentant des lacunes de connaissances et ainsi d\u2019orienter les recherche pour mieux conna\u00eetre certaines esp\u00e8ces. Parall\u00e8lement, les cr\u00e9ations de bases de donn\u00e9es naturalistes en ligne, notamment www.faune-tarn-aveyron.org en 2011, l\u2019av\u00e8nement des smartphones et l\u2019adoption de la 3G, puis de la 4G, ont consid\u00e9rablement facilit\u00e9 la transmission des donn\u00e9es naturalistes, permettant la r\u00e9colte en moins de 15 ans de bien plus de donn\u00e9es qu\u2019il n\u2019y en a eu jusqu\u2019au d\u00e9but des ann\u00e9es 2010.<\/p>\n<div id=\"attachment_11825\" style=\"width: 300px\" class=\"wp-caption alignleft\"><a href=\"https:\/\/tarn.lpo.fr\/?attachment_id=11825\" rel=\"attachment wp-att-11825\"><img loading=\"lazy\" decoding=\"async\" aria-describedby=\"caption-attachment-11825\" class=\"size-medium wp-image-11825\" src=\"https:\/\/tarn.lpo.fr\/wp-content\/uploads\/2025\/05\/Image_Vipere_aspic_adulte_SA-300x200.jpg\" alt=\"\" width=\"300\" height=\"200\" srcset=\"https:\/\/tarn.lpo.fr\/wp-content\/uploads\/2025\/05\/Image_Vipere_aspic_adulte_SA-300x200.jpg 300w, https:\/\/tarn.lpo.fr\/wp-content\/uploads\/2025\/05\/Image_Vipere_aspic_adulte_SA-1024x683.jpg 1024w, https:\/\/tarn.lpo.fr\/wp-content\/uploads\/2025\/05\/Image_Vipere_aspic_adulte_SA-768x512.jpg 768w, https:\/\/tarn.lpo.fr\/wp-content\/uploads\/2025\/05\/Image_Vipere_aspic_adulte_SA-1536x1024.jpg 1536w, https:\/\/tarn.lpo.fr\/wp-content\/uploads\/2025\/05\/Image_Vipere_aspic_adulte_SA-2048x1365.jpg 2048w, https:\/\/tarn.lpo.fr\/wp-content\/uploads\/2025\/05\/Image_Vipere_aspic_adulte_SA-652x435.jpg 652w\" sizes=\"auto, (max-width: 300px) 100vw, 300px\" \/><\/a><p id=\"caption-attachment-11825\" class=\"wp-caption-text\">Vip\u00e8re aspic adulte\u00a9S\u00e9bastien ALBINET<\/p><\/div>\n<p style=\"text-align: justify;\">Si 11 583 observations de reptiles ont \u00e9t\u00e9 utilis\u00e9es pour la r\u00e9alisation de l\u2019atlas r\u00e9gional de Pottier et coll. (2008), nous avons \u00e0 ce jour \u00e0 disposition plus de 12 400 donn\u00e9es de reptiles pour le seul d\u00e9partement du Tarn. L\u2019int\u00e9r\u00eat de la publication d\u2019un tel ouvrage r\u00e9sidera donc dans la prise en compte de toutes ces nouvelles donn\u00e9es, afin de dresser le premier \u00e9tat des lieux d\u00e9partemental concernant ces esp\u00e8ces.<\/p>\n<p style=\"text-align: justify;\">Cet ouvrage aura vocation d\u2019informer et de sensibiliser le grand public, les d\u00e9cideurs et les am\u00e9nageurs \u00e0 la pr\u00e9sence de ces esp\u00e8ces, au travers d\u2019informations fiables et p\u00e9dagogiques (identification, r\u00e9partition, \u00e9cologie, menaces), et ainsi de stimuler l\u2019int\u00e9r\u00eat pour leur pr\u00e9servation.<\/p>\n<p>Si vous aussi, vous avez photographi\u00e9 des reptiles et des amphibiens dans le Tarn vous pouvez envoyer votre photo \u00e0 S\u00e9bastien Albinet par mail :&nbsp; <span style=\"color: #ff6600;\">albinet_sebastien@hotmail.com<\/span> en indiquant le lieu o\u00f9 a \u00e9t\u00e9 prise votre photo et si possible indiquer la date.<\/p>\n<ul>\n<li><a href=\"https:\/\/tarn.lpo.fr\/wp-content\/uploads\/2025\/01\/Atlas-reptiles-du-Tarn-001.pdf\" target=\"_blank\" rel=\"noopener\">Les Reptiles du Tarn. (Courrier de l&rsquo;Hirondelle n\u00b0157 de Janvier 2025).<\/a><\/li>\n<li><a href=\"https:\/\/tarn.lpo.fr\/wp-content\/uploads\/2025\/02\/Atlas-reptiles-du-Tarn-2.pdf\" target=\"_blank\" rel=\"noopener\">Les grenouilles brunes du Tarn. (Courrier de l&rsquo;Hirondelle n\u00b0158 de F\u00e9vrier 2025).<\/a><\/li>\n<li><a href=\"https:\/\/tarn.lpo.fr\/wp-content\/uploads\/2025\/03\/La-vipere-aspic-Tarn.pdf\" target=\"_blank\" rel=\"noopener\">La Vip\u00e8re aspic dans le Tarn. (Courrier de l&rsquo;Hirondelle n\u00b0159 de Mars 2025).<\/a><\/li>\n<li><a href=\"https:\/\/tarn.lpo.fr\/wp-content\/uploads\/2025\/04\/La_couleuvre_verte_et_jaune_dans_le_Tarn.pdf\">La Couleuvre verte et jaune dans le Tarn. (Courrier de l&rsquo;Hirondelle n\u00b0160 d&rsquo;Avril 2025)<\/a><\/li>\n<li><a href=\"https:\/\/tarn.lpo.fr\/wp-content\/uploads\/2025\/05\/La_salamandre_tachetee_dans_le_Tarn.pdf\">La Salamandre tachet\u00e9e dans le Tarn. (Courrier de l&rsquo;Hirondelle n\u00b0161 de Mai 2025)<\/a><\/li>\n<li><a href=\"https:\/\/tarn.lpo.fr\/wp-content\/uploads\/2025\/06\/La-Tarente-de-Mauretanie.pdf\">La Tarente de Maur\u00e9tanie dans le Tarn. (Courrier de l&rsquo;Hirondelle n\u00b0162 de Juin 2025)<\/a><\/li>\n<li><a href=\"https:\/\/tarn.lpo.fr\/wp-content\/uploads\/2025\/07\/Atlas_reptiles_du_Tarn_Lezard_C_M.pdf\"><span class=\"OYPEnA font-feature-liga-off font-feature-clig-off font-feature-calt-off text-decoration-none text-strikethrough-none\">Le L\u00e9z<\/span><span class=\"OYPEnA font-feature-liga-off font-feature-clig-off font-feature-calt-off text-decoration-none text-strikethrough-none\">ard catalan : crit\u00e8res de d\u00e9termination et r\u00e9partition tarnaise. (Courrier de l&rsquo;Hirondelle n\u00b0163-164 de juillet-ao\u00fbt 2025)<\/span><\/a><\/li>\n<li><a href=\"https:\/\/tarn.lpo.fr\/wp-content\/uploads\/2025\/09\/La-grenouille-rieuse-dans-le-Tarn.pdf\"><span class=\"a_GcMg font-feature-liga-off font-feature-clig-off font-feature-calt-off text-decoration-none text-strikethrough-none\">La grenouille rieuse dans le Tarn (Courrier de l&rsquo;Hirondelle n\u00b0 165)<\/span><\/a><\/li>\n<li><a href=\"https:\/\/tarn.lpo.fr\/wp-content\/uploads\/2025\/10\/La-couleuvre-viperine-dans-le-Tarn.pdf\">La couleuvre vip\u00e9rine dans le Tarn (Courrier de l&rsquo;Hirondelle n\u00b0 166)<\/a><\/li>\n<li><a href=\"https:\/\/tarn.lpo.fr\/wp-content\/uploads\/2025\/11\/La-couleuvre-Helvetique-dans-le-Tarn.pdf\">La couleuvre Helv\u00e9tique dans le Tarn (Courrier de l&rsquo;Hirondelle n\u00b0 167 de novembre 2025)<\/a><\/li>\n<li><a href=\"https:\/\/tarn.lpo.fr\/wp-content\/uploads\/2025\/12\/La-couleuvre-dEsculape-dans-le-Tarn.pdf\">La couleuvre d&rsquo;Esculape dans le Tarn (Courrier de l&rsquo;Hirondelle n\u00b0168 de d\u00e9cembre 2025)<\/a><\/li>\n<\/ul>\n","protected":false},"excerpt":{"rendered":"<p>Atlas reptiles et amphibiens du Tarn &#8211; 2025 La r\u00e9daction d\u2019un atlas d\u00e9partemental des reptiles, mais aussi des amphibiens, a d\u00e9but\u00e9 en 2024, avec un projet d\u2019\u00e9dition de l\u2019ouvrage au premier semestre 2026. Pourquoi r\u00e9diger un tel ouvrage ? Tout d\u2019abord, parce qu\u2019il n\u2019y a jamais eu d\u2019ouvrage de ce type r\u00e9dig\u00e9 sp\u00e9cifiquement pour le &hellip; <\/p>\n<p><a class=\"more-link btn\" href=\"https:\/\/tarn.lpo.fr\/?page_id=11096\">Lire la suite<\/a><\/p>\n","protected":false},"author":7,"featured_media":0,"parent":321,"menu_order":1,"comment_status":"closed","ping_status":"closed","template":"","meta":{"ngg_post_thumbnail":0,"footnotes":""},"class_list":["post-11096","page","type-page","status-publish","hentry","nodate","item-wrap"],"_links":{"self":[{"href":"https:\/\/tarn.lpo.fr\/index.php?rest_route=\/wp\/v2\/pages\/11096","targetHints":{"allow":["GET"]}}],"collection":[{"href":"https:\/\/tarn.lpo.fr\/index.php?rest_route=\/wp\/v2\/pages"}],"about":[{"href":"https:\/\/tarn.lpo.fr\/index.php?rest_route=\/wp\/v2\/types\/page"}],"author":[{"embeddable":true,"href":"https:\/\/tarn.lpo.fr\/index.php?rest_route=\/wp\/v2\/users\/7"}],"replies":[{"embeddable":true,"href":"https:\/\/tarn.lpo.fr\/index.php?rest_route=%2Fwp%2Fv2%2Fcomments&post=11096"}],"version-history":[{"count":0,"href":"https:\/\/tarn.lpo.fr\/index.php?rest_route=\/wp\/v2\/pages\/11096\/revisions"}],"up":[{"embeddable":true,"href":"https:\/\/tarn.lpo.fr\/index.php?rest_route=\/wp\/v2\/pages\/321"}],"wp:attachment":[{"href":"https:\/\/tarn.lpo.fr\/index.php?rest_route=%2Fwp%2Fv2%2Fmedia&parent=11096"}],"curies":[{"name":"wp","href":"https:\/\/api.w.org\/{rel}","templated":true}]}}