{"id":165,"date":"2018-01-21T14:06:45","date_gmt":"2018-01-21T14:06:45","guid":{"rendered":"http:\/\/lpotarn.davidalquier.fr\/?page_id=42"},"modified":"2025-08-13T12:26:13","modified_gmt":"2025-08-13T12:26:13","slug":"rnr-cambounet-sur-le-sor","status":"publish","type":"page","link":"https:\/\/tarn.lpo.fr\/?page_id=165","title":{"rendered":"La RNR de Cambounet-sur-le-Sor"},"content":{"rendered":"<p style=\"text-align: justify;\"><img loading=\"lazy\" decoding=\"async\" class=\" wp-image-12182 alignright\" src=\"https:\/\/tarn.lpo.fr\/wp-content\/uploads\/2025\/08\/Fleurs_graphiques_RNR_Cambounet_2.png\" alt=\"\" width=\"311\" height=\"345\" srcset=\"https:\/\/tarn.lpo.fr\/wp-content\/uploads\/2025\/08\/Fleurs_graphiques_RNR_Cambounet_2.png 1796w, https:\/\/tarn.lpo.fr\/wp-content\/uploads\/2025\/08\/Fleurs_graphiques_RNR_Cambounet_2-270x300.png 270w, https:\/\/tarn.lpo.fr\/wp-content\/uploads\/2025\/08\/Fleurs_graphiques_RNR_Cambounet_2-923x1024.png 923w, https:\/\/tarn.lpo.fr\/wp-content\/uploads\/2025\/08\/Fleurs_graphiques_RNR_Cambounet_2-768x852.png 768w, https:\/\/tarn.lpo.fr\/wp-content\/uploads\/2025\/08\/Fleurs_graphiques_RNR_Cambounet_2-1385x1536.png 1385w, https:\/\/tarn.lpo.fr\/wp-content\/uploads\/2025\/08\/Fleurs_graphiques_RNR_Cambounet_2-652x723.png 652w\" sizes=\"auto, (max-width: 311px) 100vw, 311px\" \/>Situ\u00e9e dans la plaine alluviale du Sor et de l\u2019Agout \u00e0 l\u2019ouest de Castres, la R\u00e9serve Naturelle R\u00e9gionale de Cambounet-sur-le-Sor est constitu\u00e9e de plusieurs bassins d\u2019anciennes gravi\u00e8res, en grande partie colonis\u00e9s par de la v\u00e9g\u00e9tation aquatique. L\u2019int\u00e9r\u00eat du site r\u00e9side essentiellement dans la pr\u00e9sence d\u2019une importante colonie d\u2019ard\u00e9id\u00e9s (h\u00e9rons).&nbsp;<\/p>\n<p style=\"text-align: justify;\">Membre du r\u00e9seau \u00ab\u00a0R\u00e9serves Naturelles de France\u00a0\u00bb (RNF) depuis 1993, son statut a \u00e9volu\u00e9 pour devenir une \u00ab\u00a0R\u00e9serve naturelle r\u00e9gionale\u00a0\u00bb, en novembre 2013. Elle est co-g\u00e9r\u00e9e par la LPO Tarn et la Communaut\u00e9 de Communes Sor &amp; Agout.<\/p>\n<p><span style=\"color: #333333; font-size: 14pt;\">Retrouvez toutes les informations sur la RNR<\/span> : <a href=\"http:\/\/www.rnrcambounet.fr\/\" target=\"_blank\" rel=\"noopener noreferrer\">http:\/\/www.rnrcambounet.fr\/<\/a><\/p>\n<p><span style=\"color: #333333; font-size: 14pt;\">Visualisez le clip de pr\u00e9sentation <\/span>: <a href=\"https:\/\/www.youtube.com\/watch?v=khIrP0-tC0c\" target=\"_blank\" rel=\"noopener\">https:\/\/www.youtube.com\/watch?v=khIrP0-tC0c<\/a><\/p>\n<div id=\"attachment_2137\" style=\"width: 652px\" class=\"wp-caption aligncenter\"><img loading=\"lazy\" decoding=\"async\" aria-describedby=\"caption-attachment-2137\" class=\"wp-image-2137 size-large\" src=\"https:\/\/tarn.lpo.fr\/wp-content\/uploads\/2020\/01\/RIG_6852-1024x680.jpg\" alt=\"\" width=\"652\" height=\"433\" srcset=\"https:\/\/tarn.lpo.fr\/wp-content\/uploads\/2020\/01\/RIG_6852-1024x680.jpg 1024w, https:\/\/tarn.lpo.fr\/wp-content\/uploads\/2020\/01\/RIG_6852-300x199.jpg 300w, https:\/\/tarn.lpo.fr\/wp-content\/uploads\/2020\/01\/RIG_6852-768x510.jpg 768w, https:\/\/tarn.lpo.fr\/wp-content\/uploads\/2020\/01\/RIG_6852-1536x1020.jpg 1536w, https:\/\/tarn.lpo.fr\/wp-content\/uploads\/2020\/01\/RIG_6852-2048x1360.jpg 2048w\" sizes=\"auto, (max-width: 652px) 100vw, 652px\" \/><p id=\"caption-attachment-2137\" class=\"wp-caption-text\"><em>Bassin nord (Cr\u00e9dit photo : P. Rigou)<\/em><\/p><\/div>\n<h4 style=\"text-align: justify;\"><strong><span style=\"font-size: 20px;\">Venir \u00e0 la r\u00e9serve<\/span><\/strong><\/h4>\n<p style=\"text-align: justify;\">A partir du rond point de Soual, sur la N126, suivre les panneaux \u00ab\u00a0R\u00e9serve Naturelle\u00a0\u00bb qui vous conduiront au parking du b\u00e2timent d&rsquo;information situ\u00e9 sur la pointe sud de la r\u00e9serve.&nbsp; Vous pouvez \u00e9galement acc\u00e9der \u00e0 la r\u00e9serve depuis la Base de loisirs des \u00e9tangs. Plusieurs chemins au d\u00e9part des parkings permettent de rejoindre rapidement la r\u00e9serve \u00e0 pied. Sur la N126, la Base de loisirs se situe \u00e0 gauche en venant de Soual, ou \u00e0 droite en venant de Castres.<\/p>\n<p style=\"text-align: justify;\"><img loading=\"lazy\" decoding=\"async\" class=\"wp-image-12178 aligncenter\" src=\"https:\/\/tarn.lpo.fr\/wp-content\/uploads\/2025\/08\/Carte_GP.png\" alt=\"\" width=\"621\" height=\"613\" srcset=\"https:\/\/tarn.lpo.fr\/wp-content\/uploads\/2025\/08\/Carte_GP.png 879w, https:\/\/tarn.lpo.fr\/wp-content\/uploads\/2025\/08\/Carte_GP-300x296.png 300w, https:\/\/tarn.lpo.fr\/wp-content\/uploads\/2025\/08\/Carte_GP-768x758.png 768w, https:\/\/tarn.lpo.fr\/wp-content\/uploads\/2025\/08\/Carte_GP-652x644.png 652w\" sizes=\"auto, (max-width: 621px) 100vw, 621px\" \/><\/p>\n<p><strong><span style=\"font-size: 20px;\">Diagnostic d&rsquo;Ancrage Territorial<\/span><\/strong><\/p>\n<p class=\"ox-d69811cc62-elementToProof\" style=\"text-align: justify;\"><b><i>\u00ab<\/i><\/b><b><i>&nbsp;<\/i><\/b><i>Le&nbsp;<\/i><b><i>Diagnostic d\u2019Ancrage Territorial<\/i><\/b><i>&nbsp;<\/i><i>vise \u00e0 apporter aux gestionnaires un \u00e9tat de r\u00e9f\u00e9rence puis des recommandations pour am\u00e9liorer l\u2019int\u00e9gration de leur site. Il permet \u00e9galement de mieux comprendre, ma\u00eetriser et dynamiser les interactions de ce dernier avec son territoire.<\/i><\/p>\n<p style=\"text-align: justify;\"><i>Mesurer cet ancrage permet le partage et le soutien du projet de protection par les acteurs locaux eux-m\u00eames, dont les habitants et leurs \u00e9lus.<\/i><\/p>\n<p class=\"ox-d69811cc62-elementToProof\" style=\"text-align: justify;\"><i>En retour, pour les acteurs locaux, l\u2019ancrage d\u2019une aire prot\u00e9g\u00e9e dans son territoire est gage d\u2019un d\u00e9veloppement local plus durable, respectueux du patrimoine naturel&nbsp;<\/i><b><i>\u00bb.&nbsp; &nbsp;<\/i><\/b><b><i>ancrage.reserves-naturelles.org<\/i><\/b><\/p>\n<p class=\"ox-d69811cc62-elementToProof\" style=\"text-align: justify;\">Le Diagnostic d&rsquo;Ancrage Territorial a \u00e9t\u00e9 r\u00e9alis\u00e9 par Marie Minmeister en 2023. Vous trouverez le rapport complet ainsi qu&rsquo;une version synth\u00e9tique, ci-dessous. Bonne lecture !<\/p>\n<p><a href=\"https:\/\/tarn.lpo.fr\/wp-content\/uploads\/2024\/02\/MINMEISTER_Marie_Rapport-technique-1.pdf\">T\u00e9l\u00e9charger le Diagnostic d&rsquo;Ancrage Territorial.<\/a><\/p>\n<p><a href=\"https:\/\/tarn.lpo.fr\/wp-content\/uploads\/2024\/02\/Synthese-DAT-RNR-Cambounet-sur-le-Sor.pdf\">T\u00e9l\u00e9charger le Diagnostic d&rsquo;Ancrage Territorial (Version synth\u00e9tique).<\/a><\/p>\n<p style=\"text-align: justify;\">&nbsp;<\/p>\n","protected":false},"excerpt":{"rendered":"<p>Situ\u00e9e dans la plaine alluviale du Sor et de l\u2019Agout \u00e0 l\u2019ouest de Castres, la R\u00e9serve Naturelle R\u00e9gionale de Cambounet-sur-le-Sor est constitu\u00e9e de plusieurs bassins d\u2019anciennes gravi\u00e8res, en grande partie colonis\u00e9s par de la v\u00e9g\u00e9tation aquatique. L\u2019int\u00e9r\u00eat du site r\u00e9side essentiellement dans la pr\u00e9sence d\u2019une importante colonie d\u2019ard\u00e9id\u00e9s (h\u00e9rons).&nbsp; Membre du r\u00e9seau \u00ab\u00a0R\u00e9serves Naturelles de &hellip; <\/p>\n<p><a class=\"more-link btn\" href=\"https:\/\/tarn.lpo.fr\/?page_id=165\">Lire la suite<\/a><\/p><p><a class=\"more-link btn\" href=\"https:\/\/tarn.lpo.fr\/?page_id=165\">Lire la suite<\/a><\/p>\n","protected":false},"author":2,"featured_media":0,"parent":305,"menu_order":2,"comment_status":"closed","ping_status":"closed","template":"","meta":{"ngg_post_thumbnail":0,"footnotes":""},"class_list":["post-165","page","type-page","status-publish","hentry","nodate","item-wrap"],"_links":{"self":[{"href":"https:\/\/tarn.lpo.fr\/index.php?rest_route=\/wp\/v2\/pages\/165","targetHints":{"allow":["GET"]}}],"collection":[{"href":"https:\/\/tarn.lpo.fr\/index.php?rest_route=\/wp\/v2\/pages"}],"about":[{"href":"https:\/\/tarn.lpo.fr\/index.php?rest_route=\/wp\/v2\/types\/page"}],"author":[{"embeddable":true,"href":"https:\/\/tarn.lpo.fr\/index.php?rest_route=\/wp\/v2\/users\/2"}],"replies":[{"embeddable":true,"href":"https:\/\/tarn.lpo.fr\/index.php?rest_route=%2Fwp%2Fv2%2Fcomments&post=165"}],"version-history":[{"count":0,"href":"https:\/\/tarn.lpo.fr\/index.php?rest_route=\/wp\/v2\/pages\/165\/revisions"}],"up":[{"embeddable":true,"href":"https:\/\/tarn.lpo.fr\/index.php?rest_route=\/wp\/v2\/pages\/305"}],"wp:attachment":[{"href":"https:\/\/tarn.lpo.fr\/index.php?rest_route=%2Fwp%2Fv2%2Fmedia&parent=165"}],"curies":[{"name":"wp","href":"https:\/\/api.w.org\/{rel}","templated":true}]}}