{"id":229,"date":"2018-01-26T23:08:12","date_gmt":"2018-01-26T23:08:12","guid":{"rendered":"http:\/\/lpotarn.davidalquier.fr\/?page_id=229"},"modified":"2024-09-19T14:49:02","modified_gmt":"2024-09-19T14:49:02","slug":"partenaires","status":"publish","type":"page","link":"https:\/\/tarn.lpo.fr\/?page_id=229","title":{"rendered":"Nos partenaires"},"content":{"rendered":"<p>La LPO Tarn existe depuis de nombreuses ann\u00e9es \u00e0 travers diff\u00e9rents partenariats. Qu&rsquo;ils soient d&rsquo;ordre public, priv\u00e9 ou institutionnel, ces partenaires contribuent \u00e0 nos c\u00f4t\u00e9s \u00e0 mener des actions en faveur de la biodiversit\u00e9.<\/p>\n<table>\n<tbody>\n<tr>\n<td>\n<h3>La ville d&rsquo;Albi<\/h3>\n<p><a href=\"http:\/\/www.mairie-albi.fr\/\" target=\"_blank\" rel=\"noopener noreferrer\">http:\/\/www.mairie-albi.fr\/<\/a><\/td>\n<td><img loading=\"lazy\" decoding=\"async\" class=\"size-full wp-image-1338 alignright\" src=\"https:\/\/tarn.lpo.fr\/wp-content\/uploads\/2019\/04\/Logo_VilleAlbi.jpg\" alt=\"\" width=\"220\" height=\"100\"><\/td>\n<\/tr>\n<\/tbody>\n<\/table>\n<p>&nbsp;<\/p>\n<table>\n<tbody>\n<tr>\n<td>\n<h3>La ville de Labrugui\u00e8re<\/h3>\n<p><a href=\"http:\/\/www.labruguiere.fr\/\" target=\"_blank\" rel=\"noopener noreferrer\">http:\/\/www.labruguiere.fr\/<\/a><\/td>\n<td style=\"text-align: left;\"><img loading=\"lazy\" decoding=\"async\" class=\"alignright wp-image-5869 size-thumbnail\" src=\"https:\/\/tarn.lpo.fr\/wp-content\/uploads\/2022\/08\/Ville-de-Labruguiere-150x150.png\" alt=\"\" width=\"150\" height=\"150\"><\/td>\n<\/tr>\n<\/tbody>\n<\/table>\n<p>&nbsp;<\/p>\n<table>\n<tbody>\n<tr>\n<td>\n<h3><strong>La Communaut\u00e9 de communes Sor et Agout<\/strong><\/h3>\n<p><a href=\"https:\/\/www.communautesoragout.fr\/\" target=\"_blank\" rel=\"noopener noreferrer\">https:\/\/www.communautesoragout.fr\/<\/a><\/td>\n<td style=\"text-align: left;\"><img loading=\"lazy\" decoding=\"async\" class=\"wp-image-1354 aligncenter\" src=\"https:\/\/tarn.lpo.fr\/wp-content\/uploads\/2019\/04\/LOGO-CCSA-172x300.jpg\" alt=\"\" width=\"95\" height=\"165\" srcset=\"https:\/\/tarn.lpo.fr\/wp-content\/uploads\/2019\/04\/LOGO-CCSA-172x300.jpg 172w, https:\/\/tarn.lpo.fr\/wp-content\/uploads\/2019\/04\/LOGO-CCSA.jpg 406w\" sizes=\"auto, (max-width: 95px) 100vw, 95px\" \/><\/td>\n<\/tr>\n<\/tbody>\n<\/table>\n<p>&nbsp;<\/p>\n<table>\n<tbody>\n<tr>\n<td>\n<h3>Le Parc Naturel R\u00e9gional du Haut-Languedoc<\/h3>\n<p><a href=\"https:\/\/www.parc-haut-languedoc.fr\/\" target=\"_blank\" rel=\"noopener noreferrer\">https:\/\/www.parc-haut-languedoc.fr\/<\/a><\/td>\n<td style=\"text-align: left;\"><img loading=\"lazy\" decoding=\"async\" class=\"wp-image-1358 alignright\" src=\"https:\/\/tarn.lpo.fr\/wp-content\/uploads\/2019\/04\/Logo_PNRHL-1-256x300.jpg\" alt=\"\" width=\"128\" height=\"150\" srcset=\"https:\/\/tarn.lpo.fr\/wp-content\/uploads\/2019\/04\/Logo_PNRHL-1-256x300.jpg 256w, https:\/\/tarn.lpo.fr\/wp-content\/uploads\/2019\/04\/Logo_PNRHL-1.jpg 295w\" sizes=\"auto, (max-width: 128px) 100vw, 128px\" \/><\/td>\n<\/tr>\n<\/tbody>\n<\/table>\n<p>&nbsp;<\/p>\n<table>\n<tbody>\n<tr>\n<td>\n<h3>Le Conseil d\u00e9partemental du Tarn<\/h3>\n<p><a href=\"https:\/\/www.tarn.fr\/\" target=\"_blank\" rel=\"noopener noreferrer\">https:\/\/www.tarn.fr\/<\/a><\/td>\n<td style=\"text-align: left;\"><img loading=\"lazy\" decoding=\"async\" class=\"wp-image-2145 alignright\" src=\"https:\/\/tarn.lpo.fr\/wp-content\/uploads\/2020\/01\/Conseil-d\u00e9partemental-81.jpg\" alt=\"\" width=\"125\" height=\"127\" srcset=\"https:\/\/tarn.lpo.fr\/wp-content\/uploads\/2020\/01\/Conseil-d\u00e9partemental-81.jpg 985w, https:\/\/tarn.lpo.fr\/wp-content\/uploads\/2020\/01\/Conseil-d\u00e9partemental-81-296x300.jpg 296w, https:\/\/tarn.lpo.fr\/wp-content\/uploads\/2020\/01\/Conseil-d\u00e9partemental-81-768x779.jpg 768w\" sizes=\"auto, (max-width: 125px) 100vw, 125px\" \/><\/td>\n<\/tr>\n<\/tbody>\n<\/table>\n<p>&nbsp;<\/p>\n<table>\n<tbody>\n<tr>\n<td>\n<h3>La R\u00e9gion Occitanie<\/h3>\n<p><a href=\"https:\/\/www.laregion.fr\/\" target=\"_blank\" rel=\"noopener noreferrer\">https:\/\/www.laregion.fr\/<\/a><\/td>\n<td><img loading=\"lazy\" decoding=\"async\" class=\"wp-image-2149 alignright\" src=\"https:\/\/tarn.lpo.fr\/wp-content\/uploads\/2020\/01\/logo-Occitanie.jpg\" alt=\"\" width=\"118\" height=\"118\" srcset=\"https:\/\/tarn.lpo.fr\/wp-content\/uploads\/2020\/01\/logo-Occitanie.jpg 630w, https:\/\/tarn.lpo.fr\/wp-content\/uploads\/2020\/01\/logo-Occitanie-300x300.jpg 300w, https:\/\/tarn.lpo.fr\/wp-content\/uploads\/2020\/01\/logo-Occitanie-150x150.jpg 150w\" sizes=\"auto, (max-width: 118px) 100vw, 118px\" \/><\/td>\n<\/tr>\n<\/tbody>\n<\/table>\n<p>&nbsp;<\/p>\n<table>\n<tbody>\n<tr>\n<td>\n<h3><strong>L&rsquo;Office Fran\u00e7ais de la Biodiversit\u00e9<\/strong><\/h3>\n<p><a href=\"https:\/\/ofb.gouv.fr\/\" target=\"_blank\" rel=\"noopener noreferrer\">https:\/\/ofb.gouv.fr\/<\/a><\/td>\n<td style=\"text-align: left;\"><img loading=\"lazy\" decoding=\"async\" class=\"wp-image-2154 alignright\" src=\"https:\/\/tarn.lpo.fr\/wp-content\/uploads\/2020\/01\/Logo-OFB.jpg\" alt=\"\" width=\"131\" height=\"132\" srcset=\"https:\/\/tarn.lpo.fr\/wp-content\/uploads\/2020\/01\/Logo-OFB.jpg 650w, https:\/\/tarn.lpo.fr\/wp-content\/uploads\/2020\/01\/Logo-OFB-298x300.jpg 298w, https:\/\/tarn.lpo.fr\/wp-content\/uploads\/2020\/01\/Logo-OFB-150x150.jpg 150w\" sizes=\"auto, (max-width: 131px) 100vw, 131px\" \/><\/td>\n<\/tr>\n<\/tbody>\n<\/table>\n<p>&nbsp;<\/p>\n<table>\n<tbody>\n<tr>\n<td>\n<h3><strong>Les cliniques v\u00e9t\u00e9rinaires du Tarn<\/strong><\/h3>\n<\/td>\n<td style=\"text-align: left;\"><img loading=\"lazy\" decoding=\"async\" class=\"wp-image-2153 alignright\" src=\"https:\/\/tarn.lpo.fr\/wp-content\/uploads\/2020\/01\/veterinaire_logo.png\" alt=\"\" width=\"145\" height=\"145\" srcset=\"https:\/\/tarn.lpo.fr\/wp-content\/uploads\/2020\/01\/veterinaire_logo.png 500w, https:\/\/tarn.lpo.fr\/wp-content\/uploads\/2020\/01\/veterinaire_logo-300x300.png 300w, https:\/\/tarn.lpo.fr\/wp-content\/uploads\/2020\/01\/veterinaire_logo-150x150.png 150w\" sizes=\"auto, (max-width: 145px) 100vw, 145px\" \/><\/td>\n<\/tr>\n<\/tbody>\n<\/table>\n<p>&nbsp;<\/p>\n","protected":false},"excerpt":{"rendered":"<p>La LPO Tarn existe depuis de nombreuses ann\u00e9es \u00e0 travers diff\u00e9rents partenariats. Qu&rsquo;ils soient d&rsquo;ordre public, priv\u00e9 ou institutionnel, ces partenaires contribuent \u00e0 nos c\u00f4t\u00e9s \u00e0 mener des actions en faveur de la biodiversit\u00e9. La ville d&rsquo;Albi http:\/\/www.mairie-albi.fr\/ &nbsp; La ville de Labrugui\u00e8re http:\/\/www.labruguiere.fr\/ &nbsp; La Communaut\u00e9 de communes Sor et Agout https:\/\/www.communautesoragout.fr\/ &nbsp; Le &hellip; <\/p>\n<p><a class=\"more-link btn\" href=\"https:\/\/tarn.lpo.fr\/?page_id=229\">Lire la suite<\/a><\/p><p><a class=\"more-link btn\" href=\"https:\/\/tarn.lpo.fr\/?page_id=229\">Lire la suite<\/a><\/p>\n","protected":false},"author":2,"featured_media":0,"parent":164,"menu_order":7,"comment_status":"closed","ping_status":"closed","template":"","meta":{"ngg_post_thumbnail":0,"footnotes":""},"class_list":["post-229","page","type-page","status-publish","hentry","nodate","item-wrap"],"_links":{"self":[{"href":"https:\/\/tarn.lpo.fr\/index.php?rest_route=\/wp\/v2\/pages\/229","targetHints":{"allow":["GET"]}}],"collection":[{"href":"https:\/\/tarn.lpo.fr\/index.php?rest_route=\/wp\/v2\/pages"}],"about":[{"href":"https:\/\/tarn.lpo.fr\/index.php?rest_route=\/wp\/v2\/types\/page"}],"author":[{"embeddable":true,"href":"https:\/\/tarn.lpo.fr\/index.php?rest_route=\/wp\/v2\/users\/2"}],"replies":[{"embeddable":true,"href":"https:\/\/tarn.lpo.fr\/index.php?rest_route=%2Fwp%2Fv2%2Fcomments&post=229"}],"version-history":[{"count":0,"href":"https:\/\/tarn.lpo.fr\/index.php?rest_route=\/wp\/v2\/pages\/229\/revisions"}],"up":[{"embeddable":true,"href":"https:\/\/tarn.lpo.fr\/index.php?rest_route=\/wp\/v2\/pages\/164"}],"wp:attachment":[{"href":"https:\/\/tarn.lpo.fr\/index.php?rest_route=%2Fwp%2Fv2%2Fmedia&parent=229"}],"curies":[{"name":"wp","href":"https:\/\/api.w.org\/{rel}","templated":true}]}}