{"id":242,"date":"2018-01-26T23:39:31","date_gmt":"2018-01-26T22:39:31","guid":{"rendered":"http:\/\/lpotarn.davidalquier.fr\/?page_id=242"},"modified":"2025-05-15T20:03:25","modified_gmt":"2025-05-15T20:03:25","slug":"presentation","status":"publish","type":"page","link":"https:\/\/tarn.lpo.fr\/?page_id=242","title":{"rendered":"Pr\u00e9sentation"},"content":{"rendered":"<h4><strong>UN PEU D&rsquo;HISTOIRE&#8230;<\/strong><\/h4>\n<p style=\"text-align: justify;\">Cr\u00e9\u00e9 en mars 1982, le Groupe Ornithologique du Tarn (GOT) a \u0153uvr\u00e9 durant plusieurs ann\u00e9es pour la conservation du patrimoine naturel tarnais, au travers de l&rsquo;oiseau. En 1998, le GOT devient la LPO Tarn et poursuit ses objectifs en d\u00e9veloppant le partenariat (collectivit\u00e9s, administrations, associations, etc.) et des actions aupr\u00e8s du grand public.<\/p>\n<p>En octobre 2022 la LPO Tarn fusionne avec la <strong>LPO Occitanie<\/strong> et devient<strong> LPO Occitanie-D\u00e9l\u00e9gation territoriale du Tarn<\/strong>. Cette envergure r\u00e9gionale lui permet d\u00e9sormais d&rsquo;agir de mani\u00e8re coordonn\u00e9e \u00e0 l&rsquo;\u00e9chelle de l&rsquo;Occitanie.<\/p>\n<h4><strong>LA LPO DANS LE TARN<\/strong><\/h4>\n<ul>\n<li>est \u00e0 l&rsquo;origine, avec la collaboration des \u00e9lus locaux, de la cr\u00e9ation de la premi\u00e8re r\u00e9serve naturelle r\u00e9gionale de la r\u00e9gion Midi Pyr\u00e9n\u00e9es (<a href=\"https:\/\/tarn.lpo.fr\/?page_id=165\">RNR de Cambounet sur le Sor<\/a>)<\/li>\n<li>organise des sorties d&rsquo;initiation \u00e0 l&rsquo;ornithologie et de d\u00e9couverte du patrimoine naturel, ainsi que des conf\u00e9rences<\/li>\n<li>participe aux r\u00e9flexions engag\u00e9es sur la conservation du patrimoine naturel (Natura 2000, politique d\u00e9partementale sur les Espaces Naturels Sensibles, sch\u00e9ma territorial de l&rsquo;\u00e9nergie \u00e9olienne sur le territoire du Parc naturel r\u00e9gional du Haut Languedoc, etc.)<\/li>\n<li>propose des animations d&rsquo;\u00e9ducation \u00e0 l&rsquo;environnement aupr\u00e8s des \u00e9coles, coll\u00e8ges et lyc\u00e9es, mais aussi aupr\u00e8s des collectivit\u00e9s et des entreprises<\/li>\n<li>assure un relais d\u00e9partemental de r\u00e9cup\u00e9ration et de soins aux oiseaux bless\u00e9s (<a href=\"https:\/\/tarn.lpo.fr\/?page_id=312\">centre de soins de l&rsquo;avifaune sauvage<\/a>)<\/li>\n<li>co-g\u00e8re avec la LPO Lot et la LPO Aveyron la base de donn\u00e9es naturalistes <a href=\"https:\/\/tarn.lpo.fr\/?page_id=331\">Faune Occitanie<\/a> (plusieurs milliers d&rsquo;observations)<\/li>\n<li>r\u00e9alise des suivis d&rsquo;esp\u00e8ces et de milieux naturels<\/li>\n<li>r\u00e9alise des diagnostics \u00e9cologiques aupr\u00e8s d&rsquo;entreprises, d&rsquo;\u00e9tablissements scolaires et de collectivit\u00e9s, notamment dans le cadre des \u00ab\u00a0Atlas de la Biodiversit\u00e9 Communale\u00a0\u00bb<\/li>\n<li>r\u00e9pond aux sollicitions concernant la faune sauvage, vaste mission d\u00e9sign\u00e9e sous le terme de M\u00e9diation<\/li>\n<li>relaie en local les programmes de la LPO France (Refuges, Des Terres et des Ailes, etc.).<\/li>\n<\/ul>\n<h4><strong>LE CONSEIL TERRITORIAL<\/strong><\/h4>\n<p><span style=\"font-family: Averia Libre;\">Le conseil territorial est compos\u00e9 de 10 membres : David Alquier, Jean-Marc Cayla, Antonin Chesneau, Marien Fusari, Evelyne Haber, Michel Malaterre, Pauline Manens, Bruno Mercat, Elodie Massol et Dominique Vanzwynsvoorde.<br \/>\n<\/span><\/p>\n<p><span style=\"font-size: 18px;\">CONSTITUTION DU BUREAU :<\/span><\/p>\n<p><strong>Co-Pr\u00e9sidente :<\/strong> Evelyne Haber.<br \/>\n<strong>Co-Pr\u00e9sidente :<\/strong> Pauline Manens<br \/>\n<strong>Vice pr\u00e9sident :<\/strong> <span style=\"font-family: Averia Libre;\">Dominique Vanzwynsvoorde<\/span>.<br \/>\n<strong>Secr\u00e9taire :<\/strong> Elodie Massol.<br \/>\n<strong>Tr\u00e9sorier :<\/strong> David Alquier.<\/p>\n<p>&nbsp;<\/p>\n<h4><strong>L&rsquo;\u00c9QUIPE SALARI\u00c9E<\/strong><\/h4>\n<p><span style=\"font-family: Averia Libre;\">La LPO dans le Tarn est compos\u00e9e d&rsquo;un Directeur, de trois charg\u00e9s de missions, d&rsquo;un charg\u00e9 d&rsquo;\u00e9tudes et d&rsquo;une \u00e9ducatrice \u00e0 l&rsquo;environnement.<\/span><\/p>\n<h4>LES GROUPES LOCAUX DE DISCUSSIONS :<\/h4>\n<ul>\n<li>Groupe du Vaurais et Tarn-Ouest<br \/>\n(Secteur : Lavaur\/ Graulhet\/ Damiatte\/ St Sulpice\/ Giroussens)<br \/>\nContact : <a href=\"mailto:antonin.chesneau@lpo.fr\">antonin.chesneau@lpo.fr<\/a><\/li>\n<\/ul>\n<ul>\n<li>Groupe de l&rsquo;Albigeois et Tarn-Nord<br \/>\n(Secteurs : Albi\/ Carmaux\/ Cordes\/ Monts d&rsquo;Alban)<br \/>\nContact : <a href=\"mailto:pauline.manens@lpo.fr\">pauline.manens@lpo.fr<\/a><\/li>\n<\/ul>\n<h4><strong>Les CHIFFRES CL\u00c9S en 2023 :<\/strong><\/h4>\n<p>La LPO dans le Tarn compte 625 adh\u00e9rents, 487 refuges et une centaine de b\u00e9n\u00e9voles.<\/p>\n","protected":false},"excerpt":{"rendered":"<p>UN PEU D&rsquo;HISTOIRE&#8230; Cr\u00e9\u00e9 en mars 1982, le Groupe Ornithologique du Tarn (GOT) a \u0153uvr\u00e9 durant plusieurs ann\u00e9es pour la conservation du patrimoine naturel tarnais, au travers de l&rsquo;oiseau. En 1998, le GOT devient la LPO Tarn et poursuit ses objectifs en d\u00e9veloppant le partenariat (collectivit\u00e9s, administrations, associations, etc.) et des actions aupr\u00e8s du grand &hellip; <\/p>\n<p><a class=\"more-link btn\" href=\"https:\/\/tarn.lpo.fr\/?page_id=242\">Lire la suite<\/a><\/p><p><a class=\"more-link btn\" href=\"https:\/\/tarn.lpo.fr\/?page_id=242\">Lire la suite<\/a><\/p>\n","protected":false},"author":2,"featured_media":0,"parent":164,"menu_order":1,"comment_status":"closed","ping_status":"closed","template":"","meta":{"ngg_post_thumbnail":0,"footnotes":""},"class_list":["post-242","page","type-page","status-publish","hentry","nodate","item-wrap"],"_links":{"self":[{"href":"https:\/\/tarn.lpo.fr\/index.php?rest_route=\/wp\/v2\/pages\/242","targetHints":{"allow":["GET"]}}],"collection":[{"href":"https:\/\/tarn.lpo.fr\/index.php?rest_route=\/wp\/v2\/pages"}],"about":[{"href":"https:\/\/tarn.lpo.fr\/index.php?rest_route=\/wp\/v2\/types\/page"}],"author":[{"embeddable":true,"href":"https:\/\/tarn.lpo.fr\/index.php?rest_route=\/wp\/v2\/users\/2"}],"replies":[{"embeddable":true,"href":"https:\/\/tarn.lpo.fr\/index.php?rest_route=%2Fwp%2Fv2%2Fcomments&post=242"}],"version-history":[{"count":0,"href":"https:\/\/tarn.lpo.fr\/index.php?rest_route=\/wp\/v2\/pages\/242\/revisions"}],"up":[{"embeddable":true,"href":"https:\/\/tarn.lpo.fr\/index.php?rest_route=\/wp\/v2\/pages\/164"}],"wp:attachment":[{"href":"https:\/\/tarn.lpo.fr\/index.php?rest_route=%2Fwp%2Fv2%2Fmedia&parent=242"}],"curies":[{"name":"wp","href":"https:\/\/api.w.org\/{rel}","templated":true}]}}