{"id":2576,"date":"2020-03-26T14:21:59","date_gmt":"2020-03-26T14:21:59","guid":{"rendered":"https:\/\/tarn.lpo.fr\/?page_id=2576"},"modified":"2023-12-09T17:58:55","modified_gmt":"2023-12-09T17:58:55","slug":"documentation","status":"publish","type":"page","link":"https:\/\/tarn.lpo.fr\/?page_id=2576","title":{"rendered":"Documentation"},"content":{"rendered":"<p><span style=\"font-family: Averia Libre;\"><a href=\"https:\/\/tarn.lpo.fr\/?page_id=2596\"><strong><span style=\"font-size: 14pt;\">Porte plumes<\/span><\/strong><\/a><\/span><\/p>\n<p><span style=\"font-family: Averia Libre;\">Retrouvez dans cette rubrique les articles pr\u00e9sentant les livres des \u00ab\u00a0Courriers de l&rsquo;Hirondelle\u00a0\u00bb&#8230;<\/span><\/p>\n<p><span style=\"font-family: Averia Libre;\"><strong><a href=\"https:\/\/tarn.lpo.fr\/?page_id=2623\"><span style=\"font-size: 14pt;\">Bibliographie<\/span><\/a><\/strong><\/span><\/p>\n<p><span style=\"font-family: Averia Libre;\">Une br\u00e8ve pr\u00e9sentation de livres pouvant \u00eatre utiles \u00e0 ceux qui chercheraient des documents sur la biodiversit\u00e9&#8230;<\/span><\/p>\n<p><span style=\"font-size: 14pt; color: #ff6600;\">Pages internet :<\/span><br \/><em><span style=\"font-size: 12pt;\">Sur ces pages vous trouverez des informations pertinentes sur la Biodiversit\u00e9 :<\/span><\/em><\/p>\n<ul>\n<li><span style=\"font-size: 12pt;\"><a href=\"https:\/\/www.zoom-nature.fr\/de-limportance-des-mauvaises-herbes-pour-les-alouettes\/\">\u00ab\u00a0De l\u2019importance des mauvaises herbes pour les alouettes\u00a0\u00bb<\/a><br \/><\/span>\n<\/li>\n<\/ul>\n","protected":false},"excerpt":{"rendered":"<p>Porte plumes Retrouvez dans cette rubrique les articles pr\u00e9sentant les livres des \u00ab\u00a0Courriers de l&rsquo;Hirondelle\u00a0\u00bb&#8230; Bibliographie Une br\u00e8ve pr\u00e9sentation de livres pouvant \u00eatre utiles \u00e0 ceux qui chercheraient des documents sur la biodiversit\u00e9&#8230; Pages internet :Sur ces pages vous trouverez des informations pertinentes sur la Biodiversit\u00e9 : \u00ab\u00a0De l\u2019importance des mauvaises herbes pour les alouettes\u00a0\u00bb<\/p>\n","protected":false},"author":7,"featured_media":0,"parent":321,"menu_order":8,"comment_status":"closed","ping_status":"closed","template":"","meta":{"ngg_post_thumbnail":0,"footnotes":""},"class_list":["post-2576","page","type-page","status-publish","hentry","nodate","item-wrap"],"_links":{"self":[{"href":"https:\/\/tarn.lpo.fr\/index.php?rest_route=\/wp\/v2\/pages\/2576","targetHints":{"allow":["GET"]}}],"collection":[{"href":"https:\/\/tarn.lpo.fr\/index.php?rest_route=\/wp\/v2\/pages"}],"about":[{"href":"https:\/\/tarn.lpo.fr\/index.php?rest_route=\/wp\/v2\/types\/page"}],"author":[{"embeddable":true,"href":"https:\/\/tarn.lpo.fr\/index.php?rest_route=\/wp\/v2\/users\/7"}],"replies":[{"embeddable":true,"href":"https:\/\/tarn.lpo.fr\/index.php?rest_route=%2Fwp%2Fv2%2Fcomments&post=2576"}],"version-history":[{"count":0,"href":"https:\/\/tarn.lpo.fr\/index.php?rest_route=\/wp\/v2\/pages\/2576\/revisions"}],"up":[{"embeddable":true,"href":"https:\/\/tarn.lpo.fr\/index.php?rest_route=\/wp\/v2\/pages\/321"}],"wp:attachment":[{"href":"https:\/\/tarn.lpo.fr\/index.php?rest_route=%2Fwp%2Fv2%2Fmedia&parent=2576"}],"curies":[{"name":"wp","href":"https:\/\/api.w.org\/{rel}","templated":true}]}}