{"id":2702,"date":"2020-04-03T21:24:29","date_gmt":"2020-04-03T21:24:29","guid":{"rendered":"https:\/\/tarn.lpo.fr\/?page_id=2702"},"modified":"2020-09-03T21:51:27","modified_gmt":"2020-09-03T21:51:27","slug":"la-presquile-dambialet","status":"publish","type":"page","link":"https:\/\/tarn.lpo.fr\/?page_id=2702","title":{"rendered":"La presqu&rsquo;\u00eele d&rsquo;Ambialet"},"content":{"rendered":"<p style=\"text-align: justify;\"><span style=\"font-family: Averia Libre;\">A son entr\u00e9e dans notre d\u00e9partement, le Tarn a creus\u00e9 une vall\u00e9e encaiss\u00e9e dans la roche cristalline, dessinant de nombreux m\u00e9andres. Le plus remarquable d\u2019entre eux se situe au village d\u2019Ambialet o\u00f9, contraint par la r\u00e9sistance de certaines parois schisteuses, le Tarn a dessin\u00e9 une presqu\u2019\u00eele qui culmine \u00e0 294 m. Une aubaine pour la faune sauvage qui trouve dans ce paysage des habitats diversifi\u00e9s, majoritairement bois\u00e9s et rupestres, notamment pour les oiseaux qui mettent \u00e0 profit les courants ascensionnels. Une aubaine \u00e9galement pour le naturaliste qui peut se placer en hauteur pour d\u00e9tecter et suivre les \u00e9volutions de la faune<a href=\"https:\/\/tarn.lpo.fr\/wp-content\/uploads\/2020\/08\/P1080054-scaled.jpg\" rel=\"attachment wp-att-3296\"><img loading=\"lazy\" decoding=\"async\" class=\"alignleft wp-image-3296 size-medium\" src=\"https:\/\/tarn.lpo.fr\/wp-content\/uploads\/2020\/08\/P1080054-300x169.jpg\" alt=\"\" width=\"300\" height=\"169\" srcset=\"https:\/\/tarn.lpo.fr\/wp-content\/uploads\/2020\/08\/P1080054-300x169.jpg 300w, https:\/\/tarn.lpo.fr\/wp-content\/uploads\/2020\/08\/P1080054-1024x575.jpg 1024w, https:\/\/tarn.lpo.fr\/wp-content\/uploads\/2020\/08\/P1080054-768x432.jpg 768w, https:\/\/tarn.lpo.fr\/wp-content\/uploads\/2020\/08\/P1080054-1536x863.jpg 1536w, https:\/\/tarn.lpo.fr\/wp-content\/uploads\/2020\/08\/P1080054-2048x1151.jpg 2048w, https:\/\/tarn.lpo.fr\/wp-content\/uploads\/2020\/08\/P1080054-652x366.jpg 652w\" sizes=\"auto, (max-width: 300px) 100vw, 300px\" \/><\/a> sauvage sans \u00eatre vu. C\u2019est ainsi qu\u2019il est possible d\u2019observer depuis le prieur\u00e9 des chasseurs d\u2019insectes (Hirondelle de rochers, Faucon hobereau), de reptiles (Circa\u00e8te Jean-Le-Blanc), d\u2019oiseaux (Autour des palombes, Epervier d\u2019Europe), de mammif\u00e8res (Buse variable, Faucon cr\u00e9cerelle), de poissons (H\u00e9ron cendr\u00e9) ou encore la cueillette m\u00e9ticuleuse du Chevreuil. Les d\u00e9placements de l\u2019Aigle bott\u00e9, du Milan royal ou du Faucon p\u00e8lerin raviront les experts. La qui\u00e9tude des lieux pourra \u00eatre troubl\u00e9e tour \u00e0 tour par le cri rauque du Grand corbeau, le sifflement trembl\u00e9 du Milan noir, le cri \u00ab marin \u00bb du Go\u00e9land leucoph\u00e9e ou le chant de la Fauvette passerinette dont la musicalit\u00e9 en fait la meilleure artiste parmi nos fauvettes m\u00e9ridionales. Mais il faudra un \u0153il exerc\u00e9 pour d\u00e9tecter le L\u00e9zard ocell\u00e9.<\/span><\/p>\n<p style=\"text-align: justify;\"><span style=\"font-family: Averia Libre;\">Le naturaliste pourra satisfaire \u00e9galement sa curiosit\u00e9, en fonction de ses centres d\u2019int\u00e9r\u00eat, en portant attention \u00e0 l\u2019entomofaune qui r\u00e9serve bien des satisfactions (Azur\u00e9 des orpins, Macromie splendide, Gomphe semblable) ou en allant chercher sur les bords du Tarn des indices de pr\u00e9sence de la Loutre ou du Castor, en compagnie du Loriot, de la Bergeronnette des ruisseaux ou de la furtive Couleuvre vip\u00e9rine et, en hiver, du Grand cormoran ou de la Grande aigrette. Si la chance lui sourit, il pourra contacter des migrateurs empruntant la vall\u00e9e du Tarn (Cigogne noire, Balbuzard p\u00eacheur), un Tichodrome \u00e9chelette appr\u00e9ciant la vill\u00e9giature hivernale du milieu rupestre ou un Vautour fauve en prospection.<\/span><\/p>\n<p style=\"text-align: justify;\"><span style=\"font-family: Averia Libre;\"><img loading=\"lazy\" decoding=\"async\" class=\"alignleft wp-image-1935\" src=\"https:\/\/tarn.lpo.fr\/wp-content\/uploads\/2020\/01\/Bruant-proyer-006_cr-300x200.jpg\" alt=\"\" width=\"220\" height=\"147\" srcset=\"https:\/\/tarn.lpo.fr\/wp-content\/uploads\/2020\/01\/Bruant-proyer-006_cr-300x200.jpg 300w, https:\/\/tarn.lpo.fr\/wp-content\/uploads\/2020\/01\/Bruant-proyer-006_cr-1024x683.jpg 1024w, https:\/\/tarn.lpo.fr\/wp-content\/uploads\/2020\/01\/Bruant-proyer-006_cr-768x512.jpg 768w, https:\/\/tarn.lpo.fr\/wp-content\/uploads\/2020\/01\/Bruant-proyer-006_cr-1536x1024.jpg 1536w, https:\/\/tarn.lpo.fr\/wp-content\/uploads\/2020\/01\/Bruant-proyer-006_cr-2048x1365.jpg 2048w\" sizes=\"auto, (max-width: 220px) 100vw, 220px\" \/>Ne n\u00e9gligeons pas pour autant les plateaux environnants qui permettent l\u2019observation du Busard Saint-Martin, du Tarier p\u00e2tre, du Bruant proyer, de l\u2019Alouette lulu, du Pipit des arbres, de la Fauvette passerinette ou de la Pie-gri\u00e8che \u00e9corcheur, pour ne citer que quelques esp\u00e8ces. Et si vous vous attardez jusqu\u2019\u00e0 la tomb\u00e9e de la nuit, le chant grave et profond du plus grand des oiseaux nocturnes vous r\u00e9compensera d\u2019une journ\u00e9e pleinement naturelle.<\/span><\/p>\n","protected":false},"excerpt":{"rendered":"<p>A son entr\u00e9e dans notre d\u00e9partement, le Tarn a creus\u00e9 une vall\u00e9e encaiss\u00e9e dans la roche cristalline, dessinant de nombreux m\u00e9andres. Le plus remarquable d\u2019entre eux se situe au village d\u2019Ambialet o\u00f9, contraint par la r\u00e9sistance de certaines parois schisteuses, le Tarn a dessin\u00e9 une presqu\u2019\u00eele qui culmine \u00e0 294 m. Une aubaine pour la &hellip; <\/p>\n<p><a class=\"more-link btn\" href=\"https:\/\/tarn.lpo.fr\/?page_id=2702\">Lire la suite<\/a><\/p>\n","protected":false},"author":7,"featured_media":0,"parent":253,"menu_order":1,"comment_status":"closed","ping_status":"closed","template":"","meta":{"ngg_post_thumbnail":0,"footnotes":""},"class_list":["post-2702","page","type-page","status-publish","hentry","nodate","item-wrap"],"_links":{"self":[{"href":"https:\/\/tarn.lpo.fr\/index.php?rest_route=\/wp\/v2\/pages\/2702","targetHints":{"allow":["GET"]}}],"collection":[{"href":"https:\/\/tarn.lpo.fr\/index.php?rest_route=\/wp\/v2\/pages"}],"about":[{"href":"https:\/\/tarn.lpo.fr\/index.php?rest_route=\/wp\/v2\/types\/page"}],"author":[{"embeddable":true,"href":"https:\/\/tarn.lpo.fr\/index.php?rest_route=\/wp\/v2\/users\/7"}],"replies":[{"embeddable":true,"href":"https:\/\/tarn.lpo.fr\/index.php?rest_route=%2Fwp%2Fv2%2Fcomments&post=2702"}],"version-history":[{"count":0,"href":"https:\/\/tarn.lpo.fr\/index.php?rest_route=\/wp\/v2\/pages\/2702\/revisions"}],"up":[{"embeddable":true,"href":"https:\/\/tarn.lpo.fr\/index.php?rest_route=\/wp\/v2\/pages\/253"}],"wp:attachment":[{"href":"https:\/\/tarn.lpo.fr\/index.php?rest_route=%2Fwp%2Fv2%2Fmedia&parent=2702"}],"curies":[{"name":"wp","href":"https:\/\/api.w.org\/{rel}","templated":true}]}}