{"id":293,"date":"2018-02-01T22:43:31","date_gmt":"2018-02-01T21:43:31","guid":{"rendered":"http:\/\/lpotarn.davidalquier.fr\/?page_id=293"},"modified":"2023-12-09T17:45:33","modified_gmt":"2023-12-09T17:45:33","slug":"la-faune","status":"publish","type":"page","link":"https:\/\/tarn.lpo.fr\/?page_id=293","title":{"rendered":"La Faune du Tarn"},"content":{"rendered":"<p><!-- ***** OISEAU ***** --><strong><span style=\"font-size: 14pt; color: #ff6600;\">OISEAUX<\/span><\/strong><br \/>\n<a href=\"https:\/\/tarn.lpo.fr\/wp-content\/uploads\/2023\/03\/LISTE-DES-OISEAUX-DU-TARN-au-31-dec-2022.pdf\" target=\"_blank\" rel=\"noopener\">Liste des oiseaux du d\u00e9partement du Tarn au 31 d\u00e9cembre 2022<\/a><br \/>\nDes fiches d\u2019identification qui vous apportent les renseignements n\u00e9cessaires pour identifier et conna\u00eetre l\u2019\u00e9cologie des oiseaux communs.<br \/>\n<a href=\"https:\/\/tarn.lpo.fr\/wp-content\/uploads\/2020\/04\/La-Fauvette-\u00e0-t\u00eate-noire.pdf\" target=\"_blank\" rel=\"noopener\">&#8211; La Fauvette \u00e0 t\u00eate noire<\/a><br \/>\n<a href=\"https:\/\/tarn.lpo.fr\/wp-content\/uploads\/2020\/06\/Le-Pic-noir-2.pdf\" target=\"_blank\" rel=\"noopener\">&#8211; Le pic noir<\/a><br \/>\n<a href=\"https:\/\/tarn.lpo.fr\/wp-content\/uploads\/2020\/06\/LeTroglodytemignon.pdf.pdf\" target=\"_blank\" rel=\"noopener\">&#8211; Le Troglodyte mignon<\/a><br \/>\n<a href=\"https:\/\/tarn.lpo.fr\/wp-content\/uploads\/2020\/11\/lEpervier-dEurope.pdf\" target=\"_blank\" rel=\"noopener\">&#8211; L&rsquo;\u00c9pervier d&rsquo;Europe<\/a><\/p>\n<p><!-- ***** PAPILLONS ***** --><strong><span style=\"font-size: 14pt; color: #ff6600;\">PAPILLONS<\/span><\/span><\/strong><br \/>\n<a href=\"https:\/\/tarn.lpo.fr\/wp-content\/uploads\/2020\/10\/Aide-a-la-determination-des-Azures-v3.pdf\" target=\"_blank\" rel=\"noopener noreferrer\">Une aide \u00e0 la d\u00e9termination des papillons des Azur\u00e9s ( en r\u00e9gion Occitanie)<\/a><\/p>\n<p><!-- ***** RAPACES NOCTURNES ***** --><strong><span style=\"font-size: 14pt; color: #ff6600;\">RAPACES NOCTURNES DU TARN<\/span><\/span><\/strong><br \/>\nEn t\u00e9l\u00e9chargeant ce document, vous allez d\u00e9couvrir les rapaces nocturnes du Tarn : combien sont-ils ? comment les reconna\u00eet-on ? o\u00f9 vivent-ils ? que mangent-ils ? autant de questions que nous avons document\u00e9 et mis en image pour vous. Nous vous souhaitons une belle d\u00e9couverte et la LPO Tarn reste \u00e0 votre \u00e9coute, notamment si vous souhaitez participer \u00e0 une action en faveur de ces rapaces. A bient\u00f4t &#8230;<\/p>\n<p style=\"text-align: left;\">Document en attente&#8230;<\/p>\n<p><!-- ***** ARTICLES ***** --><strong><span style=\"font-size: 14pt;\"><span style=\"color: #ff6600;\">ARTICLES SUR LA FAUNE SAUVAGE<\/span><\/span><\/strong><br \/>\nDes r\u00e9cits sur les situations rencontr\u00e9es par les b\u00e9n\u00e9voles qui recueillent des oiseaux bless\u00e9s et font le suivi de certaines esp\u00e8ces.<\/p>\n<p><i><span style=\"font-size: 14pt; color: #ff6600;\"> Les p\u00e9rip\u00e9ties d&rsquo;un couple de Grands-Ducs<\/span><\/p>\n<p style=\"text-align: justify;\"><a href=\"https:\/\/tarn.lpo.fr\/?attachment_id=3707\" rel=\"attachment wp-att-3707\"><img loading=\"lazy\" decoding=\"async\" class=\"alignleft size-medium wp-image-3707\" src=\"https:\/\/tarn.lpo.fr\/wp-content\/uploads\/2020\/11\/Grand-duc-relacher-Rabastens-02\u00a9-Laurent-Gayral-300x200.jpg\" alt=\"\" width=\"300\" height=\"200\" srcset=\"https:\/\/tarn.lpo.fr\/wp-content\/uploads\/2020\/11\/Grand-duc-relacher-Rabastens-02\u00a9-Laurent-Gayral-300x200.jpg 300w, https:\/\/tarn.lpo.fr\/wp-content\/uploads\/2020\/11\/Grand-duc-relacher-Rabastens-02\u00a9-Laurent-Gayral-1024x683.jpg 1024w, https:\/\/tarn.lpo.fr\/wp-content\/uploads\/2020\/11\/Grand-duc-relacher-Rabastens-02\u00a9-Laurent-Gayral-768x512.jpg 768w, https:\/\/tarn.lpo.fr\/wp-content\/uploads\/2020\/11\/Grand-duc-relacher-Rabastens-02\u00a9-Laurent-Gayral-1536x1024.jpg 1536w, https:\/\/tarn.lpo.fr\/wp-content\/uploads\/2020\/11\/Grand-duc-relacher-Rabastens-02\u00a9-Laurent-Gayral-2048x1365.jpg 2048w, https:\/\/tarn.lpo.fr\/wp-content\/uploads\/2020\/11\/Grand-duc-relacher-Rabastens-02\u00a9-Laurent-Gayral-652x435.jpg 652w\" sizes=\"auto, (max-width: 300px) 100vw, 300px\" \/><\/a>D\u00e9but <strong>2020<\/strong>, courant janvier, je me rends sur le site de Rabastens afin de v\u00e9rifier la pr\u00e9sence du couple. M\u00e2le et femelle se r\u00e9pondent dans les environs de l\u2019aire. Les \u00e9changes sont nourris et \u00e9quivoques, nous sommes en pleine parade amoureuse. L\u2019optimisme est de rigueur pour une nouvelle reproduction. Le <strong>20 f\u00e9vrier<\/strong>, nouveau passage. La femelle est pos\u00e9e dans l\u2019aire, visiblement elle couve. Je l\u2019observe \u00e0 distance dans ma lunette terrestre, elle me jette un regard presque m\u00e9prisant puis m\u2019ignore. Elle est imperturbable\u00a0!<\/p>\n<p style=\"text-align: justify;\">Cependant, les jours passent et la situation sanitaire li\u00e9e \u00e0 la covid 19 laisse \u00e0 penser que rapidement nous allons devoir affronter un confinement. Je d\u00e9cide de revenir une nouvelle fois le <strong>3 mars<\/strong> et le constat est sans appel. Alors que je m\u2019attends \u00e0 trouver la femelle en place, l\u2019aire est vide, mais deux \u0153ufs ont bien \u00e9t\u00e9 pondus. De mon poste d\u2019observation, j\u2019attends durant plus d\u2019une heure mais rien ne se passe, pas de retour de notre future maman.\u00a0 Avec l\u2019arriv\u00e9e du mois de mai nous sommes \u00e0 nouveau autoris\u00e9s \u00e0 sortir librement. Le <strong>19<\/strong>, je d\u00e9cide de retourner sur site et je constate que l\u2019herbe a pouss\u00e9 et le nid a \u00e9t\u00e9 abandonn\u00e9 confirmant ainsi l\u2019\u00e9chec de la reproduction. Tant qu\u2019\u00e0 \u00eatre pr\u00e9sent, je me hasarde \u00e0 aller contr\u00f4ler la seconde aire qui n\u2019a plus \u00e9t\u00e9 occup\u00e9e depuis <strong>2014<\/strong>. Elle est \u00e0 environ 80 m de la premi\u00e8re. Surprise\u00a0! Je d\u00e9couvre un jeune, seul, \u00e2g\u00e9 d\u2019environ 5 semaines. Il attend patiemment le retour de sa m\u00e8re au milieu des restes de rats surmulots et d\u2019un h\u00e9risson.<\/p>\n<p style=\"text-align: justify;\"><a href=\"https:\/\/tarn.lpo.fr\/?attachment_id=3694\" rel=\"attachment wp-att-3694\"><img loading=\"lazy\" decoding=\"async\" class=\"alignleft size-medium wp-image-3694\" src=\"https:\/\/tarn.lpo.fr\/wp-content\/uploads\/2020\/11\/Grand-duc_relache_Rbastens\u00a9_Laurent_Gayral1-300x200.jpg\" alt=\"\" width=\"300\" height=\"200\" srcset=\"https:\/\/tarn.lpo.fr\/wp-content\/uploads\/2020\/11\/Grand-duc_relache_Rbastens\u00a9_Laurent_Gayral1-300x200.jpg 300w, https:\/\/tarn.lpo.fr\/wp-content\/uploads\/2020\/11\/Grand-duc_relache_Rbastens\u00a9_Laurent_Gayral1-1024x683.jpg 1024w, https:\/\/tarn.lpo.fr\/wp-content\/uploads\/2020\/11\/Grand-duc_relache_Rbastens\u00a9_Laurent_Gayral1-768x512.jpg 768w, https:\/\/tarn.lpo.fr\/wp-content\/uploads\/2020\/11\/Grand-duc_relache_Rbastens\u00a9_Laurent_Gayral1-1536x1024.jpg 1536w, https:\/\/tarn.lpo.fr\/wp-content\/uploads\/2020\/11\/Grand-duc_relache_Rbastens\u00a9_Laurent_Gayral1-2048x1365.jpg 2048w, https:\/\/tarn.lpo.fr\/wp-content\/uploads\/2020\/11\/Grand-duc_relache_Rbastens\u00a9_Laurent_Gayral1-652x435.jpg 652w\" sizes=\"auto, (max-width: 300px) 100vw, 300px\" \/><\/a>Ce que je ne sais pas encore \u00e0 ce moment pr\u00e9cis, c\u2019est que le <strong>15 mai 2020<\/strong>, soit 4 jours plus t\u00f4t, un Grand-duc d\u2019Europe, m\u00e2le, adulte a \u00e9t\u00e9 r\u00e9cup\u00e9r\u00e9 vers 23h30 au bord de la D13, une petite route de la commune de Coufouleux. Cet oiseau, certainement le m\u00e2le de Rabastens a visiblement \u00e9t\u00e9 percut\u00e9 par un v\u00e9hicule et a subi un traumatisme. Il chassait \u00e0 quelques centaines de m\u00e8tres de l\u2019aire occup\u00e9e par la femelle et son juv\u00e9nile et cherchait sa pitance dans les champs environnants au bord du Tarn.<\/p>\n<p style=\"text-align: justify;\">Mais la chance est avec ce couple. La r\u00e9activit\u00e9 de Mademoiselle Mathilde Herry la \u00ab\u00a0d\u00e9couvreuse\u00a0\u00bb, va permettre une prise en charge et un transport rapide vers le centre de sauvegarde de Castres. Ce Grand-duc va ainsi passer 9 semaines \u00e0 \u00eatre soign\u00e9 et r\u00e9\u00e9duqu\u00e9. Une fois totalement remis sur pied, nous d\u00e9cidons de lui rendre sa libert\u00e9 \u00e0 proximit\u00e9 de son territoire. Emilie Berga et Audrey Walleau salari\u00e9es de la LPO Tarn se chargent de le convoyer sur place et nous lib\u00e9rons Ma\u00eetre Bubo le 22 juillet 2020 en pr\u00e9sence d\u2019une petite dizaine de personnes.<\/p>\n<p style=\"text-align: justify;\"><a href=\"https:\/\/tarn.lpo.fr\/?attachment_id=3708\" rel=\"attachment wp-att-3708\"><img loading=\"lazy\" decoding=\"async\" class=\"alignleft size-medium wp-image-3708\" src=\"https:\/\/tarn.lpo.fr\/wp-content\/uploads\/2020\/11\/Grand-duc-relacher-Rabastens-\u00a9-Laurent-Gayral-300x200.jpg\" alt=\"\" width=\"300\" height=\"200\" srcset=\"https:\/\/tarn.lpo.fr\/wp-content\/uploads\/2020\/11\/Grand-duc-relacher-Rabastens-\u00a9-Laurent-Gayral-300x200.jpg 300w, https:\/\/tarn.lpo.fr\/wp-content\/uploads\/2020\/11\/Grand-duc-relacher-Rabastens-\u00a9-Laurent-Gayral-1024x683.jpg 1024w, https:\/\/tarn.lpo.fr\/wp-content\/uploads\/2020\/11\/Grand-duc-relacher-Rabastens-\u00a9-Laurent-Gayral-768x512.jpg 768w, https:\/\/tarn.lpo.fr\/wp-content\/uploads\/2020\/11\/Grand-duc-relacher-Rabastens-\u00a9-Laurent-Gayral-1536x1024.jpg 1536w, https:\/\/tarn.lpo.fr\/wp-content\/uploads\/2020\/11\/Grand-duc-relacher-Rabastens-\u00a9-Laurent-Gayral-2048x1365.jpg 2048w, https:\/\/tarn.lpo.fr\/wp-content\/uploads\/2020\/11\/Grand-duc-relacher-Rabastens-\u00a9-Laurent-Gayral-652x435.jpg 652w\" sizes=\"auto, (max-width: 300px) 100vw, 300px\" \/><\/a>En r\u00e9sum\u00e9, je peux confirmer qu\u2019il y a bien eu une seconde ponte sur ce site apr\u00e8s un \u00e9chec non expliqu\u00e9 mais il semble probable qu\u2019\u00e0 compter du 15 mai, la femelle ait \u00e9t\u00e9 oblig\u00e9e d\u2019assumer seule la surveillance, la chasse et le nourrissage pour son jeune.<\/p>\n<p style=\"text-align: justify;\">Enfin le 30 ao\u00fbt, j\u2019ai pu constater que le petit \u00e9tait devenu grand et volait parfaitement.<\/p>\n<p style=\"text-align: justify;\">Pour cette fois, tout est bien qui finit bien.<\/p>\n<p style=\"text-align: justify;\">Gilles Tavernier<\/p>\n<p>&nbsp;<\/p>\n<p><span style=\"color: #ff6600; font-size: 14pt;\">Vautour fauve relach\u00e9<\/span><\/p>\n<p class=\"_5RYuEA direction-ltr align-justify para-style-subtitle\" style=\"text-align: justify;\"><span class=\"SS_gjA\"><a href=\"https:\/\/tarn.lpo.fr\/?attachment_id=3706\" rel=\"attachment wp-att-3706\"><img loading=\"lazy\" decoding=\"async\" class=\"alignleft size-medium wp-image-3706\" src=\"https:\/\/tarn.lpo.fr\/wp-content\/uploads\/2020\/11\/20201014_184151-225x300.jpg\" alt=\"\" width=\"225\" height=\"300\" srcset=\"https:\/\/tarn.lpo.fr\/wp-content\/uploads\/2020\/11\/20201014_184151-225x300.jpg 225w, https:\/\/tarn.lpo.fr\/wp-content\/uploads\/2020\/11\/20201014_184151-768x1024.jpg 768w, https:\/\/tarn.lpo.fr\/wp-content\/uploads\/2020\/11\/20201014_184151-1152x1536.jpg 1152w, https:\/\/tarn.lpo.fr\/wp-content\/uploads\/2020\/11\/20201014_184151-1536x2048.jpg 1536w, https:\/\/tarn.lpo.fr\/wp-content\/uploads\/2020\/11\/20201014_184151-652x869.jpg 652w, https:\/\/tarn.lpo.fr\/wp-content\/uploads\/2020\/11\/20201014_184151-scaled.jpg 1920w\" sizes=\"auto, (max-width: 225px) 100vw, 225px\" \/><\/a>Le 12 octobre dernier, l\u2019OFB nous a signal\u00e9 la pr\u00e9sence d\u2019un Vautour fauve pr\u00e8s d\u2019une habitation sur la commune de Mazamet. Il s\u2019agissait d\u2019un jeune de l\u2019ann\u00e9e qui, encore trop <\/span><span class=\"SS_gjA\">inexp\u00e9riment\u00e9, n\u2019arrivait pas \u00e0 repartir, coinc\u00e9 entre des maisons et la for\u00eat. Apr\u00e8s un examen au centre de soins, il ne pr\u00e9sentait aucune blessure mais avait besoin d\u2019\u00eatre aliment\u00e9 avant de pouvoir le rel\u00e2cher dans un endroit plus adapt\u00e9. Gr\u00e2ce \u00e0 la collaboration avec la LPO Grands causses, ce jeune vautour a pu \u00eatre lib\u00e9r\u00e9 \u00e0 proximit\u00e9 d\u2019une placette d\u2019\u00e9quarrissage, aliment\u00e9e plusieurs fois par semaine, dans un environnement favorable, pr\u00e8s des colonies de Vautour fauve des gorges du Tarn et de la Jonte.<\/span><\/p>\n<p class=\"_5RYuEA direction-ltr align-justify para-style-subtitle\" style=\"text-align: justify;\"><span class=\"SS_gjA\">Rappelons le r\u00f4le essentiel des vautours qui contribuent au \u00ab nettoyage \u00bb naturel des grands animaux morts, notamment ceux issus de l\u2019\u00e9levage. En effet, l\u2019\u00e9quarrissage par les vautours est non polluant, non consommateur d\u2019\u00e9nergie fossile, plus efficace sur un plan sanitaire et, accessoirement, gratuit ! C\u2019est pourquoi il est important de leur maintenir une place dans nos espaces agro-pastoraux.<\/span><\/p>\n<p>Audrey Walleau<\/i><\/p>\n","protected":false},"excerpt":{"rendered":"<p>OISEAUX Liste des oiseaux du d\u00e9partement du Tarn au 31 d\u00e9cembre 2022 Des fiches d\u2019identification qui vous apportent les renseignements n\u00e9cessaires pour identifier et conna\u00eetre l\u2019\u00e9cologie des oiseaux communs. &#8211; La Fauvette \u00e0 t\u00eate noire &#8211; Le pic noir &#8211; Le Troglodyte mignon &#8211; L&rsquo;\u00c9pervier d&rsquo;Europe PAPILLONS Une aide \u00e0 la d\u00e9termination des papillons des &hellip; <\/p>\n<p><a class=\"more-link btn\" href=\"https:\/\/tarn.lpo.fr\/?page_id=293\">Lire la suite<\/a><\/p>\n","protected":false},"author":2,"featured_media":0,"parent":321,"menu_order":5,"comment_status":"closed","ping_status":"closed","template":"","meta":{"ngg_post_thumbnail":0,"footnotes":""},"class_list":["post-293","page","type-page","status-publish","hentry","nodate","item-wrap"],"_links":{"self":[{"href":"https:\/\/tarn.lpo.fr\/index.php?rest_route=\/wp\/v2\/pages\/293","targetHints":{"allow":["GET"]}}],"collection":[{"href":"https:\/\/tarn.lpo.fr\/index.php?rest_route=\/wp\/v2\/pages"}],"about":[{"href":"https:\/\/tarn.lpo.fr\/index.php?rest_route=\/wp\/v2\/types\/page"}],"author":[{"embeddable":true,"href":"https:\/\/tarn.lpo.fr\/index.php?rest_route=\/wp\/v2\/users\/2"}],"replies":[{"embeddable":true,"href":"https:\/\/tarn.lpo.fr\/index.php?rest_route=%2Fwp%2Fv2%2Fcomments&post=293"}],"version-history":[{"count":0,"href":"https:\/\/tarn.lpo.fr\/index.php?rest_route=\/wp\/v2\/pages\/293\/revisions"}],"up":[{"embeddable":true,"href":"https:\/\/tarn.lpo.fr\/index.php?rest_route=\/wp\/v2\/pages\/321"}],"wp:attachment":[{"href":"https:\/\/tarn.lpo.fr\/index.php?rest_route=%2Fwp%2Fv2%2Fmedia&parent=293"}],"curies":[{"name":"wp","href":"https:\/\/api.w.org\/{rel}","templated":true}]}}