{"id":300,"date":"2018-02-01T23:02:23","date_gmt":"2018-02-01T23:02:23","guid":{"rendered":"http:\/\/lpotarn.davidalquier.fr\/?page_id=300"},"modified":"2021-10-12T07:12:44","modified_gmt":"2021-10-12T07:12:44","slug":"publications","status":"publish","type":"page","link":"https:\/\/tarn.lpo.fr\/?page_id=300","title":{"rendered":"Nos publications"},"content":{"rendered":"<h3><span style=\"color: #0000ff; font-size: 24pt;\">OUVRAGES : <\/span><\/h3>\n<h3 style=\"text-align: justify;\">O\u00f9 voir les oiseaux dans le Tarn<\/h3>\n<p style=\"text-align: justify;\"><img loading=\"lazy\" decoding=\"async\" class=\"size-full wp-image-1150 alignleft\" src=\"https:\/\/tarn.lpo.fr\/wp-content\/uploads\/2019\/04\/Image_publication01.jpg\" alt=\"\" width=\"200\" height=\"278\">Il ne s&rsquo;agit pas d&rsquo;un guide d&rsquo;identification ou d&rsquo;un manuel sur la biologie des oiseaux, mais d&rsquo;un ouvrage pratique pour aller \u00e0 la rencontre des oiseaux au gr\u00e9 de p\u00e9r\u00e9grinations en diff\u00e9rents lieux du Tarn. Cependant, pour en faciliter l&rsquo;usage et son utilit\u00e9, des planches d&rsquo;aquarelles de Serge Nicolle ont \u00e9t\u00e9 con\u00e7ues de mani\u00e8re \u00e0 repr\u00e9senter les esp\u00e8ces d&rsquo;oiseaux par grand type de milieu.<\/p>\n<p style=\"text-align: justify;\">Tir\u00e9 \u00e0 3000 exemplaires au mois d&rsquo;avril 2005, seulement 300 exemplaires \u00e9taient disponibles fin octobre! Un nouveau tirage a \u00e9t\u00e9 effectu\u00e9 en 2006. Ce succ\u00e8s est le fruit d&rsquo;une collaboration riche et passionnante avec la maison d&rsquo;\u00e9dition Albigeoise Grand-Sud et le service Espaces-Paysages du Conseil G\u00e9n\u00e9ral du Tarn. Cette r\u00e9alisation a \u00e9galement re\u00e7u le soutien financier de la direction r\u00e9gionale de l&rsquo;\u00e9cologie et du d\u00e9veloppement durable et de l&rsquo;ancien Conseil r\u00e9gional de Midi-Pyr\u00e9n\u00e9es.<\/p>\n<p style=\"text-align: justify;\"><strong>O\u00f9 trouver cet ouvrage<\/strong>: Maisons de la presse et librairies<\/p>\n<hr>\n<h3 style=\"text-align: justify;\">Les actes du colloque sur le Faucon p\u00e8lerin<\/h3>\n<p style=\"text-align: justify;\"><img loading=\"lazy\" decoding=\"async\" class=\"size-full wp-image-1146 alignleft\" src=\"https:\/\/tarn.lpo.fr\/wp-content\/uploads\/2019\/04\/Image_publication00.jpg\" alt=\"\" width=\"200\" height=\"283\"><\/p>\n<p style=\"text-align: justify;\">Ouvrage issu du premier colloque national consacr\u00e9 au Faucon p\u00e8lerin &#8211; Albi novembre 2010.<\/p>\n<p style=\"text-align: justify;\">Richement illustr\u00e9 de photos, de graphiques, de cartes&#8230; l&rsquo;ouvrage rassemble 22 communications r\u00e9parties en 3 grands chapitres, plus 4 posters. Vous y trouverez un \u00e9tat des lieux actualis\u00e9 des derni\u00e8res connaissances acquises sur cette esp\u00e8ce mythique qui a marqu\u00e9 le mouvement de conservation des rapaces en France depuis pr\u00e8s d&rsquo;un demi-si\u00e8cle.<\/p>\n<p>&nbsp;<\/p>\n<p style=\"text-align: justify;\"><strong>O\u00f9 trouver cet ouvrage<\/strong> :<br \/>\nL&rsquo;ouvrage peut \u00eatre command\u00e9 \u00e0 la LPO Tarn au prix de 15 euros + 5 euros de frais de port et d&#8217;emballage (ch\u00e8que \u00e0 l&rsquo;ordre de la LPO Tarn)<br \/>\nLPO Tarn &#8211; Place de la Mairie &#8211; BP 20027 &#8211; 81290 LABRUGUIERE<\/p>\n<hr>\n<h3 style=\"text-align: justify;\"><strong>Les oiseaux du Parc naturel r\u00e9gional du Haut-Languedoc<\/strong><\/h3>\n<p style=\"text-align: justify;\"><img loading=\"lazy\" decoding=\"async\" class=\"size-full wp-image-1148 alignleft\" src=\"https:\/\/tarn.lpo.fr\/wp-content\/uploads\/2019\/04\/Image_publication02.jpg\" alt=\"\" width=\"200\" height=\"298\">Le Parc naturel r\u00e9gional du Haut Languedoc accueille plus de 240 esp\u00e8ces d&rsquo;oiseaux qui t\u00e9moignent de ses influences climatiques atlantique et m\u00e9diterran\u00e9enne et de la diversit\u00e9 des paysages quelles composent (Montagne Noire, Sidobre, Monts de Lacaune, Somail, Caroux Espinouse, Vall\u00e9e du Jaur, Saint Chinianais, Minervois, Faug\u00e9rois, Monts d&rsquo;Orb&#8230;). La d\u00e9couverte de la richesse du Parc et de ses oiseaux invite \u00e0 la compr\u00e9hension de l&rsquo;\u00e9volution, de la vari\u00e9t\u00e9 et aussi de la fragilit\u00e9 des habitats naturels du Haut Languedoc. C&rsquo;est pourquoi, guide de d\u00e9couverte des oiseaux, ce livre a aussi \u00e9t\u00e9 con\u00e7u pour nous initier \u00e0 la pr\u00e9servation des milieux naturels. Les nombreuses informations pratiques qui y sont donn\u00e9es, engagent \u00e0 la rencontre de l&rsquo;univers magnifique des oiseaux et \u00e0 la protection de leurs habitats.<\/p>\n<p style=\"text-align: justify;\">Amateurs, sp\u00e9cialistes ou n\u00e9ophytes, chacun prendra plaisir en lisant ces textes document\u00e9s et sensibles, illustr\u00e9s de nombreuses photos et aquarelles, \u00e0 partager la passion des 22 auteurs r\u00e9unis ici exceptionnellement. Ils nous font conna\u00eetre et appr\u00e9cier ces passionnants habitants, nicheurs r\u00e9guliers ou de passage, v\u00e9ritables indicateurs de la qualit\u00e9 de notre environnement, perp\u00e9tuelle source d&rsquo;\u00e9merveillement.<\/p>\n","protected":false},"excerpt":{"rendered":"<p>OUVRAGES : O\u00f9 voir les oiseaux dans le Tarn Il ne s&rsquo;agit pas d&rsquo;un guide d&rsquo;identification ou d&rsquo;un manuel sur la biologie des oiseaux, mais d&rsquo;un ouvrage pratique pour aller \u00e0 la rencontre des oiseaux au gr\u00e9 de p\u00e9r\u00e9grinations en diff\u00e9rents lieux du Tarn. Cependant, pour en faciliter l&rsquo;usage et son utilit\u00e9, des planches d&rsquo;aquarelles &hellip; <\/p>\n<p><a class=\"more-link btn\" href=\"https:\/\/tarn.lpo.fr\/?page_id=300\">Lire la suite<\/a><\/p><p><a class=\"more-link btn\" href=\"https:\/\/tarn.lpo.fr\/?page_id=300\">Lire la suite<\/a><\/p>\n","protected":false},"author":2,"featured_media":0,"parent":164,"menu_order":6,"comment_status":"closed","ping_status":"closed","template":"","meta":{"ngg_post_thumbnail":0,"footnotes":""},"class_list":["post-300","page","type-page","status-publish","hentry","nodate","item-wrap"],"_links":{"self":[{"href":"https:\/\/tarn.lpo.fr\/index.php?rest_route=\/wp\/v2\/pages\/300","targetHints":{"allow":["GET"]}}],"collection":[{"href":"https:\/\/tarn.lpo.fr\/index.php?rest_route=\/wp\/v2\/pages"}],"about":[{"href":"https:\/\/tarn.lpo.fr\/index.php?rest_route=\/wp\/v2\/types\/page"}],"author":[{"embeddable":true,"href":"https:\/\/tarn.lpo.fr\/index.php?rest_route=\/wp\/v2\/users\/2"}],"replies":[{"embeddable":true,"href":"https:\/\/tarn.lpo.fr\/index.php?rest_route=%2Fwp%2Fv2%2Fcomments&post=300"}],"version-history":[{"count":0,"href":"https:\/\/tarn.lpo.fr\/index.php?rest_route=\/wp\/v2\/pages\/300\/revisions"}],"up":[{"embeddable":true,"href":"https:\/\/tarn.lpo.fr\/index.php?rest_route=\/wp\/v2\/pages\/164"}],"wp:attachment":[{"href":"https:\/\/tarn.lpo.fr\/index.php?rest_route=%2Fwp%2Fv2%2Fmedia&parent=300"}],"curies":[{"name":"wp","href":"https:\/\/api.w.org\/{rel}","templated":true}]}}