{"id":3073,"date":"2020-06-05T20:27:45","date_gmt":"2020-06-05T20:27:45","guid":{"rendered":"https:\/\/tarn.lpo.fr\/?page_id=3073"},"modified":"2025-02-23T17:04:04","modified_gmt":"2025-02-23T17:04:04","slug":"le-groupe-elanion","status":"publish","type":"page","link":"https:\/\/tarn.lpo.fr\/?page_id=3073","title":{"rendered":"Le groupe Elanion"},"content":{"rendered":"<p style=\"text-align: justify;\"><span style=\"font-size: 18px;\"><u>Participez au suivi de l\u2019installation de l\u2019\u00e9lanion blanc dans le Tarn<\/u><\/span><\/p>\n<p style=\"text-align: justify;\"><img loading=\"lazy\" decoding=\"async\" class=\"alignleft wp-image-3028 size-medium\" src=\"https:\/\/tarn.lpo.fr\/wp-content\/uploads\/2020\/05\/Jeunes-de-lann\u00e9e-Florentin-avril-2020-DSCN0559s-144x300.jpg\" alt=\"\" width=\"144\" height=\"300\" srcset=\"https:\/\/tarn.lpo.fr\/wp-content\/uploads\/2020\/05\/Jeunes-de-lann\u00e9e-Florentin-avril-2020-DSCN0559s-144x300.jpg 144w, https:\/\/tarn.lpo.fr\/wp-content\/uploads\/2020\/05\/Jeunes-de-lann\u00e9e-Florentin-avril-2020-DSCN0559s-493x1024.jpg 493w, https:\/\/tarn.lpo.fr\/wp-content\/uploads\/2020\/05\/Jeunes-de-lann\u00e9e-Florentin-avril-2020-DSCN0559s-768x1595.jpg 768w, https:\/\/tarn.lpo.fr\/wp-content\/uploads\/2020\/05\/Jeunes-de-lann\u00e9e-Florentin-avril-2020-DSCN0559s-740x1536.jpg 740w, https:\/\/tarn.lpo.fr\/wp-content\/uploads\/2020\/05\/Jeunes-de-lann\u00e9e-Florentin-avril-2020-DSCN0559s-986x2048.jpg 986w, https:\/\/tarn.lpo.fr\/wp-content\/uploads\/2020\/05\/Jeunes-de-lann\u00e9e-Florentin-avril-2020-DSCN0559s.jpg 1019w\" sizes=\"auto, (max-width: 144px) 100vw, 144px\" \/><\/p>\n<p align=\"CENTER\"><span style=\"font-size: 20px;\"><b>La Coordination \u00e9lanion blanc<\/b><\/span><\/p>\n<p style=\"text-align: justify;\" align=\"LEFT\">Le Groupe \u00e9lanion blanc s\u2019est constitu\u00e9 en 2019 avec, pour but, le suivi de l\u2019installation de l\u2019\u00e9lanion blanc sur notre d\u00e9partement.<\/p>\n<p style=\"text-align: justify;\" align=\"LEFT\">L\u2019oiseau a nich\u00e9 pour la premi\u00e8re fois en France, dans le sud des landes, en 1990. Dans le Tarn, une premi\u00e8re observation d\u2019un oiseau aurait \u00e9t\u00e9 faite dans les ann\u00e9es 1980 dans le sud du d\u00e9partement mais sans plus de pr\u00e9cision.<\/p>\n<p style=\"text-align: justify;\" align=\"LEFT\">Le premier suivi d\u2019un individu isol\u00e9 a \u00e9t\u00e9 fait lors de l\u2019\u00e9t\u00e9 1991 et a fait l\u2019objet d\u2019un article de C. Maurel dans le journal du Got n\u00b08 1992.<\/p>\n<p style=\"text-align: justify;\" align=\"LEFT\">C\u2019est \u00e0 partir de 2014 que nous avons pu observer plusieurs oiseaux sur notre territoire. En 2016 trois couples \u00e9taient nicheurs.<\/p>\n<p style=\"text-align: justify;\" align=\"LEFT\">Constatant une \u00e9volution positive de ces oiseaux les ann\u00e9es suivantes, il a \u00e9t\u00e9 d\u00e9cid\u00e9 de constituer un Groupe \u00e9lanion blanc pour suivre son \u00e9volution sur notre territoire. L\u2019engagement du groupe \u00e9tait de le suivre sur une dur\u00e9e de trois ans ( 2019 &#8211; 2021)<\/p>\n<p align=\"LEFT\">Un groupe de r\u00e9f\u00e9rents locaux a \u00e9t\u00e9 constitu\u00e9 en fonction des diff\u00e9rentes zones \u00e0 prospecter.<\/p>\n<p align=\"LEFT\">Il est constitu\u00e9 \u00e0 ce jour* de &nbsp;:<\/p>\n<p><span style=\"font-size: 16px;\">&#8211; Jean Marc Coste <span style=\"color: #000080;\"><span lang=\"zxx\"><u><a href=\"mailto:carle.coste@wanadoo.fr\">carle.coste@wanadoo.fr<\/a><\/u><\/span><\/span> Triangle Castres Revel Puylaurens<\/span><\/p>\n<p><span style=\"font-size: 16px;\">&#8211; Serge Maffre maffre.serge@wanadoo.fr Agout amont Servi\u00e9s &#8211; Castres<\/span><\/p>\n<p><span style=\"font-size: 16px;\">&#8211; Jean Philippe Berlic <span style=\"color: #000080;\"><span lang=\"zxx\"><u><a href=\"mailto:hulothe@club-internet.fr\">hulothe@club-internet.fr<\/a><\/u><\/span><\/span> Tarn amont \u2013 Gaillac \u2013 Castelnau <\/span><\/p>\n<p><span style=\"font-size: 16px;\">&#8211; Jean Philippe Grezes <span style=\"color: #000080;\"><span lang=\"zxx\"><u><a href=\"mailto:lufrabapmithel@gmail.com\">lufrabapmithel@gmail.com<\/a><\/u><\/span><\/span> Tarn aval de Lisle\/Tarn \u00e0 St Sulpice<\/span><\/p>\n<p><span style=\"font-size: 16px;\">&#8211; Alexis Gangneron <span style=\"color: #000080;\"><span lang=\"zxx\"><u><a href=\"mailto:alexis.gangneron@orange.fr\">alexis.gangneron@orange.fr<\/a><\/u><\/span><\/span> Axe central de T\u00e9cou \u00e0 Sieurac<\/span><\/p>\n<p><span style=\"font-size: 16px;\">&#8211; Anne Chauvin <span style=\"color: #000080;\"><span lang=\"zxx\"><u><a href=\"mailto:annamargue@yahoo.fr\">annamargue@yahoo.fr<\/a><\/u><\/span><\/span> Carmausin<\/span><\/p>\n<p align=\"LEFT\"><span style=\"font-size: 16px;\">&#8211; Jacques P\u00e9rino <span style=\"color: #000080;\"><span lang=\"zxx\"><u><a href=\"mailto:jacques.perino@laposte.net\">jacques.perino@laposte.net<\/a><\/u><\/span><\/span> Vall\u00e9e du Girou \/ Salvaquois<\/span><\/p>\n<p align=\"LEFT\"><span style=\"font-size: 16px;\">&#8211; Antonin Chesneau antonches@hotmail.fr Agout aval Lavaur \u2013 St Paul CJ<\/span><\/p>\n<p align=\"LEFT\"><span style=\"font-size: 16px;\">&#8211; Gilbert Bordage Gilbert.BORDAGE@interforum.fr Albigeois<\/span><\/p>\n<p align=\"LEFT\"><span style=\"font-size: 16px;\">&#8211; Patrice Bir\u00e9e <span style=\"color: #000080;\"><span lang=\"zxx\"><a href=\"mailto:patrice.biree3@libertysurf.fr\">patrice.biree3@libertysurf.fr<\/a><\/span><\/span> Agout aval St Sulpice \u2013 Lavaur<\/span><\/p>\n<p align=\"LEFT\"><em><span style=\"font-size: 16px;\">* mis \u00e0 jour en octobre 2023<\/span><\/em><\/p>\n<p align=\"LEFT\"><span style=\"font-size: medium;\">Durant ces trois ann\u00e9es une cinquantaine d\u2019observateurs r\u00e9guliers se sont associ\u00e9s \u00e0 cette coordination. Vous pouvez consulter ci-dessous les diff\u00e9rents bilans de la p\u00e9riode 2019 &#8211; 2021<\/span><\/p>\n<p align=\"LEFT\"><span style=\"font-size: medium;\">Apr\u00e8s ces ann\u00e9es intenses, riches en observations, et le constat de l\u2019\u00e9volution positive de cette nouvelle esp\u00e8ce, il a \u00e9t\u00e9 d\u00e9cid\u00e9 de faire une pause dans le comptage des couples d\u2019oiseaux. <\/span><\/p>\n<p align=\"LEFT\"><span style=\"font-size: medium;\">Pour les 10 ans de pr\u00e9sence de l\u2019oiseau sur le d\u00e9partement, nous avons souhait\u00e9 relancer en 2024 un nouveau comptage des couples et d\u2019\u00e9tablir un bilan 3 ans apr\u00e8s le dernier.<\/span><\/p>\n<p><span style=\"font-family: Liberation Serif, serif;\"><span style=\"font-size: medium;\">Cette coordination \u00e9tait ouverte \u00e0 tous m\u00eame aux d\u00e9butants. 12 personnes se sont form\u00e9es sur le terrain <\/span><\/span><span style=\"font-family: Liberation Serif, serif;\"><span style=\"font-size: medium;\">\u00e0 l\u2019observation de l\u2019\u00e9lanion.<\/span><\/span><\/p>\n<p><span style=\"font-size: medium;\"><u>Les r\u00e9sultats 2024 de ce nouveau comptage ont montr\u00e9 que&nbsp;:<\/u><\/span><\/p>\n<p><span style=\"font-size: medium;\">la progression exponentielle de l\u2019\u00e9lanion sur le Tarn est termin\u00e9e. L\u2019\u00e9lanion blanc continue une progression beaucoup plus mod\u00e9r\u00e9e, avec d\u2019une part une densification sur ces zones d\u2019habitats&nbsp;habituels (plaines du Tarn et Agout). D\u2019autre part des nombreuses r\u00e9currences d\u2019observations d\u2019oiseaux isol\u00e9s pr\u00e9sument de la pr\u00e9sence de couples sur des secteurs moins prospect\u00e9s. En reprenant l\u2019historique des 10 derni\u00e8res ann\u00e9es de donn\u00e9es il est possible d\u2019estimer un potentiel d\u2019une trentaine de couples non contact\u00e9s.<\/span><\/p>\n<p><span style=\"font-size: medium;\"><i>=&gt; Pour plus d\u2019informations cf bilan du suivi 2024<\/i><\/span><\/p>\n<p><span style=\"font-size: medium;\">Apr\u00e8s ce dernier comptage sur l\u2019ensemble du d\u00e9partement, il est propos\u00e9 dans un d\u00e9lai de 3 \u00e0 4 ans, de l\u2019enrichir par de la prospection sur des secteurs cibl\u00e9s. <\/span><\/p>\n<p><span style=\"font-size: medium;\">Une liste de ces lieux \u00e0 prospecter est disponible ci-dessous.<\/span><\/p>\n<p><span style=\"font-size: medium;\">&#8211; Pour chaque site il faut compter 2 \u00e0 3 h de recherche \u00e0 raison d\u2019au moins deux passages dans l\u2019ann\u00e9e. L\u2019id\u00e9al serait trois passages&nbsp;: mars, juin, septembre. <\/span><\/p>\n<p><span style=\"font-size: medium;\">Pour ceux et celles qui souhaitent participer, rien de plus facile&nbsp;:<\/span><\/p>\n<p><span style=\"font-size: medium;\">&#8211; Vous choisissez sur la liste les lieux que vous souhaitez prospecter dans l\u2019ann\u00e9e.<\/span><\/p>\n<p><span style=\"font-size: medium;\">&#8211; Vous m\u2019informez par mail. <span style=\"color: #000080;\"><span lang=\"zxx\"><u><a href=\"mailto:biree@libertysurf.fr\">patrice.biree@libertysurf.fr<\/a><\/u><\/span><\/span> <\/span><\/p>\n<p><span style=\"font-size: medium;\">&#8211; En retour je vous adresserai une carte d\u00e9taill\u00e9e du secteur choisi avec les donn\u00e9es de ces derni\u00e8res ann\u00e9es.<\/span><\/p>\n<p><span style=\"font-size: medium;\">&#8211; Saisissez vos donn\u00e9es dans Faune Occitanie et pour finir adressez moi un mail pour m\u2019indiquer que vous avez termin\u00e9.<\/span><\/p>\n<p><span style=\"font-size: medium;\">Et pour toutes informations compl\u00e9mentaires n\u2019h\u00e9sitez pas \u00e0 me contacter \u00e0 l\u2019adresse mail suivante&nbsp;: <\/span><span style=\"color: #000080;\"><span lang=\"zxx\"><u><a href=\"mailto:biree@libertysurf.fr\"><span style=\"font-size: medium;\">patrice.biree@libertysurf.fr<\/span><\/a><\/u><\/span><\/span><\/p>\n<p align=\"LEFT\"><span style=\"font-size: medium;\"> Patrice Bir\u00e9e et le Groupe \u00e9lanion blanc<\/span><\/p>\n<p style=\"text-align: justify;\"><b>Pour tout savoir sur l&rsquo;expansion de l&rsquo;\u00e9lanion blanc en France :<\/b><br \/>\n\u00abL\u2019\u00c9lanion blan; <i>Eleanus caerulus<\/i> en France &#8211; Le succ\u00e8s d\u2019une conqu\u00eate, \u00e9l\u00e9ments d\u2019\u00e9cologie, explications et perspectives \u00bb pr\u00e9sent\u00e9e le 26 Septembre 2023 par Nidal Issa, mis en ligne sur la cha\u00eene Youtube de la SEOF : <a href=\"https:\/\/youtu.be\/3IlSSMruV3c\" target=\"_blank\" rel=\"noopener\">Conf\u00e9rence sur l&rsquo;\u00e9lanion blanc en France<\/a><\/p>\n<p style=\"text-align: justify;\"><b>T\u00e9l\u00e9charger les bilans des suivis de l&rsquo;Elanion blanc :<\/b><br \/>\n<a href=\"https:\/\/acrobat.adobe.com\/id\/urn:aaid:sc:EU:f808bec6-aea8-4445-aadc-9273fd7d15f8\" target=\"_blank\" rel=\"noopener\">Bilan du suivi en 2019<\/a><br \/>\n<a href=\"https:\/\/acrobat.adobe.com\/id\/urn:aaid:sc:EU:3e657ea5-0149-40b9-a8fc-79f30be6dc25\" target=\"_blank\" rel=\"noopener\">Bilan du suivi en 2020<\/a><br \/>\n<a href=\"https:\/\/acrobat.adobe.com\/id\/urn:aaid:sc:EU:5a819f2f-4c98-48a5-b9a7-8defdad7330b\" target=\"_blank\" rel=\"noopener\">Bilan du suivi en 2021<\/a><br \/>\n<a href=\"https:\/\/tarn.lpo.fr\/wp-content\/uploads\/2025\/02\/Bilan-du-suivi-2024-Elanion-Tarn.pdf\">Bilan du suivi en 2024<\/a><\/p>\n<p style=\"text-align: justify;\">Autres documents :<br \/>\n<a href=\"https:\/\/acrobat.adobe.com\/id\/urn:aaid:sc:EU:07800590-19ab-459f-8467-5443d043245f\" target=\"_blank\" rel=\"noopener\">Rencontre des adh\u00e9rents 2023<\/a><\/p>\n<p><a href=\"https:\/\/tarn.lpo.fr\/wp-content\/uploads\/2025\/02\/Liste-des-secteurs-a-prospecter-apres-2024.pdf\">Listes des secteurs \u00e0 prospecter apr\u00e8s 2024<\/a><\/p>\n<p style=\"text-align: justify;\"><b><a href=\"https:\/\/tarn.lpo.fr\/wp-content\/uploads\/2020\/12\/RDF22-Elanion.pdf\" target=\"_blank\" rel=\"noopener\">T\u00e9l\u00e9charger l&rsquo;article de Jacques Perino sur l&rsquo;Elanion blanc<\/a><br \/>\nArticle publi\u00e9 sur le magazine \u00ab\u00a0Rapace de France\u00a0\u00bb n\u00b02<\/b><\/p>\n","protected":false},"excerpt":{"rendered":"<p>Participez au suivi de l\u2019installation de l\u2019\u00e9lanion blanc dans le Tarn La Coordination \u00e9lanion blanc Le Groupe \u00e9lanion blanc s\u2019est constitu\u00e9 en 2019 avec, pour but, le suivi de l\u2019installation de l\u2019\u00e9lanion blanc sur notre d\u00e9partement. L\u2019oiseau a nich\u00e9 pour la premi\u00e8re fois en France, dans le sud des landes, en 1990. Dans le Tarn, &hellip; <\/p>\n<p><a class=\"more-link btn\" href=\"https:\/\/tarn.lpo.fr\/?page_id=3073\">Lire la suite<\/a><\/p>\n","protected":false},"author":7,"featured_media":0,"parent":2572,"menu_order":2,"comment_status":"closed","ping_status":"closed","template":"","meta":{"ngg_post_thumbnail":0,"footnotes":""},"class_list":["post-3073","page","type-page","status-publish","hentry","nodate","item-wrap"],"_links":{"self":[{"href":"https:\/\/tarn.lpo.fr\/index.php?rest_route=\/wp\/v2\/pages\/3073","targetHints":{"allow":["GET"]}}],"collection":[{"href":"https:\/\/tarn.lpo.fr\/index.php?rest_route=\/wp\/v2\/pages"}],"about":[{"href":"https:\/\/tarn.lpo.fr\/index.php?rest_route=\/wp\/v2\/types\/page"}],"author":[{"embeddable":true,"href":"https:\/\/tarn.lpo.fr\/index.php?rest_route=\/wp\/v2\/users\/7"}],"replies":[{"embeddable":true,"href":"https:\/\/tarn.lpo.fr\/index.php?rest_route=%2Fwp%2Fv2%2Fcomments&post=3073"}],"version-history":[{"count":0,"href":"https:\/\/tarn.lpo.fr\/index.php?rest_route=\/wp\/v2\/pages\/3073\/revisions"}],"up":[{"embeddable":true,"href":"https:\/\/tarn.lpo.fr\/index.php?rest_route=\/wp\/v2\/pages\/2572"}],"wp:attachment":[{"href":"https:\/\/tarn.lpo.fr\/index.php?rest_route=%2Fwp%2Fv2%2Fmedia&parent=3073"}],"curies":[{"name":"wp","href":"https:\/\/api.w.org\/{rel}","templated":true}]}}