{"id":309,"date":"2018-02-01T23:10:34","date_gmt":"2018-02-01T22:10:34","guid":{"rendered":"http:\/\/lpotarn.davidalquier.fr\/?page_id=309"},"modified":"2022-04-02T12:37:55","modified_gmt":"2022-04-02T12:37:55","slug":"la-zps-foret-de-gresigne","status":"publish","type":"page","link":"https:\/\/tarn.lpo.fr\/?page_id=309","title":{"rendered":"La ZPS For\u00eat de Gr\u00e9signe"},"content":{"rendered":"<div><span style=\"font-family: Averia Libre;\"><strong><img loading=\"lazy\" decoding=\"async\" class=\"alignleft wp-image-1913 size-medium\" src=\"https:\/\/tarn.lpo.fr\/wp-content\/uploads\/2020\/01\/ZPS-Carte-001-300x206.jpg\" alt=\"\" width=\"300\" height=\"206\" srcset=\"https:\/\/tarn.lpo.fr\/wp-content\/uploads\/2020\/01\/ZPS-Carte-001-300x206.jpg 300w, https:\/\/tarn.lpo.fr\/wp-content\/uploads\/2020\/01\/ZPS-Carte-001.jpg 397w\" sizes=\"auto, (max-width: 300px) 100vw, 300px\" \/><\/strong><\/span><\/div>\n<div>&nbsp;<\/div>\n<div><span style=\"font-family: Averia Libre;\"><strong>D\u00e9partements : <\/strong>Tarn (78%), Tarn-et-Garonne (22%)<\/span><\/div>\n<div><span style=\"font-family: Averia Libre;\"><strong>Communes du Tarn : <\/strong>Castelnau-de-Montmiral, Itzac, Labarthe-Bleys, Larroque, Marnaves, Milhars, Montrosier, Penne, Puycelsi, Roussayrolles, Saint-Beauzile, Sainte-C\u00e9cile-du-Cayrou, Saint-Michel-de-Vax, Tonnac, Vaour.<\/span><\/div>\n<div><span style=\"font-family: Averia Libre;\"><strong>Communes du Tarn-et-Garonne : <\/strong>Bruniquel, Cazals, F\u00e9neyrols, Saint-Antonin-Noble-Val.<\/span><\/div>\n<div>&nbsp;<\/div>\n<div>&nbsp;<\/div>\n<div>\n<p><span style=\"font-size: 14pt; font-family: Averia Libre;\"><strong>ZONE DE PROTECTION SPECIALE \u00ab FORET DE GRESIGNE ET ENVIRONS \u00bb<\/strong><\/span><\/p>\n<p><span style=\"font-family: Averia Libre;\">Qu\u2019est ce que Natura 2000 ?<\/span><\/p>\n<p><span style=\"font-family: Averia Libre;\">L\u2019\u00e9rosion actuelle de la biodiversit\u00e9 est marqu\u00e9e par la vitesse de disparition d\u2019esp\u00e8ces v\u00e9g\u00e9tales et animales sans pr\u00e9c\u00e9dent dans l\u2019histoire de l\u2019\u00e9volution. Afin d\u2019enrayer ce d\u00e9clin, l\u2019Europe a cr\u00e9\u00e9 en vertu des Directives \u00ab Oiseaux \u00bb de 1979 et \u00ab Habitats \u00bb de 1992, un r\u00e9seau \u00e9cologique communautaire d\u00e9nomm\u00e9 : r\u00e9seau Natura 2000. Ce r\u00e9seau est constitu\u00e9 des Zones de Protection sp\u00e9ciale (ZPS) d\u00e9sign\u00e9es au titre de la Directive \u00ab Oiseaux \u00bb et des Zones Sp\u00e9ciales de Conservation (ZSC) d\u00e9sign\u00e9es au titre de la Directive \u00ab habitats \u00bb. Sur ces sites, chaque \u00e9tat europ\u00e9en s\u2019engage \u00e0 assurer le maintien, voire la restauration des milieux et des esp\u00e8ces les plus fragiles, en tenant compte des exigences \u00e9conomiques, sociales et culturelles d\u2019un territoire.<\/span><\/p>\n<p><span style=\"font-family: Averia Libre;\">Le site Natura 2000 \u00ab ZPS For\u00eat de la Gr\u00e9signe et environs \u00bb b\u00e9n\u00e9ficie d&rsquo;un programme d&rsquo;actions et d&rsquo;animation dont la mise en \u0153uvre a \u00e9t\u00e9 confi\u00e9e \u00e0 la Chambre d&rsquo;Agriculture du Tarn et la Ligue pour la Protection des Oiseaux du Tarn. Ce site s&rsquo;\u00e9tend sur 27 700 ha et 19 communes (15 dans le Tarn et 4 dans le Tarn-et-Garonne). Il a \u00e9t\u00e9 class\u00e9 \u00ab Natura 2000 \u00bb pour sa richesse en esp\u00e8ces d&rsquo;oiseaux et plus particuli\u00e8rement pour la pr\u00e9sence de 15 esp\u00e8ces embl\u00e9matiques, consid\u00e9r\u00e9es comme rares au niveau europ\u00e9en.<\/span><\/p>\n<p><span style=\"font-family: Averia Libre;\"><b>Parmi ces esp\u00e8ces, on distingue principalement : <\/b><\/span><\/p>\n<p><span style=\"font-family: Averia Libre;\"><img loading=\"lazy\" decoding=\"async\" class=\"alignleft wp-image-1915 size-full\" src=\"https:\/\/tarn.lpo.fr\/wp-content\/uploads\/2020\/01\/Faucon-p\u00e8lerin.jpg\" alt=\"\" width=\"111\" height=\"133\">&#8211; les esp\u00e8ces typiques des falaises : Faucon p\u00e8lerin, Grand-duc d&rsquo;Europe et Martinet \u00e0 ventre blanc ; <\/span><\/p>\n<p><span style=\"font-family: Averia Libre;\">&#8211; les esp\u00e8ces des milieux forestiers : rapaces (Circa\u00e8te Jean le Blanc, Aigle bott\u00e9, Bondr\u00e9e apivore, Milan noir, Milan royal) et Pic mar ;<\/span><\/p>\n<p><span style=\"font-family: Averia Libre;\">&#8211; les esp\u00e8ces li\u00e9es aux prairies : Pie-gri\u00e8che \u00e9corcheur et Alouette lulu.<\/span><\/p>\n<p><span style=\"font-family: Averia Libre;\"><b>Pour favoriser la conservation de ces oiseaux, il est important de : <\/b><\/span><\/p>\n<p><span style=\"font-family: Averia Libre;\">&#8211; les faire conna\u00eetre au plus grand nombre parce qu&rsquo;on prot\u00e8ge bien ce que l&rsquo;on conna\u00eet bien;<\/span><\/p>\n<p><span style=\"font-family: Averia Libre;\">&#8211; maintenir l&rsquo;\u00e9levage extensif sur le site car les prairies sont des territoires de chasse pour la plupart des esp\u00e8ces ;<\/span><\/p>\n<p><span style=\"font-family: Averia Libre;\">&#8211; trouver un \u00e9quilibre entre le d\u00e9veloppement de l&rsquo;escalade et la pr\u00e9servation des esp\u00e8ces rupestres sensibles au d\u00e9rangement ;<\/span><\/p>\n<p><span style=\"font-family: Averia Libre;\">&#8211; g\u00e9rer la for\u00eat en tenant compte des zones de nidification des oiseaux forestiers ;<\/span><\/p>\n<p><span style=\"font-family: Averia Libre;\">&#8211; suivre les populations et leurs sites de nidification afin d&rsquo;adapter ou mettre en place les mesures de conservation.<\/span><\/p>\n<p><span style=\"font-family: Averia Libre;\">Afin de r\u00e9pondre \u00e0 tous ces enjeux, un certain nombre d&rsquo;actions ont d\u00e9j\u00e0 \u00e9t\u00e9 mises en \u0153uvre:<\/span><\/p>\n<p><span style=\"font-family: Averia Libre;\"><b>Une d\u00e9marche concert\u00e9e entre grimpeurs et ornithologues :<\/b> Conscients des enjeux et soucieux de respecter ce patrimoine naturel remarquable, les Comit\u00e9s du Tarn et du Tarn-et-Garonne de la F\u00e9d\u00e9ration Fran\u00e7aise de Montagne et d\u2019Escalade (FFME) et les clubs locaux d\u2019escalade ont sign\u00e9 avec la Ligue pour la Protection des Oiseaux du Tarn une \u00ab charte de bonnes pratiques \u00bb en f\u00e9vrier 2012.<\/span><\/p>\n<p><span style=\"font-family: Averia Libre;\"><b>Etude et mise en \u0153uvre d&rsquo;un programme d&rsquo;actions de neutralisation des lignes \u00e9lectriques moyennes-tension :<\/b>Les lignes \u00e9lectriques a\u00e9riennes moyennes (HTA) et hautes tensions (HT et THT) repr\u00e9sentent un r\u00e9el danger pour l\u2019avifaune, notamment chez les rapaces. Les risques sont de deux ordres : la collision contre les c\u00e2bles, qui engendre la plupart du temps des fractures aux ailes, et l\u2019\u00e9lectrocution. Les cas d\u2019\u00e9lectrocutions sont fr\u00e9quents dans le d\u00e9partement du Tarn. Pour tenter de rem\u00e9dier en partie au probl\u00e8me, la LPO Tarn et ERDF ont engag\u00e9 un partenariat depuis le d\u00e9but des ann\u00e9es 1990. Il consiste notamment \u00e0 recenser les zones r\u00e9put\u00e9es les plus dangereuses. Ce groupe de travail se nomme aujourd\u2019hui, Conseil National Avifaune (CNA), auquel la LPO Tarn participe activement.<\/span><\/p>\n<p><span style=\"font-family: Averia Libre;\"><b>Mesures agri-environnementales en faveur des \u00e9leveurs :<\/b> Les agriculteurs qui exploitent des parcelles sur le site Natura 2000 peuvent s&rsquo;engager, au travers d&rsquo;un contrat, \u00e0 appliquer des mesures de gestion favorables \u00e0 la biodiversit\u00e9.<\/span><\/p>\n<\/div>\n<div><span style=\"font-family: Averia Libre;\">T\u00e9l\u00e9charger le d\u00e9pliant sur la ZPS : <a href=\"https:\/\/tarn.lpo.fr\/wp-content\/uploads\/2019\/04\/ZPS_Depliant_expo.pdf\" target=\"_blank\" rel=\"noopener\">Les oiseaux de Gr\u00e9signe et de ses environs<\/a><\/span><\/div>\n<div><span style=\"font-family: Averia Libre;\">T\u00e9l\u00e9charger le bulletin n\u00b01 : <a href=\"https:\/\/tarn.lpo.fr\/wp-content\/uploads\/2019\/04\/ZPS_bulletin_n1.pdf\" target=\"_blank\" rel=\"noopener\">Bulletin d\u2019information sur la ZPS &#8211; Num\u00e9ro 1<\/a><\/span><\/div>\n<div><span style=\"font-family: Averia Libre;\">T\u00e9l\u00e9charger le bulletin n\u00b02 : <a href=\"https:\/\/tarn.lpo.fr\/wp-content\/uploads\/2019\/04\/ZPS_bulletin_n2.pdf\" target=\"_blank\" rel=\"noopener\">Bulletin d\u2019information sur la ZPS &#8211; Num\u00e9ro 2<\/a><\/span><\/div>\n<div><span style=\"font-family: Averia Libre;\">T\u00e9l\u00e9charger le d\u00e9pliant escalade : <a href=\"https:\/\/tarn.lpo.fr\/wp-content\/uploads\/2019\/04\/ZPS_escalade_depliant.pdf\" target=\"_blank\" rel=\"noopener\">La falaise, un mileu fragile \u00e0 partager&#8230;<\/a><\/span><\/div>\n<div>&nbsp;<\/div>\n","protected":false},"excerpt":{"rendered":"<p>&nbsp; D\u00e9partements : Tarn (78%), Tarn-et-Garonne (22%) Communes du Tarn : Castelnau-de-Montmiral, Itzac, Labarthe-Bleys, Larroque, Marnaves, Milhars, Montrosier, Penne, Puycelsi, Roussayrolles, Saint-Beauzile, Sainte-C\u00e9cile-du-Cayrou, Saint-Michel-de-Vax, Tonnac, Vaour. Communes du Tarn-et-Garonne : Bruniquel, Cazals, F\u00e9neyrols, Saint-Antonin-Noble-Val. &nbsp; &nbsp; ZONE DE PROTECTION SPECIALE \u00ab FORET DE GRESIGNE ET ENVIRONS \u00bb Qu\u2019est ce que Natura 2000 ? L\u2019\u00e9rosion actuelle &hellip; <\/p>\n<p><a class=\"more-link btn\" href=\"https:\/\/tarn.lpo.fr\/?page_id=309\">Lire la suite<\/a><\/p><p><a class=\"more-link btn\" href=\"https:\/\/tarn.lpo.fr\/?page_id=309\">Lire la suite<\/a><\/p>\n","protected":false},"author":2,"featured_media":0,"parent":305,"menu_order":5,"comment_status":"closed","ping_status":"closed","template":"","meta":{"ngg_post_thumbnail":0,"footnotes":""},"class_list":["post-309","page","type-page","status-publish","hentry","nodate","item-wrap"],"_links":{"self":[{"href":"https:\/\/tarn.lpo.fr\/index.php?rest_route=\/wp\/v2\/pages\/309","targetHints":{"allow":["GET"]}}],"collection":[{"href":"https:\/\/tarn.lpo.fr\/index.php?rest_route=\/wp\/v2\/pages"}],"about":[{"href":"https:\/\/tarn.lpo.fr\/index.php?rest_route=\/wp\/v2\/types\/page"}],"author":[{"embeddable":true,"href":"https:\/\/tarn.lpo.fr\/index.php?rest_route=\/wp\/v2\/users\/2"}],"replies":[{"embeddable":true,"href":"https:\/\/tarn.lpo.fr\/index.php?rest_route=%2Fwp%2Fv2%2Fcomments&post=309"}],"version-history":[{"count":0,"href":"https:\/\/tarn.lpo.fr\/index.php?rest_route=\/wp\/v2\/pages\/309\/revisions"}],"up":[{"embeddable":true,"href":"https:\/\/tarn.lpo.fr\/index.php?rest_route=\/wp\/v2\/pages\/305"}],"wp:attachment":[{"href":"https:\/\/tarn.lpo.fr\/index.php?rest_route=%2Fwp%2Fv2%2Fmedia&parent=309"}],"curies":[{"name":"wp","href":"https:\/\/api.w.org\/{rel}","templated":true}]}}