{"id":314,"date":"2018-02-01T23:21:15","date_gmt":"2018-02-01T22:21:15","guid":{"rendered":"http:\/\/lpotarn.davidalquier.fr\/?page_id=314"},"modified":"2022-04-02T12:33:10","modified_gmt":"2022-04-02T12:33:10","slug":"natura-2000","status":"publish","type":"page","link":"https:\/\/tarn.lpo.fr\/?page_id=314","title":{"rendered":"Des Terres et des Ailes"},"content":{"rendered":"<p><span style=\"font-family: georgia, palatino;\"><strong><em><span style=\"font-size: 14pt; color: #619a31;\">Faire revenir les oiseaux sur nos terres&#8230;<\/span><\/em><\/strong><\/span><\/p>\n<div id=\"attachment_1970\" style=\"width: 315px\" class=\"wp-caption alignleft\"><img loading=\"lazy\" decoding=\"async\" aria-describedby=\"caption-attachment-1970\" class=\" wp-image-1970\" src=\"https:\/\/tarn.lpo.fr\/wp-content\/uploads\/2020\/01\/L-Lacaune-Amaury-CALVET_cr-745x1024.jpg\" alt=\"\" width=\"315\" height=\"433\" srcset=\"https:\/\/tarn.lpo.fr\/wp-content\/uploads\/2020\/01\/L-Lacaune-Amaury-CALVET_cr-745x1024.jpg 745w, https:\/\/tarn.lpo.fr\/wp-content\/uploads\/2020\/01\/L-Lacaune-Amaury-CALVET_cr-218x300.jpg 218w, https:\/\/tarn.lpo.fr\/wp-content\/uploads\/2020\/01\/L-Lacaune-Amaury-CALVET_cr-768x1056.jpg 768w, https:\/\/tarn.lpo.fr\/wp-content\/uploads\/2020\/01\/L-Lacaune-Amaury-CALVET_cr-1117x1536.jpg 1117w, https:\/\/tarn.lpo.fr\/wp-content\/uploads\/2020\/01\/L-Lacaune-Amaury-CALVET_cr-1490x2048.jpg 1490w, https:\/\/tarn.lpo.fr\/wp-content\/uploads\/2020\/01\/L-Lacaune-Amaury-CALVET_cr.jpg 1830w\" sizes=\"auto, (max-width: 315px) 100vw, 315px\" \/><p id=\"caption-attachment-1970\" class=\"wp-caption-text\">Couple de Pie-gri\u00e8che \u00e9corcheur (\u00a9A. Calvet)<\/p><\/div>\n<p style=\"text-align: justify;\">L&rsquo;ambition <strong>\u00ab\u00a0Des Terres et des Ailes\u00a0\u00bb<\/strong> est de proposer \u00e0 chacun d&rsquo;agir concr\u00e8tement sur sa ferme, \u00e0 son \u00e9chelle, \u00e0 sa convenance, et dans un \u00e9lan collectif pour offrir aux esp\u00e8ces qui ont d\u00e9sert\u00e9 nos campagnes, la possibilit\u00e9 de revenir s&rsquo;installer et \u00e0 celles qui sont encore pr\u00e9sentes, de pouvoir y rester!<\/p>\n<p style=\"text-align: justify;\">Toutes les esp\u00e8ces doivent pouvoir trouver le g\u00eete et le couvert, c&rsquo;est \u00e0 dire trouver des espaces accueillants et vari\u00e9s pour s&rsquo;installer, se reproduire, se cacher ou se r\u00e9fugier mais aussi de quoi se nourrir et nourrir leurs jeunes, en quantit\u00e9 suffisante, en qualit\u00e9 et en diversit\u00e9.<\/p>\n<p style=\"text-align: justify;\">Vous \u00eates agriculteur, agricultrice et cette d\u00e9marche vous int\u00e9resse ?<\/p>\n<p style=\"text-align: justify;\"><em><strong>Contactez Pierre Chavanon : 06.88.29.62.73<\/strong><\/em><\/p>\n<p><img loading=\"lazy\" decoding=\"async\" class=\"alignright wp-image-1973\" src=\"https:\/\/tarn.lpo.fr\/wp-content\/uploads\/2020\/01\/logo-terres-ailesjpg.jpg\" alt=\"\" width=\"172\" height=\"240\" srcset=\"https:\/\/tarn.lpo.fr\/wp-content\/uploads\/2020\/01\/logo-terres-ailesjpg.jpg 735w, https:\/\/tarn.lpo.fr\/wp-content\/uploads\/2020\/01\/logo-terres-ailesjpg-214x300.jpg 214w, https:\/\/tarn.lpo.fr\/wp-content\/uploads\/2020\/01\/logo-terres-ailesjpg-731x1024.jpg 731w\" sizes=\"auto, (max-width: 172px) 100vw, 172px\" \/><\/p>\n<p>&nbsp;<\/p>\n<p>&nbsp;<\/p>\n<p style=\"text-align: justify;\">Pour en savoir plus sur le programme \u00ab\u00a0Des Terres et des Ailes\u00a0\u00bb cliquez sur le lien suivant : <a href=\"https:\/\/www.desterresetdesailes.fr\" target=\"_blank\" rel=\"noopener noreferrer\">https:\/\/www.desterresetdesailes.f<\/a><a href=\"https:\/\/www.desterresetdesailes.fr\">r<\/a><\/p>\n","protected":false},"excerpt":{"rendered":"<p>Faire revenir les oiseaux sur nos terres&#8230; L&rsquo;ambition \u00ab\u00a0Des Terres et des Ailes\u00a0\u00bb est de proposer \u00e0 chacun d&rsquo;agir concr\u00e8tement sur sa ferme, \u00e0 son \u00e9chelle, \u00e0 sa convenance, et dans un \u00e9lan collectif pour offrir aux esp\u00e8ces qui ont d\u00e9sert\u00e9 nos campagnes, la possibilit\u00e9 de revenir s&rsquo;installer et \u00e0 celles qui sont encore pr\u00e9sentes, &hellip; <\/p>\n<p><a class=\"more-link btn\" href=\"https:\/\/tarn.lpo.fr\/?page_id=314\">Lire la suite<\/a><\/p><p><a class=\"more-link btn\" href=\"https:\/\/tarn.lpo.fr\/?page_id=314\">Lire la suite<\/a><\/p>\n","protected":false},"author":2,"featured_media":0,"parent":305,"menu_order":4,"comment_status":"closed","ping_status":"closed","template":"","meta":{"ngg_post_thumbnail":0,"footnotes":""},"class_list":["post-314","page","type-page","status-publish","hentry","nodate","item-wrap"],"_links":{"self":[{"href":"https:\/\/tarn.lpo.fr\/index.php?rest_route=\/wp\/v2\/pages\/314","targetHints":{"allow":["GET"]}}],"collection":[{"href":"https:\/\/tarn.lpo.fr\/index.php?rest_route=\/wp\/v2\/pages"}],"about":[{"href":"https:\/\/tarn.lpo.fr\/index.php?rest_route=\/wp\/v2\/types\/page"}],"author":[{"embeddable":true,"href":"https:\/\/tarn.lpo.fr\/index.php?rest_route=\/wp\/v2\/users\/2"}],"replies":[{"embeddable":true,"href":"https:\/\/tarn.lpo.fr\/index.php?rest_route=%2Fwp%2Fv2%2Fcomments&post=314"}],"version-history":[{"count":0,"href":"https:\/\/tarn.lpo.fr\/index.php?rest_route=\/wp\/v2\/pages\/314\/revisions"}],"up":[{"embeddable":true,"href":"https:\/\/tarn.lpo.fr\/index.php?rest_route=\/wp\/v2\/pages\/305"}],"wp:attachment":[{"href":"https:\/\/tarn.lpo.fr\/index.php?rest_route=%2Fwp%2Fv2%2Fmedia&parent=314"}],"curies":[{"name":"wp","href":"https:\/\/api.w.org\/{rel}","templated":true}]}}