{"id":327,"date":"2018-02-01T23:29:59","date_gmt":"2018-02-01T22:29:59","guid":{"rendered":"http:\/\/lpotarn.davidalquier.fr\/?page_id=327"},"modified":"2024-08-13T11:05:14","modified_gmt":"2024-08-13T11:05:14","slug":"devenir-benevole","status":"publish","type":"page","link":"https:\/\/tarn.lpo.fr\/?page_id=327","title":{"rendered":"Devenir b\u00e9n\u00e9vole"},"content":{"rendered":"<p><span style=\"color: #ff0000;\"><strong><em>Vous souhaitez nous rejoindre en tant que B\u00e9n\u00e9vole !<\/em><\/strong><\/span><\/p>\n<p style=\"text-align: justify;\">N&rsquo;h\u00e9sitez plus ! Choisissez l&rsquo;action qui vous int\u00e9resse le plus parmi les actions que nous vous proposons :<\/p>\n<p style=\"text-align: justify;\"><span style=\"color: #ff9900;\"><b>NATURALISTE : <\/b><\/span><\/p>\n<p style=\"text-align: justify;\"><b><a href=\"https:\/\/tarn.lpo.fr\/?attachment_id=9258\" rel=\"attachment wp-att-9258\"><img loading=\"lazy\" decoding=\"async\" class=\"alignleft wp-image-9258\" src=\"https:\/\/tarn.lpo.fr\/wp-content\/uploads\/2024\/04\/IMGP4017-300x200.jpg\" alt=\"\" width=\"182\" height=\"121\" srcset=\"https:\/\/tarn.lpo.fr\/wp-content\/uploads\/2024\/04\/IMGP4017-300x200.jpg 300w, https:\/\/tarn.lpo.fr\/wp-content\/uploads\/2024\/04\/IMGP4017-1024x683.jpg 1024w, https:\/\/tarn.lpo.fr\/wp-content\/uploads\/2024\/04\/IMGP4017-768x512.jpg 768w, https:\/\/tarn.lpo.fr\/wp-content\/uploads\/2024\/04\/IMGP4017-1536x1024.jpg 1536w, https:\/\/tarn.lpo.fr\/wp-content\/uploads\/2024\/04\/IMGP4017-2048x1365.jpg 2048w, https:\/\/tarn.lpo.fr\/wp-content\/uploads\/2024\/04\/IMGP4017-652x435.jpg 652w\" sizes=\"auto, (max-width: 182px) 100vw, 182px\" \/><\/a>Vous aimez observer la faune et la flore. Vous portez un int\u00e9r\u00eat \u00e0 la conservation de la nature et des esp\u00e8ces.<\/b><\/p>\n<p style=\"text-align: justify;\"><em>Exemples d&rsquo;activit\u00e9s : participer aux inventaires et comptages naturalistes, faire part de vos observations ornithologiques, surveiller les nids des esp\u00e8ces prot\u00e9g\u00e9es en p\u00e9riode de reproduction (milans, busards, faucons), participer au suivi des esp\u00e8ces en migration&#8230;<\/em><\/p>\n<p><span style=\"color: #ff9900;\"><strong>SPECIALISTE :<\/strong><\/span><\/p>\n<p><a href=\"https:\/\/tarn.lpo.fr\/?attachment_id=6477\" rel=\"attachment wp-att-6477\"><img loading=\"lazy\" decoding=\"async\" class=\"alignleft wp-image-6477\" src=\"https:\/\/tarn.lpo.fr\/wp-content\/uploads\/2022\/11\/Image_animation_004-300x300.jpg\" alt=\"\" width=\"154\" height=\"154\" srcset=\"https:\/\/tarn.lpo.fr\/wp-content\/uploads\/2022\/11\/Image_animation_004-300x300.jpg 300w, https:\/\/tarn.lpo.fr\/wp-content\/uploads\/2022\/11\/Image_animation_004-1024x1024.jpg 1024w, https:\/\/tarn.lpo.fr\/wp-content\/uploads\/2022\/11\/Image_animation_004-150x150.jpg 150w, https:\/\/tarn.lpo.fr\/wp-content\/uploads\/2022\/11\/Image_animation_004-768x768.jpg 768w, https:\/\/tarn.lpo.fr\/wp-content\/uploads\/2022\/11\/Image_animation_004-1536x1536.jpg 1536w, https:\/\/tarn.lpo.fr\/wp-content\/uploads\/2022\/11\/Image_animation_004-652x652.jpg 652w, https:\/\/tarn.lpo.fr\/wp-content\/uploads\/2022\/11\/Image_animation_004.jpg 2000w\" sizes=\"auto, (max-width: 154px) 100vw, 154px\" \/><\/a>Vous aimez \u00e9crire, animer des sites internet, bricoler.<br \/>\nVous avez un talent artistique ou une comp\u00e9tence particuli\u00e8re.<br \/>\nVous pouvez participer aux travaux administratifs, cr\u00e9atifs et de logistique de l&rsquo;association.<\/p>\n<p><em>Exemples d&rsquo;activit\u00e9s : construire des nichoirs, r\u00e9diger des articles, cr\u00e9er des panneaux d&rsquo;exposition, ou des affiches de pr\u00e9sentation d&rsquo;\u00e9v\u00e9nements..<\/em><\/p>\n<p>&nbsp;<\/p>\n<p><span style=\"color: #ff9900;\"><strong>AMBASSADEUR DE LA NATURE :<\/strong><\/span><\/p>\n<p><a href=\"https:\/\/tarn.lpo.fr\/?attachment_id=6475\" rel=\"attachment wp-att-6475\"><img loading=\"lazy\" decoding=\"async\" class=\"alignleft wp-image-6475\" src=\"https:\/\/tarn.lpo.fr\/wp-content\/uploads\/2022\/11\/Image_animation_002-300x300.jpg\" alt=\"\" width=\"163\" height=\"163\" srcset=\"https:\/\/tarn.lpo.fr\/wp-content\/uploads\/2022\/11\/Image_animation_002-300x300.jpg 300w, https:\/\/tarn.lpo.fr\/wp-content\/uploads\/2022\/11\/Image_animation_002-1024x1024.jpg 1024w, https:\/\/tarn.lpo.fr\/wp-content\/uploads\/2022\/11\/Image_animation_002-150x150.jpg 150w, https:\/\/tarn.lpo.fr\/wp-content\/uploads\/2022\/11\/Image_animation_002-768x768.jpg 768w, https:\/\/tarn.lpo.fr\/wp-content\/uploads\/2022\/11\/Image_animation_002-1536x1536.jpg 1536w, https:\/\/tarn.lpo.fr\/wp-content\/uploads\/2022\/11\/Image_animation_002-652x652.jpg 652w, https:\/\/tarn.lpo.fr\/wp-content\/uploads\/2022\/11\/Image_animation_002.jpg 2000w\" sizes=\"auto, (max-width: 163px) 100vw, 163px\" \/><\/a>Devenez ambassadeur de la nature pour partager vos convictions. Participez \u00e0 des \u00e9v\u00e9nements o\u00f9 vous repr\u00e9senterez la LPO et ses actions en faveur de la protection de la nature.<\/p>\n<p><em>Exemples d&rsquo;activit\u00e9s : participer \u00e0 la tenue d&rsquo;un stand, accueillir du public sur les r\u00e9serves naturelles, animations grand public ou scolaires&#8230;<\/em><\/p>\n<p>&nbsp;<\/p>\n<p><span style=\"color: #ff9900;\">ECOVOLONTAIRE&nbsp;<\/span><\/p>\n<div id=\"attachment_8680\" style=\"width: 204px\" class=\"wp-caption alignleft\"><a href=\"https:\/\/tarn.lpo.fr\/?attachment_id=8680\" rel=\"attachment wp-att-8680\"><img loading=\"lazy\" decoding=\"async\" aria-describedby=\"caption-attachment-8680\" class=\" wp-image-8680\" src=\"https:\/\/tarn.lpo.fr\/wp-content\/uploads\/2024\/02\/Image_plantation_haie_VG-300x195.jpg\" alt=\"\" width=\"204\" height=\"133\" srcset=\"https:\/\/tarn.lpo.fr\/wp-content\/uploads\/2024\/02\/Image_plantation_haie_VG-300x195.jpg 300w, https:\/\/tarn.lpo.fr\/wp-content\/uploads\/2024\/02\/Image_plantation_haie_VG-1024x666.jpg 1024w, https:\/\/tarn.lpo.fr\/wp-content\/uploads\/2024\/02\/Image_plantation_haie_VG-768x499.jpg 768w, https:\/\/tarn.lpo.fr\/wp-content\/uploads\/2024\/02\/Image_plantation_haie_VG-652x424.jpg 652w, https:\/\/tarn.lpo.fr\/wp-content\/uploads\/2024\/02\/Image_plantation_haie_VG.jpg 1200w\" sizes=\"auto, (max-width: 204px) 100vw, 204px\" \/><\/a><p id=\"caption-attachment-8680\" class=\"wp-caption-text\">\u00a9N.M Foucault<\/p><\/div>\n<p style=\"text-align: justify;\">Envie d&rsquo;\u00eatre au grand air tout en se rendant utile ? Devenez \u00e9covolontaire et participez \u00e0 un chantier b\u00e9n\u00e9vole pour pr\u00e9server un site naturel et\/ ou entretenir, cr\u00e9er ou restaurer des am\u00e9nagements \u00e9cologiques pour accueillir la faune et la flore sauvage.<\/p>\n<p style=\"text-align: justify;\"><em>Exemples d&rsquo;activit\u00e9s : restaurer ou nettoyer les milieux naturels, construire des plateformes de nidification, des murets de pierres s\u00e8ches, cr\u00e9er des mares ou encore arracher des plantes invasives&#8230;<\/em><\/p>\n<p><span style=\"color: #ff9900;\">BENEVOLE RAPATRIEUR<br \/>\n<\/span><\/p>\n<p><a href=\"https:\/\/tarn.lpo.fr\/?attachment_id=3694\" rel=\"attachment wp-att-3694\"><img loading=\"lazy\" decoding=\"async\" class=\"alignleft wp-image-3694\" src=\"https:\/\/tarn.lpo.fr\/wp-content\/uploads\/2020\/11\/Grand-duc_relache_Rbastens\u00a9_Laurent_Gayral1-300x200.jpg\" alt=\"\" width=\"197\" height=\"131\" srcset=\"https:\/\/tarn.lpo.fr\/wp-content\/uploads\/2020\/11\/Grand-duc_relache_Rbastens\u00a9_Laurent_Gayral1-300x200.jpg 300w, https:\/\/tarn.lpo.fr\/wp-content\/uploads\/2020\/11\/Grand-duc_relache_Rbastens\u00a9_Laurent_Gayral1-1024x683.jpg 1024w, https:\/\/tarn.lpo.fr\/wp-content\/uploads\/2020\/11\/Grand-duc_relache_Rbastens\u00a9_Laurent_Gayral1-768x512.jpg 768w, https:\/\/tarn.lpo.fr\/wp-content\/uploads\/2020\/11\/Grand-duc_relache_Rbastens\u00a9_Laurent_Gayral1-1536x1024.jpg 1536w, https:\/\/tarn.lpo.fr\/wp-content\/uploads\/2020\/11\/Grand-duc_relache_Rbastens\u00a9_Laurent_Gayral1-2048x1365.jpg 2048w, https:\/\/tarn.lpo.fr\/wp-content\/uploads\/2020\/11\/Grand-duc_relache_Rbastens\u00a9_Laurent_Gayral1-652x435.jpg 652w\" sizes=\"auto, (max-width: 197px) 100vw, 197px\" \/><\/a>Vous souhaitez venir en aide aux animaux sauvages en d\u00e9tresse. Vous pouvez intervenir tout au long de l\u2019ann\u00e9e dans le rapatriement des oiseaux en d\u00e9tresse vers les centres de sauvegarde.&nbsp;&nbsp;<\/p>\n<p><em><a href=\"https:\/\/tarn.lpo.fr\/?page_id=9866\">Consulter la page sur les b\u00e9n\u00e9voles rapatrieurs<\/a><br \/>\n<\/em><\/p>\n<p>&nbsp;<\/p>\n<p style=\"text-align: justify;\"><span style=\"color: #ff9900;\"><b>SENTINELLE DE LA NATURE<\/b><\/span><\/p>\n<p style=\"text-align: justify;\"><b><a href=\"https:\/\/tarn.lpo.fr\/?attachment_id=9255\" rel=\"attachment wp-att-9255\"><img loading=\"lazy\" decoding=\"async\" class=\"alignleft wp-image-9255\" src=\"https:\/\/tarn.lpo.fr\/wp-content\/uploads\/2024\/04\/Image_naturaliste-300x225.jpg\" alt=\"\" width=\"194\" height=\"145\" srcset=\"https:\/\/tarn.lpo.fr\/wp-content\/uploads\/2024\/04\/Image_naturaliste-300x225.jpg 300w, https:\/\/tarn.lpo.fr\/wp-content\/uploads\/2024\/04\/Image_naturaliste-1024x768.jpg 1024w, https:\/\/tarn.lpo.fr\/wp-content\/uploads\/2024\/04\/Image_naturaliste-768x576.jpg 768w, https:\/\/tarn.lpo.fr\/wp-content\/uploads\/2024\/04\/Image_naturaliste-1536x1152.jpg 1536w, https:\/\/tarn.lpo.fr\/wp-content\/uploads\/2024\/04\/Image_naturaliste-2048x1536.jpg 2048w, https:\/\/tarn.lpo.fr\/wp-content\/uploads\/2024\/04\/Image_naturaliste-652x489.jpg 652w\" sizes=\"auto, (max-width: 194px) 100vw, 194px\" \/><\/a><\/b>Attentif et vigilant, vous \u00eates un relais d&rsquo;information aupr\u00e8s de la LPO Tarn lors du constat de toute atteinte \u00e0 l&rsquo;environnement autour de chez vous.<\/p>\n<p style=\"text-align: justify;\"><em>Exemples d&rsquo;activit\u00e9s : mise en place d&rsquo;une veille dans votre commune, actions de surveillance sur les sites dont la LPO Tarn a la charge (Natura 2000, R\u00e9serve Naturelle), prospection de cavit\u00e9s pi\u00e8ges..<\/em><\/p>\n<p style=\"text-align: justify;\">&nbsp;<\/p>\n<p style=\"text-align: justify;\"><span style=\"color: #0000ff;\">DEVENEZ BENEVOLE.<\/span><br \/>\n<span style=\"color: #0000ff;\">Inscrivez-vous en quelques clics sur : <span style=\"color: #ff6600;\">mon espace.lpo.fr<\/span>. <\/span><br \/>\n<em><span style=\"color: #0000ff;\">Au sein de votre espace, vous pourrez enregistrer votre profil b\u00e9n\u00e9vole, indiquer vos d\u00e9partements d&rsquo;action, vos disponibilit\u00e9s, et acc\u00e9der aux offres de missions et aux actualit\u00e9s de votre r\u00e9gion. <\/span><\/em><\/p>\n<p><em><span style=\"color: #0000ff;\">Pour toutes questions, rendez-vous sur : <span style=\"color: #ff6600;\">tarn@lpo.fr<\/span> .<\/span><\/em><\/p>\n<p><span style=\"color: #0000ff;\">Pour plus d&rsquo;informations, cliquez<\/span><a href=\"https:\/\/www.lpo.fr\/s-engager-a-nos-cotes\/devenir-benevole\/profils-benevoles\"> ICI.<\/a><\/p>\n<p>&nbsp;<\/p>\n<p>&nbsp;<\/p>\n","protected":false},"excerpt":{"rendered":"<p>Vous souhaitez nous rejoindre en tant que B\u00e9n\u00e9vole ! N&rsquo;h\u00e9sitez plus ! Choisissez l&rsquo;action qui vous int\u00e9resse le plus parmi les actions que nous vous proposons : NATURALISTE : Vous aimez observer la faune et la flore. Vous portez un int\u00e9r\u00eat \u00e0 la conservation de la nature et des esp\u00e8ces. Exemples d&rsquo;activit\u00e9s : participer aux &hellip; <\/p>\n<p><a class=\"more-link btn\" href=\"https:\/\/tarn.lpo.fr\/?page_id=327\">Lire la suite<\/a><\/p><p><a class=\"more-link btn\" href=\"https:\/\/tarn.lpo.fr\/?page_id=327\">Lire la suite<\/a><\/p>\n","protected":false},"author":2,"featured_media":0,"parent":323,"menu_order":3,"comment_status":"closed","ping_status":"closed","template":"","meta":{"ngg_post_thumbnail":0,"footnotes":""},"class_list":["post-327","page","type-page","status-publish","hentry","nodate","item-wrap"],"_links":{"self":[{"href":"https:\/\/tarn.lpo.fr\/index.php?rest_route=\/wp\/v2\/pages\/327","targetHints":{"allow":["GET"]}}],"collection":[{"href":"https:\/\/tarn.lpo.fr\/index.php?rest_route=\/wp\/v2\/pages"}],"about":[{"href":"https:\/\/tarn.lpo.fr\/index.php?rest_route=\/wp\/v2\/types\/page"}],"author":[{"embeddable":true,"href":"https:\/\/tarn.lpo.fr\/index.php?rest_route=\/wp\/v2\/users\/2"}],"replies":[{"embeddable":true,"href":"https:\/\/tarn.lpo.fr\/index.php?rest_route=%2Fwp%2Fv2%2Fcomments&post=327"}],"version-history":[{"count":0,"href":"https:\/\/tarn.lpo.fr\/index.php?rest_route=\/wp\/v2\/pages\/327\/revisions"}],"up":[{"embeddable":true,"href":"https:\/\/tarn.lpo.fr\/index.php?rest_route=\/wp\/v2\/pages\/323"}],"wp:attachment":[{"href":"https:\/\/tarn.lpo.fr\/index.php?rest_route=%2Fwp%2Fv2%2Fmedia&parent=327"}],"curies":[{"name":"wp","href":"https:\/\/api.w.org\/{rel}","templated":true}]}}