{"id":331,"date":"2018-02-01T23:33:00","date_gmt":"2018-02-01T23:33:00","guid":{"rendered":"http:\/\/lpotarn.davidalquier.fr\/?page_id=331"},"modified":"2025-01-06T09:45:58","modified_gmt":"2025-01-06T09:45:58","slug":"vos-observations","status":"publish","type":"page","link":"https:\/\/tarn.lpo.fr\/?page_id=331","title":{"rendered":"Faune Nord-Midi-Pyr\u00e9n\u00e9es"},"content":{"rendered":"<div class=\"entry-content clearfix\">\n<p>La base de donn\u00e9es naturalistes en ligne <a href=\"http:\/\/www.faune-tarn-aveyron.org\" target=\"_blank\" rel=\"noopener noreferrer\"><strong>www.faune-tarn-aveyron.org<\/strong><\/a> a \u00e9t\u00e9 mise en service le 11 janvier 2011 par la LPO Aveyron et la LPO Tarn. Depuis janvier 2015 elle a \u00e9tendu sa couverture au d\u00e9partement du Lot.<\/p>\n<p>Elle est co-g\u00e9r\u00e9e par la <strong>LPO Aveyron<\/strong>, la <strong>LPO Lot<\/strong> et la <strong>LPO Tarn<\/strong> en partenariat avec l\u2019<strong>OPIE-MP<\/strong> (Office Pour les Insectes et leur Environnement de Midi-Pyr\u00e9n\u00e9es).<\/p>\n<p>Ce site fait partie du r\u00e9seau <strong><em>Visionature<\/em><\/strong>, outil de sciences participatives, d\u00e9velopp\u00e9 par Biolovision SA et le r\u00e9seau LPO au niveau national (<a href=\"https:\/\/www.faune-france.org\" target=\"_blank\" rel=\"noopener noreferrer\"><strong>www.faune-france.org<\/strong><\/a>). Il existe chez plusieurs de nos voisins europ\u00e9ens (Allemagne, Italie, Autriche, Suisse, Pologne, Catalogne\u2026).<\/p>\n<p>Cette base de donn\u00e9es permet de transmettre facilement et rapidement les observations de l\u2019ensemble des esp\u00e8ces de vert\u00e9br\u00e9s<a href=\"#_ftn1\" name=\"_ftnref1\"><sup>[1]<\/sup><\/a> et de 19 groupes taxonomiques d\u2019invert\u00e9br\u00e9s<a href=\"#_ftn2\" name=\"_ftnref2\"><sup>[2]<\/sup><\/a> afin de contribuer \u00e0 l\u2019am\u00e9lioration des connaissances sur la biodiversit\u00e9 des d\u00e9partements concern\u00e9s. Elle permet \u00e9galement de restituer de l\u2019information sur la faune au moyen de cartes, listes et de synth\u00e8ses consultables par le public directement sur le site.<\/p>\n<p>Outre la saisie classique depuis un ordinateur de bureau sur \u00a0<a href=\"http:\/\/www.faune-tarn-aveyron.org\" target=\"_blank\" rel=\"noopener noreferrer\">www.faune-tarn-aveyron.org<\/a>, l\u2019application smartphone<strong><em> Naturalist<\/em><\/strong> permet aux observateurs de saisir directement leurs donn\u00e9es sur le terrain et de les transmettre en temps r\u00e9el<strong>. <\/strong><\/p>\n<div id=\"attachment_2173\" style=\"width: 127px\" class=\"wp-caption aligncenter\"><img loading=\"lazy\" decoding=\"async\" aria-describedby=\"caption-attachment-2173\" class=\"wp-image-2173\" src=\"https:\/\/tarn.lpo.fr\/wp-content\/uploads\/2020\/01\/NaturaList2.png\" alt=\"\" width=\"127\" height=\"127\" srcset=\"https:\/\/tarn.lpo.fr\/wp-content\/uploads\/2020\/01\/NaturaList2.png 300w, https:\/\/tarn.lpo.fr\/wp-content\/uploads\/2020\/01\/NaturaList2-150x150.png 150w\" sizes=\"auto, (max-width: 127px) 100vw, 127px\" \/><p id=\"caption-attachment-2173\" class=\"wp-caption-text\"><em>Logo de l&rsquo;application Naturalist<\/em><\/p><\/div>\n<p><strong>C\u2019<\/strong>est aussi le support et le relais de\u00a0plusieurs enqu\u00eates d\u2019am\u00e9lioration des connaissances au niveau national\u00a0: <strong>Observatoire des Oiseaux des Jardins\u00a0<\/strong>; <strong>Suivi Temporel des Oiseaux Communs <\/strong>\u00a0(Mus\u00e9um National d\u2019Histoire Naturelle et LPO France) ; <strong>Suivi Hivernal des Oiseaux Communs\u00a0<\/strong>; <strong>Estimation des Populations d\u2019Oiseaux Communs\u00a0<\/strong>; \u00a0<strong>Observatoire \u00ab\u00a0Rapaces diurnes\u00a0\u00bb <\/strong>(LPO France et CNRS)\u2026<\/p>\n<p>Au 29\/01\/2020, le site a recueilli un total de 1 830 200 donn\u00e9es par 1700 observateurs ; pour le Tarn 614 700 donn\u00e9es par 600 observateurs.<\/p>\n<p>Merci \u00e0 tous les contributeurs!<\/p>\n<p>&nbsp;<\/p>\n<p><a href=\"#_ftnref1\" name=\"_ftn1\"><\/a><br \/>\n<em><strong>[1]<\/strong><\/em><em> Oiseaux, Mammif\u00e8res, Reptiles, Amphibiens, Poissons d\u2019eau douce.<\/em><\/p>\n<p><a href=\"#_ftnref2\" name=\"_ftn2\"><\/a><br \/>\n<em><strong>[2]<\/strong> <\/em><em>Odonates, Rhopaloc\u00e8res, H\u00e9t\u00e9roc\u00e8res, Orthopt\u00e8res, Hym\u00e9nopt\u00e8res, Arachnides, Col\u00e9opt\u00e8res, Punaises, M\u00e9copt\u00e8res, Dipt\u00e8res, N\u00e9vropt\u00e8res, Mantes, Phasmes, Cigales, Scorpions, \u00c9crevisses, Branchiopodes, Mollusques terrestres et aquatiques.<\/em>\n<\/div>\n","protected":false},"excerpt":{"rendered":"<p>La base de donn\u00e9es naturalistes en ligne www.faune-tarn-aveyron.org a \u00e9t\u00e9 mise en service le 11 janvier 2011 par la LPO Aveyron et la LPO Tarn. Depuis janvier 2015 elle a \u00e9tendu sa couverture au d\u00e9partement du Lot. Elle est co-g\u00e9r\u00e9e par la LPO Aveyron, la LPO Lot et la LPO Tarn en partenariat avec l\u2019OPIE-MP &hellip; <\/p>\n<p><a class=\"more-link btn\" href=\"https:\/\/tarn.lpo.fr\/?page_id=331\">Lire la suite<\/a><\/p><p><a class=\"more-link btn\" href=\"https:\/\/tarn.lpo.fr\/?page_id=331\">Lire la suite<\/a><\/p>\n","protected":false},"author":2,"featured_media":0,"parent":321,"menu_order":2,"comment_status":"closed","ping_status":"closed","template":"","meta":{"ngg_post_thumbnail":0,"footnotes":""},"class_list":["post-331","page","type-page","status-publish","hentry","nodate","item-wrap"],"_links":{"self":[{"href":"https:\/\/tarn.lpo.fr\/index.php?rest_route=\/wp\/v2\/pages\/331","targetHints":{"allow":["GET"]}}],"collection":[{"href":"https:\/\/tarn.lpo.fr\/index.php?rest_route=\/wp\/v2\/pages"}],"about":[{"href":"https:\/\/tarn.lpo.fr\/index.php?rest_route=\/wp\/v2\/types\/page"}],"author":[{"embeddable":true,"href":"https:\/\/tarn.lpo.fr\/index.php?rest_route=\/wp\/v2\/users\/2"}],"replies":[{"embeddable":true,"href":"https:\/\/tarn.lpo.fr\/index.php?rest_route=%2Fwp%2Fv2%2Fcomments&post=331"}],"version-history":[{"count":0,"href":"https:\/\/tarn.lpo.fr\/index.php?rest_route=\/wp\/v2\/pages\/331\/revisions"}],"up":[{"embeddable":true,"href":"https:\/\/tarn.lpo.fr\/index.php?rest_route=\/wp\/v2\/pages\/321"}],"wp:attachment":[{"href":"https:\/\/tarn.lpo.fr\/index.php?rest_route=%2Fwp%2Fv2%2Fmedia&parent=331"}],"curies":[{"name":"wp","href":"https:\/\/api.w.org\/{rel}","templated":true}]}}