{"id":335,"date":"2018-02-01T23:35:16","date_gmt":"2018-02-01T23:35:16","guid":{"rendered":"http:\/\/lpotarn.davidalquier.fr\/?page_id=335"},"modified":"2023-12-31T14:27:22","modified_gmt":"2023-12-31T14:27:22","slug":"refuges-lpo","status":"publish","type":"page","link":"https:\/\/tarn.lpo.fr\/?page_id=335","title":{"rendered":"Cr\u00e9er un Refuge LPO"},"content":{"rendered":"<p style=\"text-align: left;\"><img loading=\"lazy\" decoding=\"async\" class=\"size-medium wp-image-614\" src=\"https:\/\/tarn.lpo.fr\/wp-content\/uploads\/2019\/03\/Logo_RefugesLPO02-300x117.jpg\" alt=\"\" width=\"300\" height=\"117\" srcset=\"https:\/\/tarn.lpo.fr\/wp-content\/uploads\/2019\/03\/Logo_RefugesLPO02-300x117.jpg 300w, https:\/\/tarn.lpo.fr\/wp-content\/uploads\/2019\/03\/Logo_RefugesLPO02.jpg 468w\" sizes=\"auto, (max-width: 300px) 100vw, 300px\" \/><\/p>\n<h3>Comment agir contre le d\u00e9clin de la biodiversit\u00e9<\/h3>\n<div style=\"width: 652px;\" class=\"wp-video\"><video class=\"wp-video-shortcode\" id=\"video-335-1\" width=\"652\" height=\"367\" preload=\"metadata\" controls=\"controls\"><source type=\"video\/mp4\" src=\"https:\/\/tarn.lpo.fr\/wp-content\/uploads\/2019\/04\/Refuge-1-site.mp4?_=1\" \/><a href=\"https:\/\/tarn.lpo.fr\/wp-content\/uploads\/2019\/04\/Refuge-1-site.mp4\">https:\/\/tarn.lpo.fr\/wp-content\/uploads\/2019\/04\/Refuge-1-site.mp4<\/a><\/video><\/div>\n<p>&nbsp;<\/p>\n<p><span style=\"font-size: 24pt;\"><strong>La Charte des refuges LPO<\/strong><\/span><\/p>\n<p><span style=\"font-size: 12pt;\">La charte Refuge LPO mat\u00e9rialise l\u2019engagement moral \u00e0 pr\u00e9server la nature et am\u00e9liorer la biodiversit\u00e9 sur son terrain, \u00e0 respecter pour devenir Refuge LPO.<\/span><\/p>\n<p><span style=\"font-size: 12pt;\">Un Refuge LPO est un engagement moral \u00e0 pr\u00e9server la nature et am\u00e9liorer la biodiversit\u00e9 sur son terrain, et \u00e0 respecter les principes de charte Refuge LPO.<\/span><\/p>\n<p class=\"western\"><strong><span style=\"font-size: 14pt;\">Principe 1 : Je cr\u00e9e les conditions propices \u00e0 l\u2019installation de la faune et de la flore sauvages<\/span><\/strong><\/p>\n<p><span style=\"font-size: 12pt;\"><img loading=\"lazy\" decoding=\"async\" class=\" wp-image-1877 alignleft\" src=\"https:\/\/tarn.lpo.fr\/wp-content\/uploads\/2019\/12\/picto_refuge_accueil_400x400-282x300.jpg\" alt=\"\" width=\"137\" height=\"145\" srcset=\"https:\/\/tarn.lpo.fr\/wp-content\/uploads\/2019\/12\/picto_refuge_accueil_400x400-282x300.jpg 282w, https:\/\/tarn.lpo.fr\/wp-content\/uploads\/2019\/12\/picto_refuge_accueil_400x400.jpg 400w\" sizes=\"auto, (max-width: 137px) 100vw, 137px\" \/>En prot\u00e9geant les oiseaux et la nature en veillant \u00e0 la tranquillit\u00e9 des lieux, en particulier pendant les p\u00e9riodes sensibles comme lors de la nidification et des grands froids.<\/span><\/p>\n<p><span style=\"font-size: 12pt;\">En diversifiant et en am\u00e9nageant, selon la surface de mon Refuge, des milieux favorables \u00e0 la faune et \u00e0 la flore sauvages, comme une haie champ\u00eatre, une mare ou un mur de pierres s\u00e8ches.<\/span><\/p>\n<p><span style=\"font-size: 12pt;\">En privil\u00e9giant la plantation d\u2019esp\u00e8ces qui poussent naturellement dans ma r\u00e9gion, plus r\u00e9sistantes aux conditions climatiques et adapt\u00e9es \u00e0 la faune locale.<\/span><\/p>\n<p class=\"western\"><strong><span style=\"font-size: 14pt;\">Principe 2 : Je renonce aux produits chimiques<\/span><\/strong><\/p>\n<p><span style=\"font-size: 12pt;\"><img loading=\"lazy\" decoding=\"async\" class=\" wp-image-1878 alignleft\" src=\"https:\/\/tarn.lpo.fr\/wp-content\/uploads\/2019\/12\/interdiction_produit_phyto_v2_400x400-297x300.jpg\" alt=\"\" width=\"138\" height=\"140\" srcset=\"https:\/\/tarn.lpo.fr\/wp-content\/uploads\/2019\/12\/interdiction_produit_phyto_v2_400x400-297x300.jpg 297w, https:\/\/tarn.lpo.fr\/wp-content\/uploads\/2019\/12\/interdiction_produit_phyto_v2_400x400.jpg 400w\" sizes=\"auto, (max-width: 138px) 100vw, 138px\" \/>En adoptant un mode de gestion \u00e9cologique de mon Refuge et en pr\u00e9f\u00e9rant les techniques manuelles de d\u00e9sherbage ou les produits biologiques si une intervention est vraiment n\u00e9cessaire.<\/span><br \/>\n<span style=\"font-size: 12pt;\">En pr\u00e9f\u00e9rant les engrais naturels (compost, purin d\u2019ortie, etc.) pour les plantes exigeantes comme les arbres fruitiers ou les l\u00e9gumes, en favorisant les associations de plantes et les auxiliaires r\u00e9duisant les maladies.<\/span><\/p>\n<p class=\"western\"><strong><span style=\"font-size: 14pt;\">Principe 3 : Je r\u00e9duis mon impact sur l\u2019environnement<\/span><\/strong><\/p>\n<p><span style=\"font-size: 12pt;\"><img loading=\"lazy\" decoding=\"async\" class=\" wp-image-1880 alignleft\" src=\"https:\/\/tarn.lpo.fr\/wp-content\/uploads\/2019\/12\/picto_refuge_recyclage_v2_400x400-293x300.jpg\" alt=\"\" width=\"144\" height=\"148\" srcset=\"https:\/\/tarn.lpo.fr\/wp-content\/uploads\/2019\/12\/picto_refuge_recyclage_v2_400x400-293x300.jpg 293w, https:\/\/tarn.lpo.fr\/wp-content\/uploads\/2019\/12\/picto_refuge_recyclage_v2_400x400.jpg 400w\" sizes=\"auto, (max-width: 144px) 100vw, 144px\" \/>En adoptant des gestes \u00e9cocitoyens, notamment en utilisant raisonnablement les ressources naturelles comme l\u2019eau et en recyclant mes d\u00e9chets m\u00e9nagers.<\/span><\/p>\n<p>&nbsp;<\/p>\n<p>&nbsp;<\/p>\n<p class=\"western\"><strong><span style=\"font-size: 14pt;\">Principe 4 : Je fais de mon Refuge un espace sans chasse pour la biodiversit\u00e9<\/span><\/strong><\/p>\n<p><span style=\"font-size: 12pt;\"><img loading=\"lazy\" decoding=\"async\" class=\" wp-image-1881 alignleft\" src=\"https:\/\/tarn.lpo.fr\/wp-content\/uploads\/2019\/12\/interdiction_chasse_v3_400x400-300x284.jpg\" alt=\"\" width=\"182\" height=\"172\" srcset=\"https:\/\/tarn.lpo.fr\/wp-content\/uploads\/2019\/12\/interdiction_chasse_v3_400x400-300x284.jpg 300w, https:\/\/tarn.lpo.fr\/wp-content\/uploads\/2019\/12\/interdiction_chasse_v3_400x400.jpg 425w\" sizes=\"auto, (max-width: 182px) 100vw, 182px\" \/>En m\u2019engageant \u00e0 ne pas chasser dans mon Refuge s\u2019il se situe dans une zone o\u00f9 la chasse peut s\u2019exercer.<\/span><\/p>\n<p><span style=\"font-size: 12pt;\">En entreprenant toute d\u00e9marche utile, \u00e0 mon initiative et avec les conseils de la LPO, pour que la chasse puisse y \u00eatre interdite dans les meilleurs d\u00e9lais<\/span><\/p>\n<p><span style=\"font-size: 12pt;\">[(<strong>\u00c0 noter<\/strong> : La cr\u00e9ation du Refuge LPO ne remet pas en cause mes droits sur ma propri\u00e9t\u00e9, je conserve toujours la libre et enti\u00e8re disposition de mon bien et la jouissance de celui-ci. L\u2019agr\u00e9ment \u00ab Refuge LPO \u00bb n\u2019a pas de valeur juridique. Il n\u2019entra\u00eene aucune plus-value du terrain concern\u00e9, ni aucun statut de protection de celui-ci hormis le droit du propri\u00e9taire.)]<\/span><\/p>\n<p><span style=\"font-size: 12pt;\">Site des refuges LPO : <a href=\"https:\/\/refuges.lpo.fr\/\" target=\"_blank\" rel=\"noopener noreferrer\">https:\/\/refuges.lpo.fr\/<\/a><\/span><\/p>\n","protected":false},"excerpt":{"rendered":"<p>Comment agir contre le d\u00e9clin de la biodiversit\u00e9 &nbsp; La Charte des refuges LPO La charte Refuge LPO mat\u00e9rialise l\u2019engagement moral \u00e0 pr\u00e9server la nature et am\u00e9liorer la biodiversit\u00e9 sur son terrain, \u00e0 respecter pour devenir Refuge LPO. Un Refuge LPO est un engagement moral \u00e0 pr\u00e9server la nature et am\u00e9liorer la biodiversit\u00e9 sur son &hellip; <\/p>\n<p><a class=\"more-link btn\" href=\"https:\/\/tarn.lpo.fr\/?page_id=335\">Lire la suite<\/a><\/p><p><a class=\"more-link btn\" href=\"https:\/\/tarn.lpo.fr\/?page_id=335\">Lire la suite<\/a><\/p>\n","protected":false},"author":2,"featured_media":0,"parent":951,"menu_order":1,"comment_status":"closed","ping_status":"closed","template":"","meta":{"ngg_post_thumbnail":0,"footnotes":""},"class_list":["post-335","page","type-page","status-publish","hentry","nodate","item-wrap"],"_links":{"self":[{"href":"https:\/\/tarn.lpo.fr\/index.php?rest_route=\/wp\/v2\/pages\/335","targetHints":{"allow":["GET"]}}],"collection":[{"href":"https:\/\/tarn.lpo.fr\/index.php?rest_route=\/wp\/v2\/pages"}],"about":[{"href":"https:\/\/tarn.lpo.fr\/index.php?rest_route=\/wp\/v2\/types\/page"}],"author":[{"embeddable":true,"href":"https:\/\/tarn.lpo.fr\/index.php?rest_route=\/wp\/v2\/users\/2"}],"replies":[{"embeddable":true,"href":"https:\/\/tarn.lpo.fr\/index.php?rest_route=%2Fwp%2Fv2%2Fcomments&post=335"}],"version-history":[{"count":0,"href":"https:\/\/tarn.lpo.fr\/index.php?rest_route=\/wp\/v2\/pages\/335\/revisions"}],"up":[{"embeddable":true,"href":"https:\/\/tarn.lpo.fr\/index.php?rest_route=\/wp\/v2\/pages\/951"}],"wp:attachment":[{"href":"https:\/\/tarn.lpo.fr\/index.php?rest_route=%2Fwp%2Fv2%2Fmedia&parent=335"}],"curies":[{"name":"wp","href":"https:\/\/api.w.org\/{rel}","templated":true}]}}