{"id":337,"date":"2018-02-01T23:43:08","date_gmt":"2018-02-01T22:43:08","guid":{"rendered":"http:\/\/lpotarn.davidalquier.fr\/?page_id=337"},"modified":"2022-12-06T09:56:14","modified_gmt":"2022-12-06T09:56:14","slug":"boutique-lpo","status":"publish","type":"page","link":"https:\/\/tarn.lpo.fr\/?page_id=337","title":{"rendered":"La Boutique LPO"},"content":{"rendered":"<h3>La Boutique LPO vous invite \u00e0 d\u00e9couvrir la nature et \u00e0 la cultiver chez vous au quotidien !<\/h3>\n<div id=\"attachment_2250\" style=\"width: 170px\" class=\"wp-caption aligncenter\"><a href=\"https:\/\/boutique.lpo.fr\/\" target=\"_blank\" rel=\"noopener noreferrer\"><img loading=\"lazy\" decoding=\"async\" aria-describedby=\"caption-attachment-2250\" class=\"wp-image-2250\" src=\"https:\/\/tarn.lpo.fr\/wp-content\/uploads\/2020\/02\/Boutique-LPO.jpg\" alt=\"\" width=\"170\" height=\"51\" srcset=\"https:\/\/tarn.lpo.fr\/wp-content\/uploads\/2020\/02\/Boutique-LPO.jpg 575w, https:\/\/tarn.lpo.fr\/wp-content\/uploads\/2020\/02\/Boutique-LPO-300x90.jpg 300w\" sizes=\"auto, (max-width: 170px) 100vw, 170px\" \/><\/a><p id=\"caption-attachment-2250\" class=\"wp-caption-text\"><em>Cliquez ici !<\/em><\/p><\/div>\n<h3>Nos engagements<\/h3>\n<p>Les articles qui vous sont propos\u00e9s sont soigneusement test\u00e9s et s\u00e9lectionn\u00e9s par nos \u00e9quipes d&rsquo;animateurs, de naturalistes et d&rsquo;ornithologues pour vous apporter la garantie d&rsquo;un achat de qualit\u00e9, utile pour les oiseaux et la nature. Les choix se font sur la base de crit\u00e8res scientifiques, \u00e9ducatifs, p\u00e9dagogiques, \u00e9thiques, techniques et pratiques pour que chacun d&rsquo;entre nous puisse agir au quotidien pour prot\u00e9ger notre plan\u00e8te.<\/p>\n<h3>De vos achats \u00e0 nos actions<\/h3>\n<p>100% du b\u00e9n\u00e9fice des ventes de ce catalogue financent directement les actions de protection de la nature entreprises par la LPO et son r\u00e9seau, sans interm\u00e9diaire.<\/p>\n<p>Acheter \u00e0 la Boutique LPO c\u2019est donc acheter responsable et utile, pour l\u2019Homme et pour la biodiversit\u00e9.<\/p>\n<p style=\"text-align: center;\"><img loading=\"lazy\" decoding=\"async\" class=\"alignnone wp-image-6630\" src=\"https:\/\/tarn.lpo.fr\/wp-content\/uploads\/2022\/12\/CatalogueLPO-2023-212x300.jpg\" alt=\"\" width=\"212\" height=\"300\" srcset=\"https:\/\/tarn.lpo.fr\/wp-content\/uploads\/2022\/12\/CatalogueLPO-2023-212x300.jpg 212w, https:\/\/tarn.lpo.fr\/wp-content\/uploads\/2022\/12\/CatalogueLPO-2023.jpg 500w\" sizes=\"auto, (max-width: 212px) 100vw, 212px\" \/><\/p>\n<p style=\"text-align: center;\"><span style=\"font-family: Averia Libre; font-size: 16pt; color: #ff6600;\">Demandez-nous le catalogue<\/span><\/p>\n","protected":false},"excerpt":{"rendered":"<p>La Boutique LPO vous invite \u00e0 d\u00e9couvrir la nature et \u00e0 la cultiver chez vous au quotidien ! Nos engagements Les articles qui vous sont propos\u00e9s sont soigneusement test\u00e9s et s\u00e9lectionn\u00e9s par nos \u00e9quipes d&rsquo;animateurs, de naturalistes et d&rsquo;ornithologues pour vous apporter la garantie d&rsquo;un achat de qualit\u00e9, utile pour les oiseaux et la nature. &hellip; <\/p>\n<p><a class=\"more-link btn\" href=\"https:\/\/tarn.lpo.fr\/?page_id=337\">Lire la suite<\/a><\/p><p><a class=\"more-link btn\" href=\"https:\/\/tarn.lpo.fr\/?page_id=337\">Lire la suite<\/a><\/p>\n","protected":false},"author":2,"featured_media":0,"parent":323,"menu_order":6,"comment_status":"closed","ping_status":"closed","template":"","meta":{"ngg_post_thumbnail":0,"footnotes":""},"class_list":["post-337","page","type-page","status-publish","hentry","nodate","item-wrap"],"_links":{"self":[{"href":"https:\/\/tarn.lpo.fr\/index.php?rest_route=\/wp\/v2\/pages\/337","targetHints":{"allow":["GET"]}}],"collection":[{"href":"https:\/\/tarn.lpo.fr\/index.php?rest_route=\/wp\/v2\/pages"}],"about":[{"href":"https:\/\/tarn.lpo.fr\/index.php?rest_route=\/wp\/v2\/types\/page"}],"author":[{"embeddable":true,"href":"https:\/\/tarn.lpo.fr\/index.php?rest_route=\/wp\/v2\/users\/2"}],"replies":[{"embeddable":true,"href":"https:\/\/tarn.lpo.fr\/index.php?rest_route=%2Fwp%2Fv2%2Fcomments&post=337"}],"version-history":[{"count":0,"href":"https:\/\/tarn.lpo.fr\/index.php?rest_route=\/wp\/v2\/pages\/337\/revisions"}],"up":[{"embeddable":true,"href":"https:\/\/tarn.lpo.fr\/index.php?rest_route=\/wp\/v2\/pages\/323"}],"wp:attachment":[{"href":"https:\/\/tarn.lpo.fr\/index.php?rest_route=%2Fwp%2Fv2%2Fmedia&parent=337"}],"curies":[{"name":"wp","href":"https:\/\/api.w.org\/{rel}","templated":true}]}}