{"id":352,"date":"2018-02-01T23:59:04","date_gmt":"2018-02-01T23:59:04","guid":{"rendered":"http:\/\/lpotarn.davidalquier.fr\/?page_id=352"},"modified":"2024-09-18T08:36:56","modified_gmt":"2024-09-18T08:36:56","slug":"animations","status":"publish","type":"page","link":"https:\/\/tarn.lpo.fr\/?page_id=352","title":{"rendered":"Les animations tout public"},"content":{"rendered":"<p><img loading=\"lazy\" decoding=\"async\" class=\"alignleft wp-image-6474 size-thumbnail\" src=\"https:\/\/tarn.lpo.fr\/wp-content\/uploads\/2022\/11\/Image_animation_001.jpg\" alt=\"\" width=\"150\" height=\"150\" srcset=\"https:\/\/tarn.lpo.fr\/wp-content\/uploads\/2022\/11\/Image_animation_001.jpg 2000w, https:\/\/tarn.lpo.fr\/wp-content\/uploads\/2022\/11\/Image_animation_001-300x300.jpg 300w, https:\/\/tarn.lpo.fr\/wp-content\/uploads\/2022\/11\/Image_animation_001-1024x1024.jpg 1024w, https:\/\/tarn.lpo.fr\/wp-content\/uploads\/2022\/11\/Image_animation_001-150x150.jpg 150w, https:\/\/tarn.lpo.fr\/wp-content\/uploads\/2022\/11\/Image_animation_001-768x768.jpg 768w, https:\/\/tarn.lpo.fr\/wp-content\/uploads\/2022\/11\/Image_animation_001-1536x1536.jpg 1536w, https:\/\/tarn.lpo.fr\/wp-content\/uploads\/2022\/11\/Image_animation_001-652x652.jpg 652w\" sizes=\"auto, (max-width: 150px) 100vw, 150px\" \/><strong>Nuit de la chouette<\/strong><\/p>\n<p>Chaque ann\u00e9e, la LPO Tarn, participe \u00e0 la nuit de la chouette. Un diaporama pr\u00e9sente les chants et cris des rapaces nocturnes avant une sortie nocturne.<\/p>\n<table>\n<tbody>\n<tr><!-- ========== NUIT DE LA CHOUETTE ========= --><\/tr>\n<\/tbody>\n<\/table>\n<table>\n<tbody>\n<tr><!-- ========== FONLABOUR - JOURN\u00c9E DE LA BIODIVERSIT\u00c9 ========= --><\/tr>\n<\/tbody>\n<\/table>\n<p><strong><a href=\"https:\/\/tarn.lpo.fr\/?attachment_id=1915\" rel=\"attachment wp-att-1915\"><img loading=\"lazy\" decoding=\"async\" class=\"alignleft size-full wp-image-1915\" src=\"https:\/\/tarn.lpo.fr\/wp-content\/uploads\/2020\/01\/Faucon-p\u00e8lerin.jpg\" alt=\"\" width=\"111\" height=\"133\"><\/a>Les faucons p\u00e8lerins de la cath\u00e9drale d&rsquo;Albi.<\/strong><\/p>\n<p>Lors de la journ\u00e9e du patrimoine, des b\u00e9n\u00e9voles animent un stand \u00e0 la cath\u00e9drale d&rsquo;Albi en permettant aux visiteurs de voir et d&rsquo;apprendre \u00e0 conna\u00eetre les faucons p\u00e8lerins qui nichent \u00e0 la cath\u00e9drale d&rsquo;Albi.<\/p>\n<table>\n<tbody>\n<tr><!-- ========== ALBI - FAUCON P\u00c8LERIN ========= --><\/tr>\n<\/tbody>\n<\/table>\n<p><img loading=\"lazy\" decoding=\"async\" class=\"alignleft wp-image-1561 size-thumbnail\" src=\"https:\/\/tarn.lpo.fr\/wp-content\/uploads\/2022\/11\/Image_animation_002.jpg\" alt=\"\" width=\"150\" height=\"150\"><strong>Foire Biocyb\u00e8le<\/strong><\/p>\n<p>La LPO Tarn participe chaque ann\u00e9e \u00e0 la plus grande foire bio du Sud\u2010Ouest, o\u00f9 elle informe sur la biodiversit\u00e9 en g\u00e9n\u00e9ral, et fait part de ces actions.<\/p>\n<p>&nbsp;<\/p>\n<p>&nbsp;<\/p>\n<p><strong>Pour plus d&rsquo;informations, vous pouvez contacter :<\/strong><\/p>\n<p>Anne Cr\u00e9villers,&nbsp;\u00c9ducatrice \u00e0 l&rsquo;environnement,&nbsp;<a href=\"mailto:animation.tarn@lpo.fr\">animation.tarn@lpo.fr<\/a><\/p>\n<table>\n<tbody>\n<tr><!-- ========== FOIRE BIOCYB\u00c8LE ========= --><\/tr>\n<\/tbody>\n<\/table>\n","protected":false},"excerpt":{"rendered":"<p>Nuit de la chouette Chaque ann\u00e9e, la LPO Tarn, participe \u00e0 la nuit de la chouette. Un diaporama pr\u00e9sente les chants et cris des rapaces nocturnes avant une sortie nocturne. Les faucons p\u00e8lerins de la cath\u00e9drale d&rsquo;Albi. Lors de la journ\u00e9e du patrimoine, des b\u00e9n\u00e9voles animent un stand \u00e0 la cath\u00e9drale d&rsquo;Albi en permettant aux &hellip; <\/p>\n<p><a class=\"more-link btn\" href=\"https:\/\/tarn.lpo.fr\/?page_id=352\">Lire la suite<\/a><\/p><p><a class=\"more-link btn\" href=\"https:\/\/tarn.lpo.fr\/?page_id=352\">Lire la suite<\/a><\/p>\n","protected":false},"author":2,"featured_media":0,"parent":248,"menu_order":2,"comment_status":"closed","ping_status":"closed","template":"","meta":{"ngg_post_thumbnail":0,"footnotes":""},"class_list":["post-352","page","type-page","status-publish","hentry","nodate","item-wrap"],"_links":{"self":[{"href":"https:\/\/tarn.lpo.fr\/index.php?rest_route=\/wp\/v2\/pages\/352","targetHints":{"allow":["GET"]}}],"collection":[{"href":"https:\/\/tarn.lpo.fr\/index.php?rest_route=\/wp\/v2\/pages"}],"about":[{"href":"https:\/\/tarn.lpo.fr\/index.php?rest_route=\/wp\/v2\/types\/page"}],"author":[{"embeddable":true,"href":"https:\/\/tarn.lpo.fr\/index.php?rest_route=\/wp\/v2\/users\/2"}],"replies":[{"embeddable":true,"href":"https:\/\/tarn.lpo.fr\/index.php?rest_route=%2Fwp%2Fv2%2Fcomments&post=352"}],"version-history":[{"count":0,"href":"https:\/\/tarn.lpo.fr\/index.php?rest_route=\/wp\/v2\/pages\/352\/revisions"}],"up":[{"embeddable":true,"href":"https:\/\/tarn.lpo.fr\/index.php?rest_route=\/wp\/v2\/pages\/248"}],"wp:attachment":[{"href":"https:\/\/tarn.lpo.fr\/index.php?rest_route=%2Fwp%2Fv2%2Fmedia&parent=352"}],"curies":[{"name":"wp","href":"https:\/\/api.w.org\/{rel}","templated":true}]}}