{"id":4937,"date":"2021-12-28T17:35:06","date_gmt":"2021-12-28T17:35:06","guid":{"rendered":"https:\/\/tarn.lpo.fr\/?page_id=4937"},"modified":"2023-03-06T11:32:29","modified_gmt":"2023-03-06T11:32:29","slug":"web-serie-colocataires-sauvages","status":"publish","type":"page","link":"https:\/\/tarn.lpo.fr\/?page_id=4937","title":{"rendered":"Web-s\u00e9rie Colocataires Sauvages"},"content":{"rendered":"<p style=\"text-align: justify;\"><img loading=\"lazy\" decoding=\"async\" class=\"alignleft wp-image-4943 size-medium\" src=\"https:\/\/tarn.lpo.fr\/wp-content\/uploads\/2021\/12\/Web-serie-LPO-001-300x168.png\" alt=\"\" width=\"300\" height=\"168\" srcset=\"https:\/\/tarn.lpo.fr\/wp-content\/uploads\/2021\/12\/Web-serie-LPO-001-300x168.png 300w, https:\/\/tarn.lpo.fr\/wp-content\/uploads\/2021\/12\/Web-serie-LPO-001-768x430.png 768w, https:\/\/tarn.lpo.fr\/wp-content\/uploads\/2021\/12\/Web-serie-LPO-001-652x365.png 652w, https:\/\/tarn.lpo.fr\/wp-content\/uploads\/2021\/12\/Web-serie-LPO-001.png 920w\" sizes=\"auto, (max-width: 300px) 100vw, 300px\" \/>La LPO a lanc\u00e9 une web-s\u00e9rie pour sensibiliser le public \u00e0 mieux cohabiter avec la nature de proximit\u00e9 ! Le tout premier \u00e9pisode vient de sortir ! Nourrir les oiseaux au jardin, sur un balcon ou dans les lieux publics est chose courante, mais <strong>attention aux mauvaises pratiques !&nbsp;<\/strong>Vous vous posez des questions sur comment, quand et avec quoi nourrir les oiseaux ?<\/p>\n<p style=\"text-align: justify;\">Retrouvez tous nos <a title=\"\" href=\"https:\/\/www.lpo.fr\/la-lpo-en-actions\/mobilisation-citoyenne\/mediation-faune-sauvage\/fiches-conseils-mediation-faune-sauvage\" target=\"_blank\" rel=\"noopener\"><strong>conseils pour mieux cohabiter avec la faune sauvage.&nbsp;<\/strong><\/a><br \/>\nTous les mois pendant les 10 prochains mois, d\u00e9couvrez un nouvel \u00e9pisode de la web-s\u00e9rie o\u00f9 Mathieu, le naturaliste barbu de la LPO Aquitaine, vous apprendra \u00e0 (re)conna\u00eetre la faune sauvage proche de chez vous pour mieux la prot\u00e9ger !<\/p>\n<p><strong><a title=\"\" href=\"https:\/\/www.facebook.com\/LPO.fr\/videos\/1090661438432636\" target=\"_blank\" rel=\"noopener\">D\u00e9couvrez l&rsquo;\u00e9pisode 1<\/a> : <a href=\"https:\/\/www.lpo.fr\/lpo-locales\/la-lpo-en-nouvelle-aquitaine\/lpo-aquitaine\/actus-aquitaine\/actu-2021-aquitaine\/web-serie-colocataires-sauvages-episode-1\" target=\"_blank\" rel=\"noopener\">ICI <\/a>(<\/strong>Vid\u00e9o r\u00e9alis\u00e9e avec la participation de l\u2019OFB)<br \/>\n<span style=\"color: #0000ff;\"><strong><em>Nourrir au jardin, attention aux mauvaises pratiques!<\/em><\/strong><\/span><\/p>\n<p><strong><a title=\"\" href=\"https:\/\/www.lpo.fr\/qui-sommes-nous\/toutes-nos-actualites\/articles\/actus-2022\/web-serie-colocataires-sauvages-episode-2\" target=\"_blank\" rel=\"noopener\">D\u00e9couvrez l&rsquo;\u00e9pisode 2<\/a> : <a href=\"https:\/\/www.lpo.fr\/lpo-locales\/la-lpo-en-nouvelle-aquitaine\/lpo-aquitaine\/actus-aquitaine\/actu-2021-aquitaine\/web-serie-colocataires-sauvages-episode-1\" target=\"_blank\" rel=\"noopener\">ICI <\/a>(<\/strong>Vid\u00e9o r\u00e9alis\u00e9e avec la participation de l\u2019OFB).<br \/>\n<span style=\"color: #0000ff;\"><strong><em>Araign\u00e9es, n&rsquo;ayez plus peur!<\/em><\/strong><\/span><\/p>\n<p><strong><a title=\"\" href=\"https:\/\/www.lpo.fr\/lpo-locales\/la-lpo-en-nouvelle-aquitaine\/lpo-aquitaine\/actus-aquitaine\/actu-2022-aquitaine\/web-serie-colocataires-sauvages-episode-3\" target=\"_blank\" rel=\"noopener\">D\u00e9couvrez l&rsquo;\u00e9pisode 3<\/a> : <a href=\"https:\/\/www.lpo.fr\/lpo-locales\/la-lpo-en-nouvelle-aquitaine\/lpo-aquitaine\/actus-aquitaine\/actu-2021-aquitaine\/web-serie-colocataires-sauvages-episode-1\" target=\"_blank\" rel=\"noopener\">ICI <\/a>(<\/strong>Vid\u00e9o r\u00e9alis\u00e9e avec la participation de l\u2019OFB).<br \/>\n<span style=\"color: #0000ff;\"><strong><em>Les vitres, un danger invisible!<\/em><\/strong><\/span><\/p>\n<p style=\"text-align: justify;\">Rendez-vous le&nbsp;<strong>vendredi 11 mars \u00e0 partir de 9h30<\/strong> pour le 4\u00e8me&nbsp;\u00e9pisode. La vid\u00e9o sera disponible sur&nbsp;<a title=\"\" href=\"https:\/\/www.facebook.com\/watch\/11659197613\/436493594718318\" target=\"_blank\" rel=\"noopener\"><strong>la playlist Facebook de LPO France.<\/strong><\/a><\/p>\n<p>&nbsp;<\/p>\n","protected":false},"excerpt":{"rendered":"<p>La LPO a lanc\u00e9 une web-s\u00e9rie pour sensibiliser le public \u00e0 mieux cohabiter avec la nature de proximit\u00e9 ! Le tout premier \u00e9pisode vient de sortir ! Nourrir les oiseaux au jardin, sur un balcon ou dans les lieux publics est chose courante, mais attention aux mauvaises pratiques !&nbsp;Vous vous posez des questions sur comment, &hellip; <\/p>\n<p><a class=\"more-link btn\" href=\"https:\/\/tarn.lpo.fr\/?page_id=4937\">Lire la suite<\/a><\/p>\n","protected":false},"author":7,"featured_media":0,"parent":951,"menu_order":3,"comment_status":"closed","ping_status":"closed","template":"template-twocolumnsright.php","meta":{"ngg_post_thumbnail":0,"footnotes":""},"class_list":["post-4937","page","type-page","status-publish","hentry","nodate","item-wrap"],"_links":{"self":[{"href":"https:\/\/tarn.lpo.fr\/index.php?rest_route=\/wp\/v2\/pages\/4937","targetHints":{"allow":["GET"]}}],"collection":[{"href":"https:\/\/tarn.lpo.fr\/index.php?rest_route=\/wp\/v2\/pages"}],"about":[{"href":"https:\/\/tarn.lpo.fr\/index.php?rest_route=\/wp\/v2\/types\/page"}],"author":[{"embeddable":true,"href":"https:\/\/tarn.lpo.fr\/index.php?rest_route=\/wp\/v2\/users\/7"}],"replies":[{"embeddable":true,"href":"https:\/\/tarn.lpo.fr\/index.php?rest_route=%2Fwp%2Fv2%2Fcomments&post=4937"}],"version-history":[{"count":0,"href":"https:\/\/tarn.lpo.fr\/index.php?rest_route=\/wp\/v2\/pages\/4937\/revisions"}],"up":[{"embeddable":true,"href":"https:\/\/tarn.lpo.fr\/index.php?rest_route=\/wp\/v2\/pages\/951"}],"wp:attachment":[{"href":"https:\/\/tarn.lpo.fr\/index.php?rest_route=%2Fwp%2Fv2%2Fmedia&parent=4937"}],"curies":[{"name":"wp","href":"https:\/\/api.w.org\/{rel}","templated":true}]}}