{"id":5214,"date":"2022-03-31T14:29:18","date_gmt":"2022-03-31T14:29:18","guid":{"rendered":"https:\/\/tarn.lpo.fr\/?page_id=5214"},"modified":"2026-03-15T21:53:44","modified_gmt":"2026-03-15T21:53:44","slug":"compte-rendu-des-sorties","status":"publish","type":"page","link":"https:\/\/tarn.lpo.fr\/?page_id=5214","title":{"rendered":"Compte rendu des sorties"},"content":{"rendered":"<p><span style=\"color: #ff6600;\">Compte rendu de l&rsquo;animation \u00ab\u00a0Nuit de la chouette \u00e0 Lagarrigue\u00a0\u00bb<\/span><br \/>\n<span style=\"color: #000000;\">\u00ab\u00a0Une belle soir\u00e9e gr\u00e2ce aux MJC de Lagarrigue et de Payrin et \u00e0 l\u2019animation par les associations<\/span><br \/>\n<span style=\"color: #000000;\">LPO (ligue de protection des oiseaux), les FCPN (f\u00e9d\u00e9ration connaitre et prot\u00e9ger la nature ) et J\u2019mlire (une association de partage autour des livres et de la lecture )\u00a0\u00bb<\/span><\/p>\n<div><span style=\"color: #000000; font-family: 'Averia Libre';\">Pour t\u00e9l\u00e9charger ce compte-rendu <em><span style=\"font-size: 12px;\">(mise ne forme par Yves Guminski)<\/span><\/em>, <a href=\"https:\/\/tarn.lpo.fr\/wp-content\/uploads\/2026\/03\/CR-CPN-7-mars-2026-MJC.pdf\">cliquez ICI&nbsp;<\/a> <em><span style=\"font-size: 12px;\">&nbsp;<\/span><\/em><\/span><\/div>\n<div>&nbsp;<\/div>\n<p><span style=\"color: #ff6600;\"><strong>Aidons les insectes b\u00e9n\u00e9fiques \u00e0 passer l&rsquo;hiver!<\/strong><\/span><br \/>\nAnimation \u00e0 Lagarrigue du 21 septembre 2024 :<br \/>\n<strong>&#8211; Cliquez <a href=\"https:\/\/tarn.lpo.fr\/wp-content\/uploads\/2024\/09\/sortie_CPN_21_09_24_MJC.pdf\" target=\"_blank\" rel=\"noopener\">ici<\/a> pour voir l&rsquo;article.<\/strong><\/p>\n<p><span style=\"color: #ff6600;\"><strong>Animation \u00e0 la RNR de Cambounet-sur-le-Sor avec le foyer de vie de Cuxac-Cabard\u00e8s, juillet 2024 &nbsp;:<\/strong><\/span><br \/>\nUn mercredi matin de mai, une joyeuse troupe s\u2019appre\u0302te a\u0300 de\u0301couvrir les tre\u0301sors de la re\u0301serve de Cambounet-sur-le-Sor. Nous sommes 10, 7 re\u0301sidents et re\u0301sidentes du foyer de vie de Cuxac, et 3 personnes accompagnatrices.<br \/>\n&#8211; <strong>Cliquez <a href=\"https:\/\/tarn.lpo.fr\/wp-content\/uploads\/2024\/10\/lecourrierdelhirondelle151_152_20240708.pdf\" target=\"_blank\" rel=\"noopener\">ici<\/a> pour lire l&rsquo;article en page 3.<br \/>\n<\/strong><\/p>\n<div class=\"page\" title=\"Page 5\">\n<div class=\"section\">\n<div class=\"layoutArea\">\n<div class=\"column\">\n<p><span style=\"color: #ff6600;\"><strong>Animation LPO avec les r\u00e9sidents du Refuge protestant de Mazamet :<\/strong><\/span><br \/>\nMardi 26 septembre 2023, par une belle journe\u0301e ensoleille\u0301e, des re\u0301sidents du Refuge protestant de Mazamet, sous la conduite de Mme Savoldelli et de M. Daussin, adhe\u0301rents et be\u0301ne\u0301voles de la LPO, se sont rendus a\u0300 la Maison du bois et du jouet. Le the\u0300me choisi e\u0301tait les oiseaux de la Montagne noire, the\u0300me qui a suscite\u0301 beaucoup d&rsquo;inte\u0301re\u0302t, de questions aussi. Un enregistrement du de\u0301bat sera propose\u0301 aux re\u0301sidents qui n&rsquo;ont pu se de\u0301placer.<br \/>\n&#8211; <strong>Cliquez <a href=\"https:\/\/tarn.lpo.fr\/wp-content\/uploads\/2023\/12\/lecourrierdelhirondelle142_202310.pdf\" target=\"_blank\" rel=\"noopener\">ici<\/a> pour lire l&rsquo;article en page 5.<\/strong><\/p>\n<p><strong><span style=\"color: #ff6600;\">Animation \u00ab\u00a0Conna\u00eetre les lichens\u00a0\u00bb du Dimanche 27 mars 2022 \u00e0 la MJC de Lagarrigue :<\/span><\/strong><br \/>\n<strong>&#8211; Cliquez <a href=\"https:\/\/tarn.lpo.fr\/?p=5217\">ici<\/a> pour voir l&rsquo;article.<\/strong><\/p>\n<p><span style=\"color: #ff6600;\"><strong>F\u00eate de la nature au refuge Puech Autentik &#8211; Andouque &#8211; 22 mai 2022 :<\/strong><\/span><br \/>\n<strong>&#8211; Cliquez <a href=\"https:\/\/tarn.lpo.fr\/wp-content\/uploads\/2022\/06\/Compte-rendu-FDLN-2022.pdf\" target=\"_blank\" rel=\"noopener\">ici<\/a> pour voir le compte rendu.<\/strong><br \/>\n<img loading=\"lazy\" decoding=\"async\" class=\"alignnone size-medium wp-image-5708\" src=\"https:\/\/tarn.lpo.fr\/wp-content\/uploads\/2022\/06\/IMGP8530-300x199.jpg\" alt=\"\" width=\"300\" height=\"199\" srcset=\"https:\/\/tarn.lpo.fr\/wp-content\/uploads\/2022\/06\/IMGP8530-300x199.jpg 300w, https:\/\/tarn.lpo.fr\/wp-content\/uploads\/2022\/06\/IMGP8530-1024x678.jpg 1024w, https:\/\/tarn.lpo.fr\/wp-content\/uploads\/2022\/06\/IMGP8530-768x509.jpg 768w, https:\/\/tarn.lpo.fr\/wp-content\/uploads\/2022\/06\/IMGP8530-1536x1017.jpg 1536w, https:\/\/tarn.lpo.fr\/wp-content\/uploads\/2022\/06\/IMGP8530-2048x1356.jpg 2048w, https:\/\/tarn.lpo.fr\/wp-content\/uploads\/2022\/06\/IMGP8530-652x432.jpg 652w\" sizes=\"auto, (max-width: 300px) 100vw, 300px\" \/><\/p>\n<p><strong><span style=\"color: #ff6600;\">Balade papillons et odonates en vall\u00e9e du Viaur du samedi 18 juin 2022 :<\/span><\/strong><br \/>\n<strong>&#8211; Cliquez <a href=\"https:\/\/tarn.lpo.fr\/?p=6527\">ici<\/a> pour voir l&rsquo;article.<\/strong><\/p>\n<div id=\"attachment_5810\" style=\"width: 300px\" class=\"wp-caption alignnone\"><img loading=\"lazy\" decoding=\"async\" aria-describedby=\"caption-attachment-5810\" class=\"size-medium wp-image-5810\" src=\"https:\/\/tarn.lpo.fr\/wp-content\/uploads\/2022\/08\/Photo-3-300x205.png\" alt=\"\" width=\"300\" height=\"205\" srcset=\"https:\/\/tarn.lpo.fr\/wp-content\/uploads\/2022\/08\/Photo-3-300x205.png 300w, https:\/\/tarn.lpo.fr\/wp-content\/uploads\/2022\/08\/Photo-3.png 640w\" sizes=\"auto, (max-width: 300px) 100vw, 300px\" \/><p id=\"caption-attachment-5810\" class=\"wp-caption-text\">\u00a9JL Haber<\/p><\/div>\n<p><strong><span style=\"color: #ff6600;\">Si le nombre des oiseaux diminue, les personnes qui s\u2019y int\u00e9ressent sont de plus en plus nombreuses !<\/span><\/strong><br \/>\nAnimation \u00e0 Lagarrigue du 25 novembre 2022 :<br \/>\n<strong>&#8211; Cliquez <a href=\"https:\/\/tarn.lpo.fr\/?page_id=6615\">ici<\/a> pour voir l&rsquo;article.<\/strong><\/p>\n<p>&nbsp;<\/p>\n<\/div>\n<\/div>\n<\/div>\n<\/div>\n","protected":false},"excerpt":{"rendered":"<p>Compte rendu de l&rsquo;animation \u00ab\u00a0Nuit de la chouette \u00e0 Lagarrigue\u00a0\u00bb \u00ab\u00a0Une belle soir\u00e9e gr\u00e2ce aux MJC de Lagarrigue et de Payrin et \u00e0 l\u2019animation par les associations LPO (ligue de protection des oiseaux), les FCPN (f\u00e9d\u00e9ration connaitre et prot\u00e9ger la nature ) et J\u2019mlire (une association de partage autour des livres et de la lecture &hellip; <\/p>\n<p><a class=\"more-link btn\" href=\"https:\/\/tarn.lpo.fr\/?page_id=5214\">Lire la suite<\/a><\/p>\n","protected":false},"author":7,"featured_media":0,"parent":248,"menu_order":7,"comment_status":"closed","ping_status":"closed","template":"","meta":{"ngg_post_thumbnail":0,"footnotes":""},"class_list":["post-5214","page","type-page","status-publish","hentry","nodate","item-wrap"],"_links":{"self":[{"href":"https:\/\/tarn.lpo.fr\/index.php?rest_route=\/wp\/v2\/pages\/5214","targetHints":{"allow":["GET"]}}],"collection":[{"href":"https:\/\/tarn.lpo.fr\/index.php?rest_route=\/wp\/v2\/pages"}],"about":[{"href":"https:\/\/tarn.lpo.fr\/index.php?rest_route=\/wp\/v2\/types\/page"}],"author":[{"embeddable":true,"href":"https:\/\/tarn.lpo.fr\/index.php?rest_route=\/wp\/v2\/users\/7"}],"replies":[{"embeddable":true,"href":"https:\/\/tarn.lpo.fr\/index.php?rest_route=%2Fwp%2Fv2%2Fcomments&post=5214"}],"version-history":[{"count":0,"href":"https:\/\/tarn.lpo.fr\/index.php?rest_route=\/wp\/v2\/pages\/5214\/revisions"}],"up":[{"embeddable":true,"href":"https:\/\/tarn.lpo.fr\/index.php?rest_route=\/wp\/v2\/pages\/248"}],"wp:attachment":[{"href":"https:\/\/tarn.lpo.fr\/index.php?rest_route=%2Fwp%2Fv2%2Fmedia&parent=5214"}],"curies":[{"name":"wp","href":"https:\/\/api.w.org\/{rel}","templated":true}]}}