{"id":6615,"date":"2022-12-02T16:09:35","date_gmt":"2022-12-02T16:09:35","guid":{"rendered":"https:\/\/tarn.lpo.fr\/?page_id=6615"},"modified":"2023-03-06T10:58:40","modified_gmt":"2023-03-06T10:58:40","slug":"si-le-nombre-des-oiseaux-diminue-les-personnes-qui-sy-interessent-sont-de-plus-en-plus-nombreuses","status":"publish","type":"page","link":"https:\/\/tarn.lpo.fr\/?page_id=6615","title":{"rendered":"Si le nombre des oiseaux diminue, les personnes qui s\u2019y int\u00e9ressent sont de plus en plus nombreuses !"},"content":{"rendered":"<p style=\"text-align: justify;\" align=\"LEFT\"><a href=\"https:\/\/tarn.lpo.fr\/?attachment_id=6568\" rel=\"attachment wp-att-6568\"><img loading=\"lazy\" decoding=\"async\" class=\"alignleft size-medium wp-image-6568\" src=\"https:\/\/tarn.lpo.fr\/wp-content\/uploads\/2022\/11\/animation-01-300x128.jpg\" alt=\"\" width=\"300\" height=\"128\" srcset=\"https:\/\/tarn.lpo.fr\/wp-content\/uploads\/2022\/11\/animation-01-300x128.jpg 300w, https:\/\/tarn.lpo.fr\/wp-content\/uploads\/2022\/11\/animation-01.jpg 556w\" sizes=\"auto, (max-width: 300px) 100vw, 300px\" \/><\/a>Ce samedi 26 novembre c\u2019est une cinquantaine de personnes, des seniors aux plus jeunes, qui se sont retrouv\u00e9es \u00e0 la MJC de Lagarrigue pour apprendre \u00ab\u00a0les secrets des oiseaux de chez nous\u00a0\u00bb<\/p>\n<p class=\"western\" style=\"text-align: justify;\" lang=\"fr-FR\">Au travers d\u2019un diaporama sur les photos de Claude, on a r\u00e9v\u00e9l\u00e9 \u00ab des secrets sur la vie des oiseaux \u00bb \u2026<i>savez vous que la<\/i><i> <\/i><i>femelle<\/i><i> <\/i><i>du<\/i><i> <\/i><i>merle<\/i><i> <\/i><i>choisit<\/i><i> <\/i><i>un<\/i><i> <\/i><i>m\u00e2le <\/i><i>qui a le bec le plus orang\u00e9, signe de bonne sant\u00e9\u2026 que les m\u00e9sanges<\/i><i> <\/i><i>charbonni\u00e8res<\/i><i> <\/i><i>chantent<\/i><i> <\/i><i>sur<\/i><i> <\/i><i>un<\/i><i> <\/i><i>registre<\/i><i> <\/i><i>plus<\/i><i> <\/i><i>\u00e9lev\u00e9<\/i><i> <\/i><i>en<\/i><i> <\/i><i>ville<\/i><i> <\/i><i>pour<\/i><i> <\/i><i>se<\/i><i> <\/i><i>faire<\/i><i> <\/i><i>entendre<\/i>\u2026<\/p>\n<p class=\"western\" style=\"text-align: justify;\" lang=\"fr-FR\">Ensuite les adultes ont assailli Didier et Claude de questions pendant que les enfants prenaient place dans les ateliers.<\/p>\n<p class=\"western\" style=\"text-align: justify;\" lang=\"fr-FR\">Confection d\u2019abreuvoirs pour oiseaux, en fixant de la mousse sur le bord d\u2019une coupelle.<\/p>\n<p class=\"western\" style=\"text-align: justify;\" lang=\"fr-FR\">Atelier artistique : cr\u00e9er des oiseaux \u00e0 partir de feuilles de toutes les couleurs, jeux de soci\u00e9t\u00e9 sur les oiseaux anim\u00e9s par des ados.<\/p>\n<p class=\"western\" style=\"text-align: justify;\" lang=\"fr-FR\">Atelier-jeu autour des becs : le bec de certains oiseaux est tout fin comme une pince \u00e0 \u00e9piler, d\u2019autres <a href=\"https:\/\/tarn.lpo.fr\/?attachment_id=6569\" rel=\"attachment wp-att-6569\"><img loading=\"lazy\" decoding=\"async\" class=\"alignleft size-medium wp-image-6569\" src=\"https:\/\/tarn.lpo.fr\/wp-content\/uploads\/2022\/11\/animation-03-300x225.jpg\" alt=\"\" width=\"300\" height=\"225\" srcset=\"https:\/\/tarn.lpo.fr\/wp-content\/uploads\/2022\/11\/animation-03-300x225.jpg 300w, https:\/\/tarn.lpo.fr\/wp-content\/uploads\/2022\/11\/animation-03.jpg 519w\" sizes=\"auto, (max-width: 300px) 100vw, 300px\" \/><\/a>ressemblent \u00e0 une tenaille,\u2026 les enfants ont essay\u00e9 d\u2019attraper des petites graines, des herbes qui flottent dans l\u2019eau pour comprendre comment la forme du bec est adapt\u00e9e \u00e0 la nourriture disponible pour l\u2019oiseau.<\/p>\n<p class=\"western\" style=\"text-align: justify;\" lang=\"fr-FR\">Que faut-il autour de chez nous pour que des petits animaux puissent y vivre ? Sur la maquette de maison\u2026 les enfants ont plac\u00e9 des arbres, un composteur, un mur de pierre\u2026<\/p>\n<p class=\"western\" style=\"text-align: justify;\" lang=\"fr-FR\">Ce fut une apr\u00e8s-midi tr\u00e8s active o\u00f9 parents, enfants et adulte allait d\u2019un atelier \u00e0 l\u2019autre dans une atmosph\u00e8re joyeuse.<\/p>\n<p class=\"western\" style=\"text-align: justify;\" lang=\"fr-FR\">La tr\u00e8s belle exposition sur le Causse (propos\u00e9e par des photographes de le LPO)a \u00e9t\u00e9 beaucoup regard\u00e9e et comment\u00e9e, elle reste visible deux semaines encore. N\u2019h\u00e9sitez pas \u00e0 venir la voir.<\/p>\n<p class=\"western\" style=\"text-align: justify;\" align=\"LEFT\">A bient\u00f4t pour d\u2019autres moments autour de notre bien commun \u00e0 tous <b>la<\/b><b> <\/b><b>nature<\/b><b> <\/b>et tous ses occupants oiseaux, mammif\u00e8res, insectes\u2026<\/p>\n<p class=\"western\" style=\"text-align: justify;\" align=\"LEFT\">Marie-Odile (club CPN\/LPO)<\/p>\nngg_shortcode_0_placeholder\n","protected":false},"excerpt":{"rendered":"<p>Ce samedi 26 novembre c\u2019est une cinquantaine de personnes, des seniors aux plus jeunes, qui se sont retrouv\u00e9es \u00e0 la MJC de Lagarrigue pour apprendre \u00ab\u00a0les secrets des oiseaux de chez nous\u00a0\u00bb Au travers d\u2019un diaporama sur les photos de Claude, on a r\u00e9v\u00e9l\u00e9 \u00ab des secrets sur la vie des oiseaux \u00bb \u2026savez vous &hellip; <\/p>\n<p><a class=\"more-link btn\" href=\"https:\/\/tarn.lpo.fr\/?page_id=6615\">Lire la suite<\/a><\/p>\n","protected":false},"author":7,"featured_media":0,"parent":5214,"menu_order":1,"comment_status":"closed","ping_status":"closed","template":"","meta":{"ngg_post_thumbnail":0,"footnotes":""},"class_list":["post-6615","page","type-page","status-publish","hentry","nodate","item-wrap"],"_links":{"self":[{"href":"https:\/\/tarn.lpo.fr\/index.php?rest_route=\/wp\/v2\/pages\/6615","targetHints":{"allow":["GET"]}}],"collection":[{"href":"https:\/\/tarn.lpo.fr\/index.php?rest_route=\/wp\/v2\/pages"}],"about":[{"href":"https:\/\/tarn.lpo.fr\/index.php?rest_route=\/wp\/v2\/types\/page"}],"author":[{"embeddable":true,"href":"https:\/\/tarn.lpo.fr\/index.php?rest_route=\/wp\/v2\/users\/7"}],"replies":[{"embeddable":true,"href":"https:\/\/tarn.lpo.fr\/index.php?rest_route=%2Fwp%2Fv2%2Fcomments&post=6615"}],"version-history":[{"count":0,"href":"https:\/\/tarn.lpo.fr\/index.php?rest_route=\/wp\/v2\/pages\/6615\/revisions"}],"up":[{"embeddable":true,"href":"https:\/\/tarn.lpo.fr\/index.php?rest_route=\/wp\/v2\/pages\/5214"}],"wp:attachment":[{"href":"https:\/\/tarn.lpo.fr\/index.php?rest_route=%2Fwp%2Fv2%2Fmedia&parent=6615"}],"curies":[{"name":"wp","href":"https:\/\/api.w.org\/{rel}","templated":true}]}}