{"id":8717,"date":"2024-02-07T17:00:53","date_gmt":"2024-02-07T17:00:53","guid":{"rendered":"https:\/\/tarn.lpo.fr\/?page_id=8717"},"modified":"2024-02-07T17:41:52","modified_gmt":"2024-02-07T17:41:52","slug":"theme-de-lannee","status":"publish","type":"page","link":"https:\/\/tarn.lpo.fr\/?page_id=8717","title":{"rendered":"Th\u00e8me de l&rsquo;ann\u00e9e"},"content":{"rendered":"<div id=\"attachment_8675\" style=\"width: 300px\" class=\"wp-caption alignleft\"><a href=\"https:\/\/tarn.lpo.fr\/?attachment_id=8675\" rel=\"attachment wp-att-8675\"><img loading=\"lazy\" decoding=\"async\" aria-describedby=\"caption-attachment-8675\" class=\"size-medium wp-image-8675\" src=\"https:\/\/tarn.lpo.fr\/wp-content\/uploads\/2024\/02\/Gerard-BISMES-6-300x200.jpg\" alt=\"\" width=\"300\" height=\"200\" srcset=\"https:\/\/tarn.lpo.fr\/wp-content\/uploads\/2024\/02\/Gerard-BISMES-6-300x200.jpg 300w, https:\/\/tarn.lpo.fr\/wp-content\/uploads\/2024\/02\/Gerard-BISMES-6-1024x683.jpg 1024w, https:\/\/tarn.lpo.fr\/wp-content\/uploads\/2024\/02\/Gerard-BISMES-6-768x512.jpg 768w, https:\/\/tarn.lpo.fr\/wp-content\/uploads\/2024\/02\/Gerard-BISMES-6-1536x1024.jpg 1536w, https:\/\/tarn.lpo.fr\/wp-content\/uploads\/2024\/02\/Gerard-BISMES-6-652x435.jpg 652w, https:\/\/tarn.lpo.fr\/wp-content\/uploads\/2024\/02\/Gerard-BISMES-6.jpg 1920w\" sizes=\"auto, (max-width: 300px) 100vw, 300px\" \/><\/a><p id=\"caption-attachment-8675\" class=\"wp-caption-text\">\u00a9G Bismes<\/p><\/div>\n<p class=\"cvGsUA direction-ltr align-justify para-style-body\"><span class=\"OYPEnA text-decoration-none text-strikethrough-none\">Voici une nouvelle rubrique que vous retrouverez tout au long de l\u2019ann\u00e9e. Elle est consacr\u00e9e au th\u00e8me choisi par la LPO et met en lumi\u00e8re les arbres, la haie et la for\u00eat, indispensables \u00e0 la pr\u00e9servation de la biodiversit\u00e9 et des \u00e9cosyst\u00e8mes.<\/span><\/p>\n<p class=\"cvGsUA direction-ltr align-justify para-style-body\"><span class=\"OYPEnA text-decoration-none text-strikethrough-none\">Articles, conseils du mois et t\u00e9moignages animeront cette rubrique. Une rubrique sur notre site compl\u00e9tera les nombreuses informations sur ce th\u00e8me<\/span><\/p>\n<p>&nbsp;<\/p>\n<p>Th\u00e8me de l&rsquo;ann\u00e9e 2024 : <a href=\"https:\/\/tarn.lpo.fr\/?page_id=8725\">L&rsquo;Arbre et la Haie<\/a><\/p>\n","protected":false},"excerpt":{"rendered":"<p>Voici une nouvelle rubrique que vous retrouverez tout au long de l\u2019ann\u00e9e. Elle est consacr\u00e9e au th\u00e8me choisi par la LPO et met en lumi\u00e8re les arbres, la haie et la for\u00eat, indispensables \u00e0 la pr\u00e9servation de la biodiversit\u00e9 et des \u00e9cosyst\u00e8mes. Articles, conseils du mois et t\u00e9moignages animeront cette rubrique. Une rubrique sur notre &hellip; <\/p>\n<p><a class=\"more-link btn\" href=\"https:\/\/tarn.lpo.fr\/?page_id=8717\">Lire la suite<\/a><\/p>\n","protected":false},"author":7,"featured_media":0,"parent":305,"menu_order":0,"comment_status":"closed","ping_status":"closed","template":"","meta":{"ngg_post_thumbnail":0,"footnotes":""},"class_list":["post-8717","page","type-page","status-publish","hentry","nodate","item-wrap"],"_links":{"self":[{"href":"https:\/\/tarn.lpo.fr\/index.php?rest_route=\/wp\/v2\/pages\/8717","targetHints":{"allow":["GET"]}}],"collection":[{"href":"https:\/\/tarn.lpo.fr\/index.php?rest_route=\/wp\/v2\/pages"}],"about":[{"href":"https:\/\/tarn.lpo.fr\/index.php?rest_route=\/wp\/v2\/types\/page"}],"author":[{"embeddable":true,"href":"https:\/\/tarn.lpo.fr\/index.php?rest_route=\/wp\/v2\/users\/7"}],"replies":[{"embeddable":true,"href":"https:\/\/tarn.lpo.fr\/index.php?rest_route=%2Fwp%2Fv2%2Fcomments&post=8717"}],"version-history":[{"count":0,"href":"https:\/\/tarn.lpo.fr\/index.php?rest_route=\/wp\/v2\/pages\/8717\/revisions"}],"up":[{"embeddable":true,"href":"https:\/\/tarn.lpo.fr\/index.php?rest_route=\/wp\/v2\/pages\/305"}],"wp:attachment":[{"href":"https:\/\/tarn.lpo.fr\/index.php?rest_route=%2Fwp%2Fv2%2Fmedia&parent=8717"}],"curies":[{"name":"wp","href":"https:\/\/api.w.org\/{rel}","templated":true}]}}