{"id":8725,"date":"2024-02-07T17:33:30","date_gmt":"2024-02-07T17:33:30","guid":{"rendered":"https:\/\/tarn.lpo.fr\/?page_id=8725"},"modified":"2024-02-19T14:07:48","modified_gmt":"2024-02-19T14:07:48","slug":"larbre-et-la-haie","status":"publish","type":"page","link":"https:\/\/tarn.lpo.fr\/?page_id=8725","title":{"rendered":"L&rsquo;Arbre et la Haie"},"content":{"rendered":"<p class=\"cvGsUA direction-ltr align-justify para-style-body\" style=\"text-align: justify;\"><span class=\"OYPEnA text-decoration-none text-strikethrough-none\">Si vous \u00eates abonn\u00e9.e \u00e0 l\u2019OIseau mag, vous n\u2019avez pu manquer le bel article consacr\u00e9 \u00e0 la <\/span><span class=\"OYPEnA text-decoration-none text-strikethrough-none\">haie s\u00e8che<\/span><span class=\"OYPEnA text-decoration-none text-strikethrough-none\">. Une installation facile \u00e0 mettre en \u0153uvre m\u00eame dans un petit jardin en utilisant les r\u00e9sidus de taille ou d\u2019\u00e9lagage r\u00e9alis\u00e9s cet hiver.<\/span><\/p>\n<p class=\"cvGsUA direction-ltr align-justify para-style-body\" style=\"text-align: justify;\"><span class=\"OYPEnA text-decoration-none text-strikethrough-none\">En ce mois de f\u00e9vrier et jusqu\u2019en mars, il est toujours possible de planter. Les essences locales sont \u00e0 favoriser ; une haie bocag\u00e8re ou un bosquet compos\u00e9 de quelques arbres et arbustes de diff\u00e9rentes hauteurs sont \u00e0 privil\u00e9gier.<\/span><\/p>\n<p style=\"text-align: justify;\"><span class=\"OYPEnA text-decoration-none text-strikethrough-none\">Eviter de planter un arbre seul qui souffrira \u00e0 s\u2019installer et \u00e0 se d\u00e9velopper. Enfin, acheter plut\u00f4t des sujets de petite taille qui pourront d\u00e9velopper leur syst\u00e8me racinaire, garant de leur d\u00e9veloppement futur et de leur r\u00e9sistance aux maladies et aux al\u00e9as climatiques.<\/span><\/p>\n<h1 class=\"font-black\"><span style=\"font-size: 20px;\"><span style=\"color: #ff6600;\">Arbres et arbustes : optez pour la taille hivernale,<\/span> <a href=\"https:\/\/tarn.lpo.fr\/wp-content\/uploads\/2024\/02\/Lpo-Taille-hivernale.pdf\"><span style=\"font-size: 16px;\">cliquez ICI pour lire l&rsquo;article<\/span><\/a><\/span><\/h1>\n<p><span style=\"font-size: 20px; color: #ff6600;\">la fiche juridique \u00e0 <a href=\"https:\/\/tarn.lpo.fr\/wp-content\/uploads\/2024\/02\/Fiche-juridique_Arbre_et_haie.pdf\">T\u00e9l\u00e9charger<\/a>&nbsp;<\/span><\/p>\n","protected":false},"excerpt":{"rendered":"<p>Si vous \u00eates abonn\u00e9.e \u00e0 l\u2019OIseau mag, vous n\u2019avez pu manquer le bel article consacr\u00e9 \u00e0 la haie s\u00e8che. Une installation facile \u00e0 mettre en \u0153uvre m\u00eame dans un petit jardin en utilisant les r\u00e9sidus de taille ou d\u2019\u00e9lagage r\u00e9alis\u00e9s cet hiver. En ce mois de f\u00e9vrier et jusqu\u2019en mars, il est toujours possible de &hellip; <\/p>\n<p><a class=\"more-link btn\" href=\"https:\/\/tarn.lpo.fr\/?page_id=8725\">Lire la suite<\/a><\/p>\n","protected":false},"author":7,"featured_media":0,"parent":8717,"menu_order":0,"comment_status":"closed","ping_status":"closed","template":"","meta":{"ngg_post_thumbnail":0,"footnotes":""},"class_list":["post-8725","page","type-page","status-publish","hentry","nodate","item-wrap"],"_links":{"self":[{"href":"https:\/\/tarn.lpo.fr\/index.php?rest_route=\/wp\/v2\/pages\/8725","targetHints":{"allow":["GET"]}}],"collection":[{"href":"https:\/\/tarn.lpo.fr\/index.php?rest_route=\/wp\/v2\/pages"}],"about":[{"href":"https:\/\/tarn.lpo.fr\/index.php?rest_route=\/wp\/v2\/types\/page"}],"author":[{"embeddable":true,"href":"https:\/\/tarn.lpo.fr\/index.php?rest_route=\/wp\/v2\/users\/7"}],"replies":[{"embeddable":true,"href":"https:\/\/tarn.lpo.fr\/index.php?rest_route=%2Fwp%2Fv2%2Fcomments&post=8725"}],"version-history":[{"count":0,"href":"https:\/\/tarn.lpo.fr\/index.php?rest_route=\/wp\/v2\/pages\/8725\/revisions"}],"up":[{"embeddable":true,"href":"https:\/\/tarn.lpo.fr\/index.php?rest_route=\/wp\/v2\/pages\/8717"}],"wp:attachment":[{"href":"https:\/\/tarn.lpo.fr\/index.php?rest_route=%2Fwp%2Fv2%2Fmedia&parent=8725"}],"curies":[{"name":"wp","href":"https:\/\/api.w.org\/{rel}","templated":true}]}}