{"id":9181,"date":"2024-03-26T10:47:24","date_gmt":"2024-03-26T10:47:24","guid":{"rendered":"https:\/\/tarn.lpo.fr\/?page_id=9181"},"modified":"2025-06-06T13:23:26","modified_gmt":"2025-06-06T13:23:26","slug":"loiseau-du-mois","status":"publish","type":"page","link":"https:\/\/tarn.lpo.fr\/?page_id=9181","title":{"rendered":"L&rsquo;oiseau du mois"},"content":{"rendered":"<p>Retrouvez dans cette page la liste des articles de la rubrique \u00ab\u00a0L&rsquo;oiseau du mois\u00a0\u00bb qui para\u00eet dans le Courrier de l&rsquo;Hirondelle, ces articles sont \u00e9crits en collaboration avec des salari\u00e9s et des b\u00e9n\u00e9voles.<\/p>\n<ul>\n<li><a href=\"https:\/\/tarn.lpo.fr\/?p=9202\">La Huppe fasci\u00e9e.<\/a><\/li>\n<li><a href=\"https:\/\/tarn.lpo.fr\/?p=9614\">Le Loriot d&rsquo;Europe.<\/a><\/li>\n<li><a href=\"https:\/\/tarn.lpo.fr\/wp-content\/uploads\/2024\/09\/Rollier-dEurope-jl.pdf\">Le Rollier d&rsquo;Europe.<\/a><\/li>\n<li><a href=\"https:\/\/tarn.lpo.fr\/wp-content\/uploads\/2024\/11\/Le-Fuligule-Milouin.pdf\">Le Fuligule Milouin.<\/a><\/li>\n<li><a href=\"https:\/\/tarn.lpo.fr\/wp-content\/uploads\/2025\/02\/Loiseau-du-mois_Grosbec.pdf\">Le Grosbec casse noyaux.<\/a><\/li>\n<li><a href=\"https:\/\/tarn.lpo.fr\/wp-content\/uploads\/2025\/04\/Le_Milan_Noir.pdf\">Le Milan noir.<\/a><\/li>\n<li><a href=\"https:\/\/tarn.lpo.fr\/wp-content\/uploads\/2025\/06\/La-Linotte-melodieuse.pdf\">La Linotte m\u00e9lodieuse.<\/a><\/li>\n<\/ul>\n","protected":false},"excerpt":{"rendered":"<p>Retrouvez dans cette page la liste des articles de la rubrique \u00ab\u00a0L&rsquo;oiseau du mois\u00a0\u00bb qui para\u00eet dans le Courrier de l&rsquo;Hirondelle, ces articles sont \u00e9crits en collaboration avec des salari\u00e9s et des b\u00e9n\u00e9voles. La Huppe fasci\u00e9e. Le Loriot d&rsquo;Europe. Le Rollier d&rsquo;Europe. Le Fuligule Milouin. Le Grosbec casse noyaux. Le Milan noir. La Linotte m\u00e9lodieuse.<\/p>\n","protected":false},"author":7,"featured_media":0,"parent":227,"menu_order":2,"comment_status":"closed","ping_status":"closed","template":"","meta":{"ngg_post_thumbnail":0,"footnotes":""},"class_list":["post-9181","page","type-page","status-publish","hentry","nodate","item-wrap"],"_links":{"self":[{"href":"https:\/\/tarn.lpo.fr\/index.php?rest_route=\/wp\/v2\/pages\/9181","targetHints":{"allow":["GET"]}}],"collection":[{"href":"https:\/\/tarn.lpo.fr\/index.php?rest_route=\/wp\/v2\/pages"}],"about":[{"href":"https:\/\/tarn.lpo.fr\/index.php?rest_route=\/wp\/v2\/types\/page"}],"author":[{"embeddable":true,"href":"https:\/\/tarn.lpo.fr\/index.php?rest_route=\/wp\/v2\/users\/7"}],"replies":[{"embeddable":true,"href":"https:\/\/tarn.lpo.fr\/index.php?rest_route=%2Fwp%2Fv2%2Fcomments&post=9181"}],"version-history":[{"count":0,"href":"https:\/\/tarn.lpo.fr\/index.php?rest_route=\/wp\/v2\/pages\/9181\/revisions"}],"up":[{"embeddable":true,"href":"https:\/\/tarn.lpo.fr\/index.php?rest_route=\/wp\/v2\/pages\/227"}],"wp:attachment":[{"href":"https:\/\/tarn.lpo.fr\/index.php?rest_route=%2Fwp%2Fv2%2Fmedia&parent=9181"}],"curies":[{"name":"wp","href":"https:\/\/api.w.org\/{rel}","templated":true}]}}