{"id":939,"date":"2019-04-07T11:45:45","date_gmt":"2019-04-07T11:45:45","guid":{"rendered":"https:\/\/tarntest.lpo.fr\/?page_id=939"},"modified":"2024-07-11T13:43:21","modified_gmt":"2024-07-11T13:43:21","slug":"les-comptes-rendus-de-lag","status":"publish","type":"page","link":"https:\/\/tarn.lpo.fr\/?page_id=939","title":{"rendered":"Comptes-rendus et documents divers"},"content":{"rendered":"<hr style=\"height: 6px; border-width: 0; color: #7099bf; background-color: #7099bf;\">\n<p><span style=\"font-size: 20px;\"><b>LPO Occitanie &#8211; DT du Tarn<\/b><\/span><\/p>\n<hr style=\"height: 2px; border-width: 0; color: gray; background-color: gray;\">\n<p>Synth\u00e8se du projet territorial de la LPO Occitanie &#8211; DT du Tarn pour 2024-2028<br \/>\n<a href=\"https:\/\/tarn.lpo.fr\/wp-content\/uploads\/2024\/04\/Synthese-projet-VF.pdf\" target=\"_blank\" rel=\"noopener\">T\u00e9l\u00e9charger le document<\/a><\/p>\n<hr style=\"height: 2px; border-width: 0; color: gray; background-color: gray;\">\n<p><img loading=\"lazy\" decoding=\"async\" class=\"alignleft wp-image-9299\" src=\"https:\/\/tarn.lpo.fr\/wp-content\/uploads\/2024\/04\/Image_Assises_territoriales_2024-300x199.jpg\" alt=\"\" width=\"225\" height=\"149\" srcset=\"https:\/\/tarn.lpo.fr\/wp-content\/uploads\/2024\/04\/Image_Assises_territoriales_2024-300x199.jpg 300w, https:\/\/tarn.lpo.fr\/wp-content\/uploads\/2024\/04\/Image_Assises_territoriales_2024-1024x678.jpg 1024w, https:\/\/tarn.lpo.fr\/wp-content\/uploads\/2024\/04\/Image_Assises_territoriales_2024-768x509.jpg 768w, https:\/\/tarn.lpo.fr\/wp-content\/uploads\/2024\/04\/Image_Assises_territoriales_2024-1536x1017.jpg 1536w, https:\/\/tarn.lpo.fr\/wp-content\/uploads\/2024\/04\/Image_Assises_territoriales_2024-2048x1356.jpg 2048w, https:\/\/tarn.lpo.fr\/wp-content\/uploads\/2024\/04\/Image_Assises_territoriales_2024-652x432.jpg 652w\" sizes=\"auto, (max-width: 225px) 100vw, 225px\" \/><b>Assises territoriales &#8211; 17 mars 2024 <\/b><br \/>\n<b> Maison de quartier de Ranteil (ALBI)<\/b><\/p>\n<p>Compte rendu des assises, <a href=\"https:\/\/tarn.lpo.fr\/wp-content\/uploads\/2024\/07\/Compte_rendu_Assises_Territoriales_24_03_17.pdf\">t\u00e9l\u00e9charger le document.<\/a><br \/>\n&nbsp;<br \/>\n&nbsp;<\/p>\n<p>&nbsp;<\/p>\n<hr style=\"height: 6px; border-width: 0; color: #7099bf; background-color: #7099bf;\">\n<p><span style=\"font-size: 20px;\"><b>LPO TARN &#8211; 1998-2022<\/b><\/span><\/p>\n<p>Assembl\u00e9e g\u00e9n\u00e9rale ordinaire pour l&rsquo;ann\u00e9e 2020<br \/>\n13 juin 2021 &#8211; Salle des f\u00eates d&rsquo;AUGMONTEL<br \/>\n<a href=\"https:\/\/tarn.lpo.fr\/wp-content\/uploads\/2021\/07\/ag_cr_2020.pdf\" target=\"_blank\" rel=\"noopener\">T\u00e9l\u00e9charger le compte-rendu de l&rsquo;assembl\u00e9e g\u00e9n\u00e9rale ordinaire de l&rsquo;ann\u00e9e 2020<\/a><br \/>\n<a href=\"https:\/\/tarn.lpo.fr\/wp-content\/uploads\/2023\/12\/courrier-aux-adhe-rents-et-sympathisants-2.pdf\" target=\"_blank\" rel=\"noopener\">Lettre de remerciements de Christophe Maurel<\/a><\/p>\n<p>Assembl\u00e9e g\u00e9n\u00e9rale ordinaire pour l&rsquo;ann\u00e9e 2019<br \/>\n26 septembre 2020 &#8211; Salle de la Fabrique (LABRUGUIERE)<br \/>\n<a href=\"https:\/\/tarn.lpo.fr\/wp-content\/uploads\/2020\/11\/ag_cr_2019.pdf\" target=\"_blank\" rel=\"noopener noreferrer\">T\u00e9l\u00e9charger le compte-rendu de l&rsquo;assembl\u00e9e g\u00e9n\u00e9rale ordinaire de l&rsquo;ann\u00e9e 2019<\/a><br \/>\n<a href=\"https:\/\/tarn.lpo.fr\/wp-content\/uploads\/2020\/11\/ag_cr_debat_LPO-Occitanie.pdf\" target=\"_blank\" rel=\"noopener noreferrer\">T\u00e9l\u00e9charger le d\u00e9bat sur le projet de fusion vers une LPO Occitanie<\/a><\/p>\n<p>Assembl\u00e9e g\u00e9n\u00e9rale ordinaire pour l&rsquo;ann\u00e9e 2018<br \/>\n10 mars 2019 &#8211; Maison de Quartier du Marranel (ALBI)<br \/>\n<a href=\"https:\/\/tarn.lpo.fr\/wp-content\/uploads\/2020\/11\/ag_cr_2018.pdf\" target=\"_blank\" rel=\"noopener noreferrer\">T\u00e9l\u00e9charger le compte-rendu de l&rsquo;assembl\u00e9e g\u00e9n\u00e9rale ordinaire de l&rsquo;ann\u00e9e 2018<\/a><\/p>\n<p>Assembl\u00e9e g\u00e9n\u00e9rale ordinaire pour l&rsquo;ann\u00e9e 2017<br \/>\n11 mars 2018 &#8211; Salle de la M\u00e9jane (LABRUGUIERE)<br \/>\n<a href=\"https:\/\/tarn.lpo.fr\/wp-content\/uploads\/2020\/11\/ag_cr_2017.pdf\" target=\"_blank\" rel=\"noopener noreferrer\">T\u00e9l\u00e9charger le compte-rendu de l&rsquo;assembl\u00e9e g\u00e9n\u00e9rale ordinaire de l&rsquo;ann\u00e9e 2017<\/a><\/p>\n<p>Assembl\u00e9e g\u00e9n\u00e9rale ordinaire pour l&rsquo;ann\u00e9e 2016<br \/>\n19 mars 2017 &#8211; Salle B\u00e9r\u00e9govoy(Carmaux)<br \/>\n<a href=\"https:\/\/tarn.lpo.fr\/wp-content\/uploads\/2019\/04\/ag_cr_2016.pdf\" target=\"_blank\" rel=\"noopener noreferrer\">T\u00e9l\u00e9charger le compte-rendu de l&rsquo;assembl\u00e9e g\u00e9n\u00e9rale ordinaire de l&rsquo;ann\u00e9e 2016<\/a><\/p>\n<p>Assembl\u00e9e g\u00e9n\u00e9rale ordinaire pour l&rsquo;ann\u00e9e 2015<br \/>\n13 mars 2016 &#8211; MJC de Rigautou (PONT DE L\u2019ARN)<br \/>\n<a href=\"https:\/\/tarn.lpo.fr\/wp-content\/uploads\/2019\/04\/ag_cr_2015.pdf\" target=\"_blank\" rel=\"noopener noreferrer\">T\u00e9l\u00e9charger le compte-rendu de l&rsquo;assembl\u00e9e g\u00e9n\u00e9rale ordinaire de l&rsquo;ann\u00e9e 2015<\/a><\/p>\n<p>Assembl\u00e9e g\u00e9n\u00e9rale ordinaire pour l&rsquo;ann\u00e9e 2014<br \/>\n1<sup>er<\/sup> mars 2015 &#8211; Maison de quartier de la Madeleine (ALBI)<br \/>\n<a href=\"https:\/\/tarn.lpo.fr\/wp-content\/uploads\/2019\/04\/ag_cr_2014.pdf\" target=\"_blank\" rel=\"noopener noreferrer\">T\u00e9l\u00e9charger le compte-rendu de l&rsquo;assembl\u00e9e g\u00e9n\u00e9rale ordinaire de l&rsquo;ann\u00e9e 2014<\/a><\/p>\n<p>Assembl\u00e9e g\u00e9n\u00e9rale ordinaire pour l&rsquo;ann\u00e9e 2013<br \/>\n23 f\u00e9vrier 2014 &#8211; Si\u00e8ge de la CCSA (Sa\u00efx)<br \/>\n<a href=\"https:\/\/tarn.lpo.fr\/wp-content\/uploads\/2019\/04\/ag_cr_2013.pdf\" target=\"_blank\" rel=\"noopener noreferrer\">T\u00e9l\u00e9charger le compte-rendu de l&rsquo;assembl\u00e9e g\u00e9n\u00e9rale ordinaire de l&rsquo;ann\u00e9e 2013<\/a><\/p>\n<p>Assembl\u00e9e g\u00e9n\u00e9rale extraordinaire<br \/>\n23 f\u00e9vrier 2014 &#8211; Si\u00e8ge de la CCSA (Sa\u00efx)<br \/>\n<a href=\"https:\/\/tarn.lpo.fr\/wp-content\/uploads\/2019\/04\/ag_cr_2013_ex.pdf\" target=\"_blank\" rel=\"noopener noreferrer\">T\u00e9l\u00e9charger le compte-rendu de l&rsquo;assembl\u00e9e g\u00e9n\u00e9rale extra-ordinaire de l&rsquo;ann\u00e9e 2013<\/a><\/p>\n<p>Assembl\u00e9e g\u00e9n\u00e9rale ordinaire pour l&rsquo;ann\u00e9e 2012<br \/>\n17 mars 2013 &#8211; Gaillac<br \/>\n<a href=\"https:\/\/tarn.lpo.fr\/wp-content\/uploads\/2019\/04\/ag_cr_2012.pdf\" target=\"_blank\" rel=\"noopener noreferrer\">T\u00e9l\u00e9charger le compte-rendu de l&rsquo;assembl\u00e9e g\u00e9n\u00e9rale ordinaire de l&rsquo;ann\u00e9e 2012<\/a><\/p>\n","protected":false},"excerpt":{"rendered":"<p>LPO Occitanie &#8211; DT du Tarn Synth\u00e8se du projet territorial de la LPO Occitanie &#8211; DT du Tarn pour 2024-2028 T\u00e9l\u00e9charger le document Assises territoriales &#8211; 17 mars 2024 Maison de quartier de Ranteil (ALBI) Compte rendu des assises, t\u00e9l\u00e9charger le document. &nbsp; &nbsp; &nbsp; LPO TARN &#8211; 1998-2022 Assembl\u00e9e g\u00e9n\u00e9rale ordinaire pour l&rsquo;ann\u00e9e 2020 &hellip; <\/p>\n<p><a class=\"more-link btn\" href=\"https:\/\/tarn.lpo.fr\/?page_id=939\">Lire la suite<\/a><\/p>\n","protected":false},"author":2,"featured_media":0,"parent":164,"menu_order":5,"comment_status":"closed","ping_status":"closed","template":"","meta":{"ngg_post_thumbnail":0,"footnotes":""},"class_list":["post-939","page","type-page","status-publish","hentry","nodate","item-wrap"],"_links":{"self":[{"href":"https:\/\/tarn.lpo.fr\/index.php?rest_route=\/wp\/v2\/pages\/939","targetHints":{"allow":["GET"]}}],"collection":[{"href":"https:\/\/tarn.lpo.fr\/index.php?rest_route=\/wp\/v2\/pages"}],"about":[{"href":"https:\/\/tarn.lpo.fr\/index.php?rest_route=\/wp\/v2\/types\/page"}],"author":[{"embeddable":true,"href":"https:\/\/tarn.lpo.fr\/index.php?rest_route=\/wp\/v2\/users\/2"}],"replies":[{"embeddable":true,"href":"https:\/\/tarn.lpo.fr\/index.php?rest_route=%2Fwp%2Fv2%2Fcomments&post=939"}],"version-history":[{"count":0,"href":"https:\/\/tarn.lpo.fr\/index.php?rest_route=\/wp\/v2\/pages\/939\/revisions"}],"up":[{"embeddable":true,"href":"https:\/\/tarn.lpo.fr\/index.php?rest_route=\/wp\/v2\/pages\/164"}],"wp:attachment":[{"href":"https:\/\/tarn.lpo.fr\/index.php?rest_route=%2Fwp%2Fv2%2Fmedia&parent=939"}],"curies":[{"name":"wp","href":"https:\/\/api.w.org\/{rel}","templated":true}]}}