{"id":944,"date":"2019-04-07T11:49:15","date_gmt":"2019-04-07T11:49:15","guid":{"rendered":"https:\/\/tarntest.lpo.fr\/?page_id=944"},"modified":"2020-10-11T19:49:48","modified_gmt":"2020-10-11T19:49:48","slug":"les-expositions","status":"publish","type":"page","link":"https:\/\/tarn.lpo.fr\/?page_id=944","title":{"rendered":"Les expositions"},"content":{"rendered":"<p><span style=\"font-family: Averia Libre;\"><a href=\"https:\/\/tarn.lpo.fr\/wp-content\/uploads\/2019\/04\/Catalogue-expositions_LPO-Tarn.pdf\" target=\"_blank\" rel=\"noopener noreferrer\"><img loading=\"lazy\" decoding=\"async\" class=\"alignleft wp-image-1359\" src=\"https:\/\/tarn.lpo.fr\/wp-content\/uploads\/2019\/04\/Image_CatalogueExpositions-217x300.jpg\" alt=\"\" width=\"217\" height=\"300\" srcset=\"https:\/\/tarn.lpo.fr\/wp-content\/uploads\/2019\/04\/Image_CatalogueExpositions-217x300.jpg 217w, https:\/\/tarn.lpo.fr\/wp-content\/uploads\/2019\/04\/Image_CatalogueExpositions.jpg 694w\" sizes=\"auto, (max-width: 217px) 100vw, 217px\" \/><\/a><\/span><\/p>\n<p><span style=\"font-family: Averia Libre;\">La LPO Tarn poss\u00e8de quelques expositions &#8230;<\/span><\/p>\n<p><span style=\"font-family: Averia Libre;\"><a href=\"https:\/\/tarn.lpo.fr\/wp-content\/uploads\/2019\/04\/Catalogue-expositions_LPO-Tarn.pdf\" target=\"_blank\" rel=\"noopener noreferrer\">T\u00e9l\u00e9charger le catalogue des expositions LPO Tarn<\/a><\/span><\/p>\n","protected":false},"excerpt":{"rendered":"<p>La LPO Tarn poss\u00e8de quelques expositions &#8230; T\u00e9l\u00e9charger le catalogue des expositions LPO Tarn<\/p>\n","protected":false},"author":2,"featured_media":0,"parent":321,"menu_order":7,"comment_status":"closed","ping_status":"closed","template":"","meta":{"ngg_post_thumbnail":0,"footnotes":""},"class_list":["post-944","page","type-page","status-publish","hentry","nodate","item-wrap"],"_links":{"self":[{"href":"https:\/\/tarn.lpo.fr\/index.php?rest_route=\/wp\/v2\/pages\/944","targetHints":{"allow":["GET"]}}],"collection":[{"href":"https:\/\/tarn.lpo.fr\/index.php?rest_route=\/wp\/v2\/pages"}],"about":[{"href":"https:\/\/tarn.lpo.fr\/index.php?rest_route=\/wp\/v2\/types\/page"}],"author":[{"embeddable":true,"href":"https:\/\/tarn.lpo.fr\/index.php?rest_route=\/wp\/v2\/users\/2"}],"replies":[{"embeddable":true,"href":"https:\/\/tarn.lpo.fr\/index.php?rest_route=%2Fwp%2Fv2%2Fcomments&post=944"}],"version-history":[{"count":0,"href":"https:\/\/tarn.lpo.fr\/index.php?rest_route=\/wp\/v2\/pages\/944\/revisions"}],"up":[{"embeddable":true,"href":"https:\/\/tarn.lpo.fr\/index.php?rest_route=\/wp\/v2\/pages\/321"}],"wp:attachment":[{"href":"https:\/\/tarn.lpo.fr\/index.php?rest_route=%2Fwp%2Fv2%2Fmedia&parent=944"}],"curies":[{"name":"wp","href":"https:\/\/api.w.org\/{rel}","templated":true}]}}