{"id":951,"date":"2019-04-07T11:53:09","date_gmt":"2019-04-07T11:53:09","guid":{"rendered":"https:\/\/tarntest.lpo.fr\/?page_id=951"},"modified":"2023-12-10T12:34:21","modified_gmt":"2023-12-10T12:34:21","slug":"951-2","status":"publish","type":"page","link":"https:\/\/tarn.lpo.fr\/?page_id=951","title":{"rendered":"Les Refuges LPO"},"content":{"rendered":"<p><strong>Agir en cr\u00e9ant un Refuge LPO<\/strong><\/p>\n<p><img loading=\"lazy\" decoding=\"async\" class=\"size-medium wp-image-1776 alignleft\" src=\"https:\/\/tarn.lpo.fr\/wp-content\/uploads\/2019\/12\/nichoir-recred-300x200.jpg\" alt=\"\" width=\"300\" height=\"200\" srcset=\"https:\/\/tarn.lpo.fr\/wp-content\/uploads\/2019\/12\/nichoir-recred-300x200.jpg 300w, https:\/\/tarn.lpo.fr\/wp-content\/uploads\/2019\/12\/nichoir-recred.jpg 320w\" sizes=\"auto, (max-width: 300px) 100vw, 300px\" \/><\/p>\n<p style=\"text-align: justify;\">Avec plus de 34 000 terrains, les Refuges LPO constituent le<strong> premier r\u00e9seau des jardins \u00e9cologiques partout en France<\/strong>. Un Refuge LPO est un terrain public (ex : espace vert) ou priv\u00e9 (jardin, cour, terrasse, balcon&#8230;) sur lequel le propri\u00e9taire s&rsquo;engage \u00e0 pr\u00e9server ou restaurer la biodiversit\u00e9 de proximit\u00e9. La LPO vous propose de m\u00e9tamorphoser votre jardin ou balcon en un espace refuge pour la biodiversit\u00e9 : c&rsquo;est agir concr\u00e8tement et simplement au quotidien pour favoriser l&rsquo;accueil de la faune et de la flore sauvage. Cet engagement en faveur de la nature vous aidera \u00e0 adopter une d\u00e9marche \u00e9co-citoyenne au sein d&rsquo;un r\u00e9seau actif. Quelques am\u00e9nagements simples comme la pose d&rsquo;un nichoir et quelques pr\u00e9cautions peuvent favoriser grandement l&rsquo;accueil de la vie sauvage&#8230; Et bien souvent, le soin apport\u00e9 \u00e0 l&rsquo;entretien de notre espace correspond aux crit\u00e8res d&rsquo;un refuge LPO, alors pourquoi ne pas en profiter pour y adh\u00e9rer compl\u00e8tement et le montrer \u00e0 tous ?<\/p>\n<p><strong>Et dans le Tarn :<\/strong> <b>505<\/b> Refuges dont <b>455<\/b> particuliers dont <b>47<\/b> \u00e9tablissements, <b>4<\/b> refuges \u00ab\u00a0entreprise\u00a0\u00bb, <b>9<\/b> refuges \u00ab\u00a0collectivit\u00e9s\u00a0\u00bb, et une superficie de <b>992 ha<\/b> prot\u00e9g\u00e9s.<\/p>\n<p style=\"text-align: center;\"><a href=\"https:\/\/tarn.lpo.fr\/wp-content\/uploads\/2023\/02\/carte_localisation_refuge_2023_V2-scaled.jpeg\" target=\"_blank\" rel=\"attachment noopener wp-att-6723\"><img loading=\"lazy\" decoding=\"async\" class=\"aligncenter wp-image-6723 size-medium\" src=\"https:\/\/tarn.lpo.fr\/wp-content\/uploads\/2023\/02\/carte_localisation_refuge_2023_V2-300x212.jpeg\" alt=\"\" width=\"300\" height=\"212\" srcset=\"https:\/\/tarn.lpo.fr\/wp-content\/uploads\/2023\/02\/carte_localisation_refuge_2023_V2-300x212.jpeg 300w, https:\/\/tarn.lpo.fr\/wp-content\/uploads\/2023\/02\/carte_localisation_refuge_2023_V2-1024x724.jpeg 1024w, https:\/\/tarn.lpo.fr\/wp-content\/uploads\/2023\/02\/carte_localisation_refuge_2023_V2-768x543.jpeg 768w, https:\/\/tarn.lpo.fr\/wp-content\/uploads\/2023\/02\/carte_localisation_refuge_2023_V2-1536x1086.jpeg 1536w, https:\/\/tarn.lpo.fr\/wp-content\/uploads\/2023\/02\/carte_localisation_refuge_2023_V2-2048x1448.jpeg 2048w, https:\/\/tarn.lpo.fr\/wp-content\/uploads\/2023\/02\/carte_localisation_refuge_2023_V2-652x461.jpeg 652w\" sizes=\"auto, (max-width: 300px) 100vw, 300px\" \/><\/a><a href=\"https:\/\/tarn.lpo.fr\/wp-content\/uploads\/2023\/02\/carte_localisation_refuge_2023_V2-scaled.jpeg\" target=\"_blank\" rel=\"attachment noopener wp-att-6723\">Carte de localisation des Refuges LPO dans le Tarn d\u00e9but 2023<\/a><\/p>\n<p>Pour adh\u00e9rer, contactez la LPO Tarn au 05 63 73 08 38 ou par mail sur tarn@lpo.fr<br \/>\n<a href=\"https:\/\/tarn.lpo.fr\/?page_id=335\">Lien vers une page d&rsquo;informations pour cr\u00e9er un Refuge LPO<\/a><\/p>\n<p><strong>DOCUMENTS EN T\u00c9L\u00c9CHARGEMENT CONCERNANT LES REFUGES LPO<\/strong><br \/>\n<a href=\"https:\/\/tarn.lpo.fr\/wp-content\/uploads\/2022\/09\/Plaquette-2021-Refuges-Particuliers_final-nouveau-mode\u0300le-e\u0301co.pdf\" target=\"_blank\" rel=\"noopener\">T\u00e9l\u00e9charger la Plaquette \u00ab\u00a0Refuge Particulier\u00a0\u00bb<\/a><br \/>\n<a href=\"https:\/\/tarn.lpo.fr\/wp-content\/uploads\/2022\/09\/Plaquette-2021-Refuges-Particuliers_final-nouveau-mode\u0300le-e\u0301co.pdf\" target=\"_blank\" rel=\"noopener\">T\u00e9l\u00e9charger l<\/a><a href=\"https:\/\/tarn.lpo.fr\/wp-content\/uploads\/2022\/09\/RefugesEtablissementsA5_2021_final-nouveau-mode\u0300le-eco.pdf\" target=\"_blank\" rel=\"noopener\">a Plaquette \u00ab\u00a0Refuge Etablissement\u00a0\u00bb<\/a><br \/>\n<a href=\"https:\/\/tarn.lpo.fr\/wp-content\/uploads\/2022\/09\/Plaquette-2021-Refuges-Particuliers_final-nouveau-mode\u0300le-e\u0301co.pdf\" target=\"_blank\" rel=\"noopener\">T\u00e9l\u00e9charger l<\/a><a href=\"https:\/\/tarn.lpo.fr\/wp-content\/uploads\/2022\/09\/PlaquetteRefugesCollectivites_2021_final_nouveau-mode\u0300le-e\u0301co.pdf\" target=\"_blank\" rel=\"noopener\">a Plaquette \u00ab\u00a0Refuges Collectivit\u00e9s\u00a0\u00bb<\/a><br \/>\n<a href=\"https:\/\/tarn.lpo.fr\/wp-content\/uploads\/2022\/09\/Plaquette-2021-Refuges-Particuliers_final-nouveau-mode\u0300le-e\u0301co.pdf\" target=\"_blank\" rel=\"noopener\">T\u00e9l\u00e9charger l<\/a><a href=\"https:\/\/tarn.lpo.fr\/wp-content\/uploads\/2022\/09\/PlaquetteRefugesEntreprises_2021_final_nouveau-mode\u0300le-e\u0301co.pdf\" target=\"_blank\" rel=\"noopener\">a Plaquette \u00ab\u00a0Refuges Entreprises\u00a0\u00bb<\/a><\/p>\n<p><a href=\"https:\/\/tarn.lpo.fr\/wp-content\/uploads\/2020\/04\/Dossier-p%C3%A9dagogique-Refuges.pdf\" target=\"_blank\" rel=\"noopener\"><img loading=\"lazy\" decoding=\"async\" class=\"alignnone wp-image-2741 size-medium\" src=\"https:\/\/tarn.lpo.fr\/wp-content\/uploads\/2020\/04\/livret-refuges-214x300.jpg\" alt=\"\" width=\"214\" height=\"300\" srcset=\"https:\/\/tarn.lpo.fr\/wp-content\/uploads\/2020\/04\/livret-refuges-214x300.jpg 214w, https:\/\/tarn.lpo.fr\/wp-content\/uploads\/2020\/04\/livret-refuges.jpg 306w\" sizes=\"auto, (max-width: 214px) 100vw, 214px\" \/><\/a><br \/>\n<a href=\"https:\/\/tarn.lpo.fr\/wp-content\/uploads\/2020\/04\/Dossier-p\u00e9dagogique-Refuges.pdf\" target=\"_blank\" rel=\"noopener noreferrer\">Livret p\u00e9dagogique Refuges<\/a><\/p>\n<p><a href=\"https:\/\/tarn.lpo.fr\/wp-content\/uploads\/2022\/09\/GUIDE-CMN-LPO-2022_Web_Final.pdf\" target=\"_blank\" rel=\"noopener\">T\u00e9l\u00e9charger le Guide \u00e9cologique \u00ab\u00a0Accueillir la biodiversit\u00e9 dans les b\u00e2timents historiques\u00a0\u00bb<\/a><\/p>\n<p><a href=\"https:\/\/tarn.lpo.fr\/?attachment_id=615\" rel=\"attachment wp-att-615\"><img loading=\"lazy\" decoding=\"async\" class=\"alignleft wp-image-615\" src=\"https:\/\/tarn.lpo.fr\/wp-content\/uploads\/2019\/03\/Logo_RefugesLPO04-216x300.jpg\" alt=\"\" width=\"81\" height=\"113\" srcset=\"https:\/\/tarn.lpo.fr\/wp-content\/uploads\/2019\/03\/Logo_RefugesLPO04-216x300.jpg 216w, https:\/\/tarn.lpo.fr\/wp-content\/uploads\/2019\/03\/Logo_RefugesLPO04.jpg 325w\" sizes=\"auto, (max-width: 81px) 100vw, 81px\" \/><\/a><\/p>\n<p><strong><span style=\"font-size: 18pt;\">Rubrique : \u00ab\u00a0Du c\u00f4t\u00e9 des Refuges LPO\u00a0\u00bb<\/span><\/strong><\/p>\n<p>Pour retrouver tous les conseils de saison parus dans le \u00ab Courrier de l\u2019Hirondelle \u00bb, cliquez sur le lien suivant : <a href=\"https:\/\/tarn.lpo.fr\/?page_id=2437&amp;preview=true\">tous les conseils de saison<\/a><br \/>\n&nbsp;<\/p>\n<p><a href=\"https:\/\/youtu.be\/R3vmAq-QG9Y\">Vid\u00e9o sur la consommation des graines de tournesol par quelques esp\u00e8ces d&rsquo;oiseaux<\/a><\/p>\n<p><strong>Courrier des Refuges LPO du Tarn<\/strong><br \/>\n<a href=\"https:\/\/tarn.lpo.fr\/wp-content\/uploads\/2022\/09\/Plaquette-2021-Refuges-Particuliers_final-nouveau-mode\u0300le-e\u0301co.pdf\" target=\"_blank\" rel=\"noopener\">T\u00e9l\u00e9charger le courrier des Refuges LPO du Tarn n\u00b0 1<\/a><br \/>\n<a href=\"https:\/\/tarn.lpo.fr\/wp-content\/uploads\/2022\/09\/Plaquette-2021-Refuges-Particuliers_final-nouveau-mode\u0300le-e\u0301co.pdf\" target=\"_blank\" rel=\"noopener\">T\u00e9l\u00e9charger le courrier des Refuges LPO du Tarn n\u00b0 2<\/a><\/p>\n<p><strong>Compte rendu du comptage des oiseaux des jardins 2020<\/strong><br \/>\nComptage effectu\u00e9 <em>le 25 janvier 2020 <\/em>\u00e0 Lavaur chez Isabelle et Jehan-Philippe, propri\u00e9t\u00e9 en Refuge ASPAS et Refuge LPO et le <em>26 janvier 2020<\/em> \u00e0 Garrigues chez Sylvie et Marc, propri\u00e9t\u00e9 en Refuge LPO.<br \/>\n<a href=\"https:\/\/tarn.lpo.fr\/wp-content\/uploads\/2020\/02\/Compte-rendu-comptage-oiseaux-des-jardins-2020-Lavaur-et-Garrigues-3.pdf\" target=\"_blank\" rel=\"noopener noreferrer\">T\u00e9l\u00e9charger le compte rendu comptage oiseaux des jardins 2020 Lavaur et Garrigues<\/a><\/p>\n<p>&nbsp;<\/p>\n<p><strong>Documents p\u00e9dagogique &#8211; Oiseaux des Jardins<\/strong><\/p>\n<table>\n<tbody>\n<tr>\n<td><a href=\"https:\/\/tarn.lpo.fr\/wp-content\/uploads\/2021\/01\/Guideaideparticipation.pdf\" target=\"_blank\" rel=\"noopener\"><img loading=\"lazy\" decoding=\"async\" class=\"wp-image-7959 aligncenter\" src=\"https:\/\/tarn.lpo.fr\/wp-content\/uploads\/2023\/12\/Couverture_Guide_ODJ.jpg\" alt=\"\" width=\"300\" height=\"426\" srcset=\"https:\/\/tarn.lpo.fr\/wp-content\/uploads\/2023\/12\/Couverture_Guide_ODJ.jpg 559w, https:\/\/tarn.lpo.fr\/wp-content\/uploads\/2023\/12\/Couverture_Guide_ODJ-211x300.jpg 211w\" sizes=\"auto, (max-width: 300px) 100vw, 300px\" \/><\/a><a href=\"https:\/\/tarn.lpo.fr\/wp-content\/uploads\/2021\/01\/Guideaideparticipation.pdf\" target=\"_blank\" rel=\"noopener\">Oiseaux des JardinsGuide d&rsquo;inscription et de saisie de donn\u00e9es<\/a><\/td>\n<td><a href=\"https:\/\/tarn.lpo.fr\/wp-content\/uploads\/2020\/04\/Guide-didentification-enfants.pdf\" target=\"_blank\" rel=\"noopener\"><img loading=\"lazy\" decoding=\"async\" class=\"aligncenter wp-image-7922\" src=\"https:\/\/tarn.lpo.fr\/wp-content\/uploads\/2023\/12\/Couverture_Guide_Enfants-211x300.jpg\" alt=\"\" width=\"300\" height=\"426\" srcset=\"https:\/\/tarn.lpo.fr\/wp-content\/uploads\/2023\/12\/Couverture_Guide_Enfants-211x300.jpg 211w, https:\/\/tarn.lpo.fr\/wp-content\/uploads\/2023\/12\/Couverture_Guide_Enfants.jpg 559w\" sizes=\"auto, (max-width: 300px) 100vw, 300px\" \/><\/a><a href=\"https:\/\/tarn.lpo.fr\/wp-content\/uploads\/2020\/04\/Guide-didentification-enfants.pdf\" target=\"_blank\" rel=\"noopener noreferrer\">Oiseaux des JardinsMini-guide d&rsquo;identification enfants<\/a>&nbsp;<\/td>\n<\/tr>\n<\/tbody>\n<\/table>\n<p><strong>Chez moi la nature est chez elle<\/strong><br \/>\n<a href=\"https:\/\/tarn.lpo.fr\/wp-content\/uploads\/2021\/07\/livret_refuges_belles_histoires_bd.pdf\" target=\"_blank\" rel=\"attachment noopener wp-att-4618\"><img loading=\"lazy\" decoding=\"async\" class=\"alignleft wp-image-4618 size-medium\" src=\"https:\/\/tarn.lpo.fr\/wp-content\/uploads\/2021\/07\/Livret-refuge-215x300.jpg\" alt=\"\" width=\"215\" height=\"300\" srcset=\"https:\/\/tarn.lpo.fr\/wp-content\/uploads\/2021\/07\/Livret-refuge-215x300.jpg 215w, https:\/\/tarn.lpo.fr\/wp-content\/uploads\/2021\/07\/Livret-refuge.jpg 322w\" sizes=\"auto, (max-width: 215px) 100vw, 215px\" \/><\/a>A l\u2019occasion du centenaire des Refuges LPO (1921-2021), la LPO publie un livret intitul\u00e9 <a href=\"https:\/\/tarn.lpo.fr\/wp-content\/uploads\/2021\/07\/livret_refuges_belles_histoires_bd.pdf\" target=\"_blank\" rel=\"noopener\">\u00ab\u00a0Chez moi, la nature est chez elle\u00a0\u00bb<\/a>. Il rassemble des t\u00e9moignages des membres de la communaut\u00e9 des Refuges et met en avant cette formidable mobilisation citoyenne.<br \/>\nCe livret pr\u00e9sente les actions des particuliers et montre qu\u2019il est possible d\u2019accueillir la nature chez soi moyennant quelques gestes simples pour favoriser la faune et la flore sauvages.<br \/>\n12 t\u00e9moignages de citoyens engag\u00e9s pour la nature composent ce livre dont un d&rsquo;une adh\u00e9rente refuge du Tarn.<\/p>\n<p>&nbsp;<\/p>\n","protected":false},"excerpt":{"rendered":"<p>Agir en cr\u00e9ant un Refuge LPO Avec plus de 34 000 terrains, les Refuges LPO constituent le premier r\u00e9seau des jardins \u00e9cologiques partout en France. Un Refuge LPO est un terrain public (ex : espace vert) ou priv\u00e9 (jardin, cour, terrasse, balcon&#8230;) sur lequel le propri\u00e9taire s&rsquo;engage \u00e0 pr\u00e9server ou restaurer la biodiversit\u00e9 de proximit\u00e9. &hellip; <\/p>\n<p><a class=\"more-link btn\" href=\"https:\/\/tarn.lpo.fr\/?page_id=951\">Lire la suite<\/a><\/p>\n","protected":false},"author":2,"featured_media":0,"parent":305,"menu_order":1,"comment_status":"closed","ping_status":"closed","template":"","meta":{"ngg_post_thumbnail":0,"footnotes":""},"class_list":["post-951","page","type-page","status-publish","hentry","nodate","item-wrap"],"_links":{"self":[{"href":"https:\/\/tarn.lpo.fr\/index.php?rest_route=\/wp\/v2\/pages\/951","targetHints":{"allow":["GET"]}}],"collection":[{"href":"https:\/\/tarn.lpo.fr\/index.php?rest_route=\/wp\/v2\/pages"}],"about":[{"href":"https:\/\/tarn.lpo.fr\/index.php?rest_route=\/wp\/v2\/types\/page"}],"author":[{"embeddable":true,"href":"https:\/\/tarn.lpo.fr\/index.php?rest_route=\/wp\/v2\/users\/2"}],"replies":[{"embeddable":true,"href":"https:\/\/tarn.lpo.fr\/index.php?rest_route=%2Fwp%2Fv2%2Fcomments&post=951"}],"version-history":[{"count":0,"href":"https:\/\/tarn.lpo.fr\/index.php?rest_route=\/wp\/v2\/pages\/951\/revisions"}],"up":[{"embeddable":true,"href":"https:\/\/tarn.lpo.fr\/index.php?rest_route=\/wp\/v2\/pages\/305"}],"wp:attachment":[{"href":"https:\/\/tarn.lpo.fr\/index.php?rest_route=%2Fwp%2Fv2%2Fmedia&parent=951"}],"curies":[{"name":"wp","href":"https:\/\/api.w.org\/{rel}","templated":true}]}}