{"id":956,"date":"2019-04-07T11:56:44","date_gmt":"2019-04-07T11:56:44","guid":{"rendered":"https:\/\/tarntest.lpo.fr\/?page_id=956"},"modified":"2025-01-06T09:46:09","modified_gmt":"2025-01-06T09:46:09","slug":"les-enquetes","status":"publish","type":"page","link":"https:\/\/tarn.lpo.fr\/?page_id=956","title":{"rendered":"Les enqu\u00eates"},"content":{"rendered":"<p style=\"text-align: justify;\">La LPO Tarn, gr\u00e2ce \u00e0 ses b\u00e9n\u00e9voles, r\u00e9alise des inventaires participatifs et proc\u00e8de \u00e0 des suivis d&rsquo;esp\u00e8ces.<\/p>\n<p style=\"text-align: justify;\">Ces enqu\u00eates peuvent \u00eatre r\u00e9alis\u00e9es par des observateurs plus ou moins confirm\u00e9s, depuis son jardin ou sur le terrain.<\/p>\n<p style=\"text-align: justify;\">Vous trouverez ci-apr\u00e8s la liste de certaines enqu\u00eates :<\/p>\n<ul style=\"text-align: justify;\">\n<li>Les \u00ab\u00a0oiseaux des jardins\u00a0\u00bb, \u00ab\u00a0www.oiseauxdesjardins.fr\u00a0\u00bb, inventaire des oiseaux de votre jardin.<\/li>\n<li>\u00ab\u00a0Enqu\u00eate rapaces nocturnes\u00a0\u00bb, \u00e9coutes nocturnes sur des sites pr\u00e9d\u00e9finis pour comptabiliser la pr\u00e9sence des rapaces nocturnes.<\/li>\n<li>\u00ab\u00a0Inventaire des busards et milans\u00a0\u00bb, recenser les busards et milans qui viennent nicher dans le Tarn.<\/li>\n<li>Enqu\u00eate \u00ab\u00a0Petit duc\u00a0\u00bb, inventaire r\u00e9alis\u00e9 en 2017, sur une p\u00e9riode donn\u00e9e, de la pr\u00e9sence de ce petit hibou mais grand migrateur.<\/li>\n<li>Comptage \u00ab Wetlands international \u00bb, des comptages d&rsquo;oiseaux sont organis\u00e9s sur les plans d&rsquo;eau du Tarn, comme partout ailleurs en France.<\/li>\n<\/ul>\n<p>&nbsp;<\/p>\n<p style=\"text-align: justify;\">Vous pouvez contribuer en enregistrement vos observations\u00a0 :<\/p>\n<ul>\n<li style=\"text-align: justify;\">sur le site \u00ab\u00a0www.faune-tarn-aveyron.org\u00a0\u00bb<\/li>\n<li>sur le site \u00ab\u00a0www.faune-france.org\u00a0\u00bb<\/li>\n<li style=\"text-align: justify;\">sur votre mobile sur l&rsquo;application \u00ab\u00a0NaturaList\u00a0\u00bb<\/li>\n<\/ul>\n","protected":false},"excerpt":{"rendered":"<p>La LPO Tarn, gr\u00e2ce \u00e0 ses b\u00e9n\u00e9voles, r\u00e9alise des inventaires participatifs et proc\u00e8de \u00e0 des suivis d&rsquo;esp\u00e8ces. Ces enqu\u00eates peuvent \u00eatre r\u00e9alis\u00e9es par des observateurs plus ou moins confirm\u00e9s, depuis son jardin ou sur le terrain. Vous trouverez ci-apr\u00e8s la liste de certaines enqu\u00eates : Les \u00ab\u00a0oiseaux des jardins\u00a0\u00bb, \u00ab\u00a0www.oiseauxdesjardins.fr\u00a0\u00bb, inventaire des oiseaux de votre &hellip; <\/p>\n<p><a class=\"more-link btn\" href=\"https:\/\/tarn.lpo.fr\/?page_id=956\">Lire la suite<\/a><\/p>\n","protected":false},"author":2,"featured_media":0,"parent":321,"menu_order":3,"comment_status":"closed","ping_status":"closed","template":"","meta":{"ngg_post_thumbnail":0,"footnotes":""},"class_list":["post-956","page","type-page","status-publish","hentry","nodate","item-wrap"],"_links":{"self":[{"href":"https:\/\/tarn.lpo.fr\/index.php?rest_route=\/wp\/v2\/pages\/956","targetHints":{"allow":["GET"]}}],"collection":[{"href":"https:\/\/tarn.lpo.fr\/index.php?rest_route=\/wp\/v2\/pages"}],"about":[{"href":"https:\/\/tarn.lpo.fr\/index.php?rest_route=\/wp\/v2\/types\/page"}],"author":[{"embeddable":true,"href":"https:\/\/tarn.lpo.fr\/index.php?rest_route=\/wp\/v2\/users\/2"}],"replies":[{"embeddable":true,"href":"https:\/\/tarn.lpo.fr\/index.php?rest_route=%2Fwp%2Fv2%2Fcomments&post=956"}],"version-history":[{"count":0,"href":"https:\/\/tarn.lpo.fr\/index.php?rest_route=\/wp\/v2\/pages\/956\/revisions"}],"up":[{"embeddable":true,"href":"https:\/\/tarn.lpo.fr\/index.php?rest_route=\/wp\/v2\/pages\/321"}],"wp:attachment":[{"href":"https:\/\/tarn.lpo.fr\/index.php?rest_route=%2Fwp%2Fv2%2Fmedia&parent=956"}],"curies":[{"name":"wp","href":"https:\/\/api.w.org\/{rel}","templated":true}]}}