{"id":959,"date":"2019-04-07T11:57:58","date_gmt":"2019-04-07T11:57:58","guid":{"rendered":"https:\/\/tarntest.lpo.fr\/?page_id=959"},"modified":"2025-01-06T09:46:28","modified_gmt":"2025-01-06T09:46:28","slug":"la-migration","status":"publish","type":"page","link":"https:\/\/tarn.lpo.fr\/?page_id=959","title":{"rendered":"La migration"},"content":{"rendered":"<p style=\"text-align: justify;\">La migration est l\u2019ensemble des d\u00e9placements p\u00e9riodiques pendant le cycle annuel d\u2019un animal entre le site de reproduction et le site o\u00f9 il s\u00e9journe en dehors de la p\u00e9riode de reproduction.<\/p>\n<p style=\"text-align: justify;\">A l\u2019automne, des dizaines de millions d\u2019oiseaux migrateurs entreprennent un vol plus ou moins long vers leurs zones d\u2019hivernage, parfois \u00e0 des milliers de kilom\u00e8tres. Ils voyagent en sens inverse au printemps, certains par un itin\u00e9raire diff\u00e9rent. Pendant le trajet, ils traversent des barri\u00e8res naturelles&nbsp;: mers montagnes, d\u00e9serts, ils affrontent des conditions m\u00e9t\u00e9o difficiles&nbsp;: pluie, vents contraires. Ils doivent trouver o\u00f9 s\u2019arr\u00eater pour reconstituer leurs r\u00e9serves, savoir s\u2019orienter pour rejoindre leur site d\u2019hivernage, ensuite celui de reproduction habituel.<\/p>\n<p style=\"text-align: justify;\">La migration, une r\u00e9ponse au manque de ressources alimentaires pendant une p\u00e9riode.<\/p>\n<p style=\"text-align: justify;\">Les insectivores stricts ne peuvent plus se nourrir en hiver car la plupart des insectes ont disparu. De plus, le gel ne leur permet pas d\u2019acc\u00e9der \u00e0 la nourriture.<\/p>\n<p style=\"text-align: justify;\">Ils reviennent au printemps dans nos r\u00e9gions quand l\u2019abondance des insectes permet la reproduction.<\/p>\n<p style=\"text-align: justify;\">Les granivores s\u2019alimentent sans trop de difficult\u00e9s en hiver, sauf en p\u00e9riode de gel. Des oiseaux insectivores en \u00e9t\u00e9 deviennent granivores en hiver, comme la m\u00e9sange et ne migrent pas ou tr\u00e8s localement.<\/p>\n<p style=\"text-align: justify;\">Le suivi des migrateurs se fait depuis des points favorables, chaque ann\u00e9e au printemps et \u00e0 l\u2019automne. Le bagage est une m\u00e9thode pour conna\u00eetre leurs d\u00e9placements. Le pistage par minuscule balise et GPS dont on les \u00e9quipe permet de suivre peur itin\u00e9raire.<\/p>\n<p style=\"text-align: justify;\">La distance parcourue et les zones d\u2019hivernage d\u00e9pendent de leur r\u00e9gime alimentaire.<\/p>\n<p style=\"text-align: justify;\">Les barri\u00e8res physiques, oc\u00e9ans, montagne, d\u00e9sert, (2000 km pour le Sahara) influent sur leur trajet et le choix de leur hivernage.<\/p>\n<p style=\"text-align: justify;\">Pour se pr\u00e9parer au d\u00e9part ils se constituent une r\u00e9serve de graisse surtout produite par la consommation de baies et qui leur sert de combustible.<\/p>\n<p style=\"text-align: justify;\">L\u2019axe de migration est nord sud chez nous. La plupart des esp\u00e8ces migrent vers l\u2019Afrique sur un front tr\u00e8s large, elles peuvent se concentrer en passant par des cols ou le littoral.<\/p>\n<p style=\"text-align: justify;\">On distingue divers types de migration&nbsp;:<\/p>\n<ul style=\"text-align: justify;\">\n<li>pr\u00e9nuptiale, au printemps.<\/li>\n<li>postnuptiale, \u00e0 l\u2019automne.<\/li>\n<li>altitudinales, le Tichodrome \u00e9chelette quitte les montagnes pour les falaises en plaine d\u00e8s l\u2019automne.<\/li>\n<li>invasives ou irruptions, certaines ann\u00e9es \u00e0 partir de l\u2019automne on observe des esp\u00e8ces en nombre tr\u00e8s sup\u00e9rieur \u00e0 la normale voire des esp\u00e8ces rares en grande quantit\u00e9. C\u2019est d\u00fb \u00e0 une excellente reproduction et&nbsp;\/ou \u00e0 la rar\u00e9faction de ressources alimentaires, par exemple Jaseur bor\u00e9al ou Sizerin flamm\u00e9.<\/li>\n<li>de mue, le Tadorne de Belon va muer en mer de Wadden(Hollande).<\/li>\n<li>\u00e0 contre sens, r\u00e9tromigration, \u00e0 l\u2019automne, par fort vent contraire des passereaux remontent vers le nord ou l\u2019est. L\u2019aigle bott\u00e9, surtout des juv\u00e9niles viennent d\u2019Espagne et sont contact\u00e9s en nombre \u00e0 Gruissan.<\/li>\n<li>partielle, seule une partie de la population migre.<\/li>\n<li>rampante des petits passereaux, vol sur de courtes distances, les pauses leur permettent de s\u2019alimenter.<\/li>\n<\/ul>\n<p style=\"text-align: justify;\">La pr\u00e9dation pr\u00e9l\u00e8ve un lourd tribut sur les passereaux. Le faucon d\u2019El\u00e9onore se reproduit en fin d\u2019\u00e9t\u00e9 sur des iles en Gr\u00e8ce, Sardaigne, Bal\u00e9ares, ile Mogador sur la c\u00f4te atlantique du Maroc, il capture les passereaux au passage pour nourrir ses jeunes.<\/p>\n<p style=\"text-align: justify;\">Les \u00e9v\u00e8nements climatiques, temp\u00eates, vent, brouillard, mais aussi la modification des habitats, r\u00e9duisent fortement les effectifs.<\/p>\n<p style=\"text-align: justify;\">Les petits oiseaux attendent un vent arri\u00e8re, de face, il d\u00e9porte la trajectoire. Suivre les c\u00f4tes r\u00e9duit les risques d\u2019erreur. Les 2\/3 des oiseaux volent de nuit.<\/p>\n<p style=\"text-align: justify;\">Les rapaces d\u00e9pendent des courants thermiques. Ils profitent d\u2019ascendances d\u2019air chaud, souvent sous un cumulus o\u00f9 on les voit disparaitre ou au-dessus de zones rocheuses ce qui leur permet de s\u2019\u00e9lever en cerclant, puis ils partent en plan\u00e9 jusqu\u2019\u00e0 la prochaine ascendance. Par vent fort ou le matin certains utilisent le vol battu.<\/p>\n<p style=\"text-align: justify;\">Le vol en formation&nbsp;leur \u00e9conomise l\u2019\u00e9nergie: oies, Grues cendr\u00e9es, pigeons.<\/p>\n<p style=\"text-align: justify;\">L\u2019orientation d\u00e9pend du champ magn\u00e9tique terrestre et de rep\u00e8res visuels g\u00e9ographiques&nbsp;: reliefs, cotes, des astres&nbsp;: soleil, lune, \u00e9toiles. Le compas biologique interne leur permet de maintenir une direction constante en utilisant des r\u00e9f\u00e9rentiels externes dont l\u2019information est trait\u00e9e par le cerveau. Inn\u00e9 et acquis, ces \u00e9l\u00e9ments guident vers la destination.<\/p>\n<p style=\"text-align: justify;\">Les oiseaux disposent, entre autres de compas&nbsp;:<\/p>\n<ul style=\"text-align: justify;\">\n<li>solaire, leur horloge interne d\u00e9termine l\u2019orientation en fonction de l\u2019azimut solaire. Inefficace par temps tr\u00e8s nuageux.<\/li>\n<li>magn\u00e9tique, bas\u00e9 sur le champ magn\u00e9tique terrestre qui est capt\u00e9 gr\u00e2ce \u00e0 la pr\u00e9sence de magn\u00e9tite dans des cellules sp\u00e9cialis\u00e9es.<\/li>\n<li>stellaire, bas\u00e9 sur les \u00e9toiles (\u00e9toile polaire) d\u00e9velopp\u00e9 par l\u2019exp\u00e9rience, en compl\u00e9ment du compas magn\u00e9tique.<\/li>\n<\/ul>\n<p style=\"text-align: justify;\">Le jeune coucou gris part apr\u00e8s les adultes, son trajet est totalement inscrit dans ses g\u00e8nes.<\/p>\n<p style=\"text-align: justify;\">Les changements climatiques modifient le cycle migratoire, certaines esp\u00e8ces reviennent plus t\u00f4t au printemps, hivernent plus pr\u00e8s. La Cigogne blanche d\u00e9laisse l\u2019Afrique pour hiverner en p\u00e9ninsule ib\u00e9rique, voire sur le littoral m\u00e9diterran\u00e9en.<\/p>\n<p style=\"text-align: justify;\">A lire&nbsp;: La migration des oiseaux par M. Zucca, \u00e9ditions Sud-Ouest.<\/p>\n<p style=\"text-align: justify;\">Le site <span style=\"color: #0000ff;\"><u><a href=\"http:\/\/www.migraction.net\/\" target=\"_blank\" rel=\"noopener\">www.migraction.net<\/a><\/u><\/span> propose une documentation sur&nbsp;: la migration, la description des sites, des synth\u00e8ses, une base de donn\u00e9es qui permet de suivre la migration chaque jour.<\/p>\n<p style=\"text-align: justify;\">A Roquecezi\u00e8res, en limite du Tarn et de l\u2019Aveyron, l\u2019accueil est assur\u00e9 du 20\/08 au 10\/09 par des b\u00e9n\u00e9voles et des salari\u00e9s. Voir&nbsp;: Connaitre \u2013 Sites exceptionnels dans le Tarn \u2013 Roquecezi\u00e8res.<\/p>\n<p>T\u00e9l\u00e9charger le cahier sp\u00e9cial n\u00b02 &#8211; Observatoire de la nature &#8211; Suppl\u00e9ment aux LPO Infos n\u00b040 juillet 2021 :<a href=\"https:\/\/tarn.lpo.fr\/wp-content\/uploads\/2021\/09\/MigrationdesoiseauxRoquecezierebis.pdf\" target=\"_blank\" rel=\"noopener\"> La migration des oiseaux \u00e0 Laval-Roquec\u00e9si\u00e8re (Aveyron)<\/a><\/p>\n","protected":false},"excerpt":{"rendered":"<p>La migration est l\u2019ensemble des d\u00e9placements p\u00e9riodiques pendant le cycle annuel d\u2019un animal entre le site de reproduction et le site o\u00f9 il s\u00e9journe en dehors de la p\u00e9riode de reproduction. A l\u2019automne, des dizaines de millions d\u2019oiseaux migrateurs entreprennent un vol plus ou moins long vers leurs zones d\u2019hivernage, parfois \u00e0 des milliers de &hellip; <\/p>\n<p><a class=\"more-link btn\" href=\"https:\/\/tarn.lpo.fr\/?page_id=959\">Lire la suite<\/a><\/p>\n","protected":false},"author":2,"featured_media":0,"parent":321,"menu_order":4,"comment_status":"closed","ping_status":"closed","template":"","meta":{"ngg_post_thumbnail":0,"footnotes":""},"class_list":["post-959","page","type-page","status-publish","hentry","nodate","item-wrap"],"_links":{"self":[{"href":"https:\/\/tarn.lpo.fr\/index.php?rest_route=\/wp\/v2\/pages\/959","targetHints":{"allow":["GET"]}}],"collection":[{"href":"https:\/\/tarn.lpo.fr\/index.php?rest_route=\/wp\/v2\/pages"}],"about":[{"href":"https:\/\/tarn.lpo.fr\/index.php?rest_route=\/wp\/v2\/types\/page"}],"author":[{"embeddable":true,"href":"https:\/\/tarn.lpo.fr\/index.php?rest_route=\/wp\/v2\/users\/2"}],"replies":[{"embeddable":true,"href":"https:\/\/tarn.lpo.fr\/index.php?rest_route=%2Fwp%2Fv2%2Fcomments&post=959"}],"version-history":[{"count":0,"href":"https:\/\/tarn.lpo.fr\/index.php?rest_route=\/wp\/v2\/pages\/959\/revisions"}],"up":[{"embeddable":true,"href":"https:\/\/tarn.lpo.fr\/index.php?rest_route=\/wp\/v2\/pages\/321"}],"wp:attachment":[{"href":"https:\/\/tarn.lpo.fr\/index.php?rest_route=%2Fwp%2Fv2%2Fmedia&parent=959"}],"curies":[{"name":"wp","href":"https:\/\/api.w.org\/{rel}","templated":true}]}}