{"id":9862,"date":"2024-06-22T15:42:10","date_gmt":"2024-06-22T15:42:10","guid":{"rendered":"https:\/\/tarn.lpo.fr\/?page_id=9862"},"modified":"2026-03-27T20:42:10","modified_gmt":"2026-03-27T20:42:10","slug":"les-feuilles-de-soins","status":"publish","type":"page","link":"https:\/\/tarn.lpo.fr\/?page_id=9862","title":{"rendered":"Les feuilles de soins"},"content":{"rendered":"<p>Les feuilles de soin pr\u00e9sentent les bilans, par ann\u00e9e, des sollicitations et des diff\u00e9rents accueils au centre de soins. Vous pouvez les consulter ci-dessous :<\/p>\n<p><strong>Les b<\/strong><strong>ilans du centre de soins tarnais de l&rsquo;avifaune sauvage<\/strong><br \/>\n<a href=\"https:\/\/tarn.lpo.fr\/wp-content\/uploads\/2026\/03\/03_Feuille-de-soins-n22.pdf.pdf\">T\u00e9l\u00e9charger la feuille de soins num\u00e9ro 22 &#8211; Mars 2026<\/a><br \/>\n<a href=\"https:\/\/tarn.lpo.fr\/wp-content\/uploads\/2025\/03\/Feuille-de-soins-n21.pdf\">T\u00e9l\u00e9charger la feuille de soins num\u00e9ro 21 &#8211; F\u00e9vrier 2025<\/a><br \/>\n<a href=\"https:\/\/tarn.lpo.fr\/wp-content\/uploads\/2024\/03\/feuille_soins_n20.pdf\" target=\"_blank\" rel=\"noopener noreferrer\">T\u00e9l\u00e9charger la feuille de soins num\u00e9ro 20 &#8211; F\u00e9vrier 2024<\/a><br \/>\n<a href=\"https:\/\/tarn.lpo.fr\/wp-content\/uploads\/2024\/03\/feuille_soins_n19.pdf\" target=\"_blank\" rel=\"noopener noreferrer\">T\u00e9l\u00e9charger la feuille de soins num\u00e9ro 19 &#8211; Janvier 2023<\/a><br \/>\n<a href=\"https:\/\/tarn.lpo.fr\/wp-content\/uploads\/2022\/11\/feuille_soins_n18.pdf\" target=\"_blank\" rel=\"noopener noreferrer\">T\u00e9l\u00e9charger la feuille de soins num\u00e9ro 18 &#8211; Janvier 2022<\/a><br \/>\n<a href=\"https:\/\/tarn.lpo.fr\/wp-content\/uploads\/2021\/06\/feuille_soins_n17.pdf\" target=\"_blank\" rel=\"noopener noreferrer\">T\u00e9l\u00e9charger la feuille de soins num\u00e9ro 17 &#8211; F\u00e9vrier 2021<\/a><br \/>\n<a href=\"https:\/\/tarn.lpo.fr\/wp-content\/uploads\/2020\/05\/feuille_soins_n16.pdf\" target=\"_blank\" rel=\"noopener noreferrer\">T\u00e9l\u00e9charger la feuille de soins num\u00e9ro 16 &#8211; F\u00e9vrier 2020<\/a><br \/>\n<a href=\"https:\/\/tarn.lpo.fr\/wp-content\/uploads\/2019\/03\/feuille_soins_n15.pdf\" target=\"_blank\" rel=\"noopener noreferrer\">T\u00e9l\u00e9charger la feuille de soins num\u00e9ro 15 &#8211; Janvier 2019<\/a><br \/>\n<a href=\"https:\/\/tarn.lpo.fr\/wp-content\/uploads\/2019\/03\/feuille_soins_n14.pdf\" target=\"_blank\" rel=\"noopener noreferrer\">T\u00e9l\u00e9charger la feuille de soins num\u00e9ro 14 &#8211; Janvier 2018<\/a><br \/>\n<a href=\"https:\/\/tarn.lpo.fr\/wp-content\/uploads\/2019\/03\/feuille_soins_n13.pdf\" target=\"_blank\" rel=\"noopener noreferrer\">T\u00e9l\u00e9charger la feuille de soins num\u00e9ro 13 &#8211; Janvier 2017<\/a><br \/>\n<a href=\"https:\/\/tarn.lpo.fr\/wp-content\/uploads\/2019\/03\/feuille_soins_n12.pdf\" target=\"_blank\" rel=\"noopener noreferrer\">T\u00e9l\u00e9charger la feuille de soins num\u00e9ro 12 &#8211; Janvier 2016<\/a><br \/>\n<a href=\"https:\/\/tarn.lpo.fr\/wp-content\/uploads\/2019\/03\/feuille_soins_n11.pdf\" target=\"_blank\" rel=\"noopener noreferrer\">T\u00e9l\u00e9charger la feuille de soins num\u00e9ro 11 &#8211; Janvier 2015<\/a><br \/>\n<a href=\"https:\/\/tarn.lpo.fr\/wp-content\/uploads\/2019\/03\/feuille_soins_n10.pdf\" target=\"_blank\" rel=\"noopener noreferrer\">T\u00e9l\u00e9charger la feuille de soins num\u00e9ro 10 &#8211; Janvier 2014<\/a><br \/>\n<a href=\"https:\/\/tarn.lpo.fr\/wp-content\/uploads\/2019\/03\/feuille_soins_n9.pdf\" target=\"_blank\" rel=\"noopener noreferrer\">T\u00e9l\u00e9charger la feuille de soins num\u00e9ro 09 &#8211; Janvier 2013<\/a><br \/>\n<a href=\"https:\/\/tarn.lpo.fr\/wp-content\/uploads\/2019\/03\/feuille_soins_n8.pdf\" target=\"_blank\" rel=\"noopener noreferrer\">T\u00e9l\u00e9charger la feuille de soins num\u00e9ro 08 &#8211; Janvier 2012<\/a><br \/>\n<a href=\"https:\/\/tarn.lpo.fr\/wp-content\/uploads\/2019\/03\/feuille_soins_n7.pdf\" target=\"_blank\" rel=\"noopener noreferrer\">T\u00e9l\u00e9charger la feuille de soins num\u00e9ro 07 &#8211; Janvier 2011<\/a><br \/>\n<a href=\"https:\/\/tarn.lpo.fr\/wp-content\/uploads\/2019\/03\/feuille_soins_n6.pdf\" target=\"_blank\" rel=\"noopener noreferrer\">T\u00e9l\u00e9charger la feuille de soins num\u00e9ro 06 &#8211; F\u00e9vrier 2010<\/a><br \/>\n<a href=\"https:\/\/tarn.lpo.fr\/wp-content\/uploads\/2019\/03\/feuille_soins_n5.pdf\" target=\"_blank\" rel=\"noopener noreferrer\">T\u00e9l\u00e9charger la feuille de soins num\u00e9ro 05 &#8211; F\u00e9vrier 2009<\/a><br \/>\n<a href=\"https:\/\/tarn.lpo.fr\/wp-content\/uploads\/2019\/03\/feuille_soins_n4.pdf\" target=\"_blank\" rel=\"noopener noreferrer\">T\u00e9l\u00e9charger la feuille de soins num\u00e9ro 04 &#8211; F\u00e9vrier 2008<\/a><\/p>\n","protected":false},"excerpt":{"rendered":"<p>Les feuilles de soin pr\u00e9sentent les bilans, par ann\u00e9e, des sollicitations et des diff\u00e9rents accueils au centre de soins. Vous pouvez les consulter ci-dessous : Les bilans du centre de soins tarnais de l&rsquo;avifaune sauvage T\u00e9l\u00e9charger la feuille de soins num\u00e9ro 22 &#8211; Mars 2026 T\u00e9l\u00e9charger la feuille de soins num\u00e9ro 21 &#8211; F\u00e9vrier 2025 &hellip; <\/p>\n<p><a class=\"more-link btn\" href=\"https:\/\/tarn.lpo.fr\/?page_id=9862\">Lire la suite<\/a><\/p>\n","protected":false},"author":12,"featured_media":0,"parent":312,"menu_order":2,"comment_status":"closed","ping_status":"closed","template":"","meta":{"ngg_post_thumbnail":0,"footnotes":""},"class_list":["post-9862","page","type-page","status-publish","hentry","nodate","item-wrap"],"_links":{"self":[{"href":"https:\/\/tarn.lpo.fr\/index.php?rest_route=\/wp\/v2\/pages\/9862","targetHints":{"allow":["GET"]}}],"collection":[{"href":"https:\/\/tarn.lpo.fr\/index.php?rest_route=\/wp\/v2\/pages"}],"about":[{"href":"https:\/\/tarn.lpo.fr\/index.php?rest_route=\/wp\/v2\/types\/page"}],"author":[{"embeddable":true,"href":"https:\/\/tarn.lpo.fr\/index.php?rest_route=\/wp\/v2\/users\/12"}],"replies":[{"embeddable":true,"href":"https:\/\/tarn.lpo.fr\/index.php?rest_route=%2Fwp%2Fv2%2Fcomments&post=9862"}],"version-history":[{"count":0,"href":"https:\/\/tarn.lpo.fr\/index.php?rest_route=\/wp\/v2\/pages\/9862\/revisions"}],"up":[{"embeddable":true,"href":"https:\/\/tarn.lpo.fr\/index.php?rest_route=\/wp\/v2\/pages\/312"}],"wp:attachment":[{"href":"https:\/\/tarn.lpo.fr\/index.php?rest_route=%2Fwp%2Fv2%2Fmedia&parent=9862"}],"curies":[{"name":"wp","href":"https:\/\/api.w.org\/{rel}","templated":true}]}}