{"id":9866,"date":"2024-06-22T15:04:12","date_gmt":"2024-06-22T15:04:12","guid":{"rendered":"https:\/\/tarn.lpo.fr\/?page_id=9866"},"modified":"2025-04-11T14:36:35","modified_gmt":"2025-04-11T14:36:35","slug":"vous-engager-a-nos-cotes","status":"publish","type":"page","link":"https:\/\/tarn.lpo.fr\/?page_id=9866","title":{"rendered":"Devenez b\u00e9n\u00e9vole rapatrieur \u00e0 la LPO !"},"content":{"rendered":"<p><img loading=\"lazy\" decoding=\"async\" class=\"aligncenter\" src=\"https:\/\/www.lpo.fr\/var\/site\/storage\/images\/7\/9\/6\/9\/369697-1-fre-FR\/Sans titre(1).jpg\" alt=\"\" width=\"357\" height=\"203\"><\/p>\n<p><span style=\"font-size: 18px;\"><strong>Vous souhaitez vous investir dans la sauvegarde de la faune en d\u00e9tresse ?<\/strong><\/span><\/p>\n<p>\u00catre b\u00e9n\u00e9vole rapatrieur \u00e0 la LPO \u00e9quivaut \u00e0 \u00eatre ambulancier pour les oiseaux sauvages. \u00c0 l&rsquo;aide de son v\u00e9hicule personnel, le b\u00e9n\u00e9vole intervient selon ses disponibilit\u00e9s et son secteur d&rsquo;activit\u00e9. Si besoin, il peut joindre notre \u00e9quipe qui se tient \u00e0 sa disposition. Il assure les trajets entre le lieu de d\u00e9couverte et les cliniques v\u00e9t\u00e9rinaires partenaires (points relais), un point sur la route pour qu\u2019un autre b\u00e9n\u00e9vole termine le trajet, ou m\u00eame jusqu\u2019au centre de soins.<\/p>\n<p><img loading=\"lazy\" decoding=\"async\" class=\"wp-image-11708 aligncenter\" src=\"https:\/\/tarn.lpo.fr\/wp-content\/uploads\/2025\/04\/Devenez-benevole-RAPATRIEUR-300x169.png\" alt=\"\" width=\"405\" height=\"228\" srcset=\"https:\/\/tarn.lpo.fr\/wp-content\/uploads\/2025\/04\/Devenez-benevole-RAPATRIEUR-300x169.png 300w, https:\/\/tarn.lpo.fr\/wp-content\/uploads\/2025\/04\/Devenez-benevole-RAPATRIEUR-1024x576.png 1024w, https:\/\/tarn.lpo.fr\/wp-content\/uploads\/2025\/04\/Devenez-benevole-RAPATRIEUR-768x432.png 768w, https:\/\/tarn.lpo.fr\/wp-content\/uploads\/2025\/04\/Devenez-benevole-RAPATRIEUR-652x367.png 652w, https:\/\/tarn.lpo.fr\/wp-content\/uploads\/2025\/04\/Devenez-benevole-RAPATRIEUR.png 1280w\" sizes=\"auto, (max-width: 405px) 100vw, 405px\" \/><\/p>\n<p>Voyagez utile et accompagn\u00e9 : tous les trajets sont importants ! Cette mission peut s\u2019effectuer lors de vos trajets habituels quotidiens, hebdomadaires ou ponctuels (votre lieu de travail, d\u2019activit\u00e9s personnels&#8230;).<\/p>\n<p style=\"text-align: justify;\"><img loading=\"lazy\" decoding=\"async\" class=\"alignleft wp-image-9886\" src=\"https:\/\/tarn.lpo.fr\/wp-content\/uploads\/2024\/06\/Grand-Duc-300x225.jpg\" alt=\"\" width=\"320\" height=\"240\" srcset=\"https:\/\/tarn.lpo.fr\/wp-content\/uploads\/2024\/06\/Grand-Duc-300x225.jpg 300w, https:\/\/tarn.lpo.fr\/wp-content\/uploads\/2024\/06\/Grand-Duc-768x576.jpg 768w, https:\/\/tarn.lpo.fr\/wp-content\/uploads\/2024\/06\/Grand-Duc-652x489.jpg 652w, https:\/\/tarn.lpo.fr\/wp-content\/uploads\/2024\/06\/Grand-Duc.jpg 960w\" sizes=\"auto, (max-width: 320px) 100vw, 320px\" \/>Sauf exception, il ne capture pas et ne manipule pas les oiseaux qui sont d\u00e9j\u00e0 plac\u00e9s dans un carton par le d\u00e9couvreur ou le point relais. Il re\u00e7oit les consignes d\u00e9taillant les bonnes pratiques pour transporter ces derniers en toute s\u00e9curit\u00e9, et peut \u00e9galement suivre une formation propos\u00e9e en visio.<\/p>\n<p><em>Ci-contre : Grand-Duc d&rsquo;Europe<\/em><\/p>\n<p style=\"text-align: justify;\">Un re\u00e7u pour d\u00e9duction fiscale, calcul\u00e9e \u00e0 partir d\u2019un bar\u00e8me kilom\u00e9trique pour remboursement de vos frais de transport, peut vous \u00eatre d\u00e9livr\u00e9 sur demande en fin d\u2019ann\u00e9e. Une d\u00e9duction fiscale \u00e0 hauteur des kilom\u00e8tres parcourus et du temps pass\u00e9 sur la route sera remise en fin d&rsquo;ann\u00e9e.<\/p>\n<p style=\"text-align: justify;\">Pour devenir rapatrieur rien de plus simple ! Il suffit de vous inscrire. La LPO Occitanie-Tarn reviendra vers vous pour enregistrer vos trajets, votre secteur d\u2019intervention et vos disponibilit\u00e9s.<\/p>\n<p style=\"text-align: justify;\">Pour vous inscrire, envoyez un mail \u00e0 : <a href=\"mailto:mediation.tarn@lpo.fr\">mediation.tarn@lpo.fr<\/a><\/p>\n<div style=\"width: 652px;\" class=\"wp-video\"><video class=\"wp-video-shortcode\" id=\"video-9866-1\" width=\"652\" height=\"367\" preload=\"metadata\" controls=\"controls\"><source type=\"video\/mp4\" src=\"https:\/\/tarn.lpo.fr\/wp-content\/uploads\/2024\/09\/video-DEVENEZ-BENEVOLE-RAPATRIEUR-A-LA-LPO-1.mp4?_=1\" \/><a href=\"https:\/\/tarn.lpo.fr\/wp-content\/uploads\/2024\/09\/video-DEVENEZ-BENEVOLE-RAPATRIEUR-A-LA-LPO-1.mp4\">https:\/\/tarn.lpo.fr\/wp-content\/uploads\/2024\/09\/video-DEVENEZ-BENEVOLE-RAPATRIEUR-A-LA-LPO-1.mp4<\/a><\/video><\/div>\n<p>&nbsp;<\/p>\n","protected":false},"excerpt":{"rendered":"<p>Vous souhaitez vous investir dans la sauvegarde de la faune en d\u00e9tresse ? \u00catre b\u00e9n\u00e9vole rapatrieur \u00e0 la LPO \u00e9quivaut \u00e0 \u00eatre ambulancier pour les oiseaux sauvages. \u00c0 l&rsquo;aide de son v\u00e9hicule personnel, le b\u00e9n\u00e9vole intervient selon ses disponibilit\u00e9s et son secteur d&rsquo;activit\u00e9. Si besoin, il peut joindre notre \u00e9quipe qui se tient \u00e0 sa &hellip; <\/p>\n<p><a class=\"more-link btn\" href=\"https:\/\/tarn.lpo.fr\/?page_id=9866\">Lire la suite<\/a><\/p>\n","protected":false},"author":12,"featured_media":0,"parent":312,"menu_order":3,"comment_status":"closed","ping_status":"closed","template":"","meta":{"ngg_post_thumbnail":0,"footnotes":""},"class_list":["post-9866","page","type-page","status-publish","hentry","nodate","item-wrap"],"_links":{"self":[{"href":"https:\/\/tarn.lpo.fr\/index.php?rest_route=\/wp\/v2\/pages\/9866","targetHints":{"allow":["GET"]}}],"collection":[{"href":"https:\/\/tarn.lpo.fr\/index.php?rest_route=\/wp\/v2\/pages"}],"about":[{"href":"https:\/\/tarn.lpo.fr\/index.php?rest_route=\/wp\/v2\/types\/page"}],"author":[{"embeddable":true,"href":"https:\/\/tarn.lpo.fr\/index.php?rest_route=\/wp\/v2\/users\/12"}],"replies":[{"embeddable":true,"href":"https:\/\/tarn.lpo.fr\/index.php?rest_route=%2Fwp%2Fv2%2Fcomments&post=9866"}],"version-history":[{"count":0,"href":"https:\/\/tarn.lpo.fr\/index.php?rest_route=\/wp\/v2\/pages\/9866\/revisions"}],"up":[{"embeddable":true,"href":"https:\/\/tarn.lpo.fr\/index.php?rest_route=\/wp\/v2\/pages\/312"}],"wp:attachment":[{"href":"https:\/\/tarn.lpo.fr\/index.php?rest_route=%2Fwp%2Fv2%2Fmedia&parent=9866"}],"curies":[{"name":"wp","href":"https:\/\/api.w.org\/{rel}","templated":true}]}}